{"id":770933,"date":"2025-08-28T14:47:44","date_gmt":"2025-08-28T11:47:44","guid":{"rendered":"https:\/\/roveyayinevi.com.tr\/index.php\/urun\/berserk-7\/"},"modified":"2026-04-15T03:37:15","modified_gmt":"2026-04-15T00:37:15","slug":"berserk-7","status":"publish","type":"product","link":"https:\/\/roveyayinevi.com.tr\/index.php\/urun\/berserk-7\/","title":{"rendered":"Berserk 7"},"content":{"rendered":"<p>Dostluk, hayaller ve h\u0131rslar&#8230; Her bir gencin birbirinden farkl\u0131 ideallerinin kesi\u015fti\u011fi noktada Midland Ordusu ve \u015eahin Ekibi, d\u00fc\u015fman \u00fclke Chuder\u2019a diz \u00e7\u00f6kt\u00fcrmek i\u00e7in sefere \u00e7\u0131kar. Sava\u015f meydan\u0131nda dostlar\u0131ndan ayr\u0131lan ve ormanda bir\u00e7ok d\u00fc\u015fman asker taraf\u0131ndan \u00e7evrelenen Guts ve Casca, birbirleriyle y\u00fczle\u015fir. \u0130kisinin ilerledi\u011fi yoldaki engellerden biri, ele ge\u00e7irilemeyece\u011fi s\u00f6ylenen Doldrey Kalesi\u2019dir&#8230; Alt\u0131n \u00c7a\u011f\u2019da heyecan giderek art\u0131yor!&#8230; <\/p>\n","protected":false},"excerpt":{"rendered":"<p>Dostluk, hayaller ve h\u0131rslar&#8230; Her bir gencin birbirinden farkl\u0131 ideallerinin kesi\u015fti\u011fi noktada Midland Ordusu ve \u015eahin Ekibi, d\u00fc\u015fman \u00fclke Chuder\u2019a diz \u00e7\u00f6kt\u00fcrmek i\u00e7in sefere \u00e7\u0131kar. Sava\u015f<span class=\"excerpt-hellip\"> [\u2026]<\/span><\/p>\n","protected":false},"featured_media":0,"template":"","meta":{"_monsterinsights_skip_tracking":false,"_monsterinsights_sitenote_active":false,"_monsterinsights_sitenote_note":"","_monsterinsights_sitenote_category":0},"product_brand":[],"product_cat":[12416,12291],"product_tag":[],"class_list":{"0":"post-770933","1":"product","2":"type-product","3":"status-publish","5":"product_cat-cizgi-roman","6":"product_cat-edebiyat","7":"pa_cilt-ciltsiz","8":"pa_tur-kitap","9":"pa_yayinevi-athica-yayinlari","10":"pa_yazar-kentaro-miura","12":"first","13":"instock","14":"sale","15":"shipping-taxable","16":"purchasable","17":"product-type-simple"},"_links":{"self":[{"href":"https:\/\/roveyayinevi.com.tr\/index.php\/wp-json\/wp\/v2\/product\/770933","targetHints":{"allow":["GET"]}}],"collection":[{"href":"https:\/\/roveyayinevi.com.tr\/index.php\/wp-json\/wp\/v2\/product"}],"about":[{"href":"https:\/\/roveyayinevi.com.tr\/index.php\/wp-json\/wp\/v2\/types\/product"}],"wp:attachment":[{"href":"https:\/\/roveyayinevi.com.tr\/index.php\/wp-json\/wp\/v2\/media?parent=770933"}],"wp:term":[{"taxonomy":"product_brand","embeddable":true,"href":"https:\/\/roveyayinevi.com.tr\/index.php\/wp-json\/wp\/v2\/product_brand?post=770933"},{"taxonomy":"product_cat","embeddable":true,"href":"https:\/\/roveyayinevi.com.tr\/index.php\/wp-json\/wp\/v2\/product_cat?post=770933"},{"taxonomy":"product_tag","embeddable":true,"href":"https:\/\/roveyayinevi.com.tr\/index.php\/wp-json\/wp\/v2\/product_tag?post=770933"}],"curies":[{"name":"wp","href":"https:\/\/api.w.org\/{rel}","templated":true}]}}