{"id":770932,"date":"2025-08-28T14:47:42","date_gmt":"2025-08-28T11:47:42","guid":{"rendered":"https:\/\/roveyayinevi.com.tr\/index.php\/urun\/kadin-ve-kedi\/"},"modified":"2026-04-15T03:37:15","modified_gmt":"2026-04-15T00:37:15","slug":"kadin-ve-kedi","status":"publish","type":"product","link":"https:\/\/roveyayinevi.com.tr\/index.php\/urun\/kadin-ve-kedi\/","title":{"rendered":"Kad\u0131n ve Kedi"},"content":{"rendered":"<p>D\u00f6rt Kad\u0131n, D\u00f6rt Kedi ve D\u00f6rt Hayat   Kald\u0131r\u0131m\u0131n kenar\u0131nda \u00e7aresizce yatm\u0131\u015f, sa\u011fanak ya\u011fmurun alt\u0131nda yere d\u00fc\u015fen damlalar\u0131 seyrediyordu&#8230; \u0130\u00e7ine s\u0131\u011f\u0131nd\u0131\u011f\u0131 bu karton kutuya nas\u0131l terk edildi\u011fini bile bilmiyor, umursamaz kalabal\u0131\u011f\u0131n ayak seslerini dinliyordu. Ta ki o kalabal\u0131ktan biri onu fark edene kadar&#8230;   \u201cOnun, benim ve d\u00fcnyan\u0131n kalpleri birle\u015fmi\u015f, birlikte at\u0131yordu. O g\u00fcn beni evine ald\u0131. Ben, art\u0131k onun kedisiydim.\u201d   D\u00f6rt kad\u0131n ve d\u00f6rt kedinin birle\u015fen yazg\u0131lar\u0131n\u0131n hik\u00e2yesi. Sahiplerinin hayat\u0131na dokunup, onlar\u0131n yaln\u0131zl\u0131klar\u0131n\u0131 gideren kedilerin i\u00e7 d\u00fcnyalar\u0131na ses veren d\u00f6rt \u00f6yk\u00fc.   Makoto Shinkai ve Naruki Nagakawa\u2019n\u0131n Japonya\u2019da \u00e7ok sat\u0131lan kitab\u0131 Kad\u0131n ve Kedi art\u0131k sizlerle. <\/p>\n","protected":false},"excerpt":{"rendered":"<p>D\u00f6rt Kad\u0131n, D\u00f6rt Kedi ve D\u00f6rt Hayat Kald\u0131r\u0131m\u0131n kenar\u0131nda \u00e7aresizce yatm\u0131\u015f, sa\u011fanak ya\u011fmurun alt\u0131nda yere d\u00fc\u015fen damlalar\u0131 seyrediyordu&#8230; \u0130\u00e7ine s\u0131\u011f\u0131nd\u0131\u011f\u0131 bu karton kutuya nas\u0131l terk edildi\u011fini<span class=\"excerpt-hellip\"> [\u2026]<\/span><\/p>\n","protected":false},"featured_media":0,"template":"","meta":{"_monsterinsights_skip_tracking":false,"_monsterinsights_sitenote_active":false,"_monsterinsights_sitenote_note":"","_monsterinsights_sitenote_category":0},"product_brand":[],"product_cat":[12291,12711],"product_tag":[],"class_list":{"0":"post-770932","1":"product","2":"type-product","3":"status-publish","5":"product_cat-edebiyat","6":"product_cat-roman-oyku","7":"pa_cilt-ciltsiz","8":"pa_tur-kitap","9":"pa_yayinevi-athica-yayinlari","10":"pa_yazar-makoto-shinkai-naruki-nagakawa","12":"first","13":"instock","14":"sale","15":"shipping-taxable","16":"purchasable","17":"product-type-simple"},"_links":{"self":[{"href":"https:\/\/roveyayinevi.com.tr\/index.php\/wp-json\/wp\/v2\/product\/770932","targetHints":{"allow":["GET"]}}],"collection":[{"href":"https:\/\/roveyayinevi.com.tr\/index.php\/wp-json\/wp\/v2\/product"}],"about":[{"href":"https:\/\/roveyayinevi.com.tr\/index.php\/wp-json\/wp\/v2\/types\/product"}],"wp:attachment":[{"href":"https:\/\/roveyayinevi.com.tr\/index.php\/wp-json\/wp\/v2\/media?parent=770932"}],"wp:term":[{"taxonomy":"product_brand","embeddable":true,"href":"https:\/\/roveyayinevi.com.tr\/index.php\/wp-json\/wp\/v2\/product_brand?post=770932"},{"taxonomy":"product_cat","embeddable":true,"href":"https:\/\/roveyayinevi.com.tr\/index.php\/wp-json\/wp\/v2\/product_cat?post=770932"},{"taxonomy":"product_tag","embeddable":true,"href":"https:\/\/roveyayinevi.com.tr\/index.php\/wp-json\/wp\/v2\/product_tag?post=770932"}],"curies":[{"name":"wp","href":"https:\/\/api.w.org\/{rel}","templated":true}]}}