{"id":770931,"date":"2025-08-28T14:47:40","date_gmt":"2025-08-28T11:47:40","guid":{"rendered":"https:\/\/roveyayinevi.com.tr\/index.php\/urun\/berserk-8\/"},"modified":"2026-04-15T03:37:15","modified_gmt":"2026-04-15T00:37:15","slug":"berserk-8","status":"publish","type":"product","link":"https:\/\/roveyayinevi.com.tr\/index.php\/urun\/berserk-8\/","title":{"rendered":"Berserk 8"},"content":{"rendered":"<p>Doldrey Sava\u015f\u0131 sonlan\u0131r! \u015eahin Ekibi\u2019nden Griffith, zaferin kazan\u0131lmas\u0131nda b\u00fcy\u00fck bir rol oynar. \u015eimdi onlar\u0131, Midland Hanedan\u0131 ile soylular\u0131 aras\u0131ndaki g\u00fc\u00e7 m\u00fccadeleleri ve entrikalar beklemektedir. Griffith\u2019in tutkusu, Casca\u2019n\u0131n hisleri ve Guts\u2019\u0131n amac\u0131 nedir? Bunlar\u0131 kendileri bile bilmemekte&#8230; Gen\u00e7lerin her biri kendi yollar\u0131nda ilerlerken Guts bir karara var\u0131r. Gen\u00e7li\u011fin \u0131\u015f\u0131\u011f\u0131 ve g\u00f6lgesi alt\u0131nda ilmek ilmek \u00f6r\u00fclen Alt\u0131n \u00c7a\u011f!&#8230; <\/p>\n","protected":false},"excerpt":{"rendered":"<p>Doldrey Sava\u015f\u0131 sonlan\u0131r! \u015eahin Ekibi\u2019nden Griffith, zaferin kazan\u0131lmas\u0131nda b\u00fcy\u00fck bir rol oynar. \u015eimdi onlar\u0131, Midland Hanedan\u0131 ile soylular\u0131 aras\u0131ndaki g\u00fc\u00e7 m\u00fccadeleleri ve entrikalar beklemektedir. Griffith\u2019in tutkusu,<span class=\"excerpt-hellip\"> [\u2026]<\/span><\/p>\n","protected":false},"featured_media":0,"template":"","meta":{"_monsterinsights_skip_tracking":false,"_monsterinsights_sitenote_active":false,"_monsterinsights_sitenote_note":"","_monsterinsights_sitenote_category":0},"product_brand":[],"product_cat":[12416,12291],"product_tag":[],"class_list":{"0":"post-770931","1":"product","2":"type-product","3":"status-publish","5":"product_cat-cizgi-roman","6":"product_cat-edebiyat","7":"pa_cilt-ciltsiz","8":"pa_tur-kitap","9":"pa_yayinevi-athica-yayinlari","10":"pa_yazar-kentaro-miura","12":"first","13":"instock","14":"sale","15":"shipping-taxable","16":"purchasable","17":"product-type-simple"},"_links":{"self":[{"href":"https:\/\/roveyayinevi.com.tr\/index.php\/wp-json\/wp\/v2\/product\/770931","targetHints":{"allow":["GET"]}}],"collection":[{"href":"https:\/\/roveyayinevi.com.tr\/index.php\/wp-json\/wp\/v2\/product"}],"about":[{"href":"https:\/\/roveyayinevi.com.tr\/index.php\/wp-json\/wp\/v2\/types\/product"}],"wp:attachment":[{"href":"https:\/\/roveyayinevi.com.tr\/index.php\/wp-json\/wp\/v2\/media?parent=770931"}],"wp:term":[{"taxonomy":"product_brand","embeddable":true,"href":"https:\/\/roveyayinevi.com.tr\/index.php\/wp-json\/wp\/v2\/product_brand?post=770931"},{"taxonomy":"product_cat","embeddable":true,"href":"https:\/\/roveyayinevi.com.tr\/index.php\/wp-json\/wp\/v2\/product_cat?post=770931"},{"taxonomy":"product_tag","embeddable":true,"href":"https:\/\/roveyayinevi.com.tr\/index.php\/wp-json\/wp\/v2\/product_tag?post=770931"}],"curies":[{"name":"wp","href":"https:\/\/api.w.org\/{rel}","templated":true}]}}