{"id":770929,"date":"2025-08-28T14:47:36","date_gmt":"2025-08-28T11:47:36","guid":{"rendered":"https:\/\/roveyayinevi.com.tr\/index.php\/urun\/huzurlu-beyin\/"},"modified":"2026-04-15T03:37:15","modified_gmt":"2026-04-15T00:37:15","slug":"huzurlu-beyin","status":"publish","type":"product","link":"https:\/\/roveyayinevi.com.tr\/index.php\/urun\/huzurlu-beyin\/","title":{"rendered":"Huzurlu Beyin"},"content":{"rendered":"<p>BUG\u00dcNE KADAR Z\u0130HN\u0130N\u0130Z\u0130N ES\u0130R\u0130 M\u0130YD\u0130N\u0130Z? ARTIK KONTROL\u00dc EL\u0130N\u0130ZE ALMA ZAMANI!   Ger\u00e7ek huzur, sadece d\u0131\u015f ko\u015fullara m\u0131 ba\u011fl\u0131? Stresin ve endi\u015fenin alt\u0131nda ezilmeden daha mutlu ve yarat\u0131c\u0131 bir ya\u015fam s\u00fcrmek m\u00fcmk\u00fcn m\u00fc? Peki ya, beyninizi yeniden programlayarak hayat\u0131n\u0131z\u0131 k\u00f6kten de\u011fi\u015ftirebilece\u011finizi s\u00f6ylesek?   Huzurlu Beyin, bilimsel ara\u015ft\u0131rmalarla desteklenen tekniklerle, zihninizi nas\u0131l daha sakin, daha diren\u00e7li ve daha mutlu bir hale getirebilece\u011finizi g\u00f6steriyor. N\u00f6roplastisite sayesinde beyninizin de\u011fi\u015febilir oldu\u011funu ke\u015ffedecek, meditasyonun ve fark\u0131ndal\u0131\u011f\u0131n g\u00fcc\u00fcyle stresin kontrol\u00fcn\u00fc ele alacaks\u0131n\u0131z.   Dawson Church, Huzurlu Beyin kitab\u0131nda yaln\u0131zca teoriyle de\u011fil, ger\u00e7ek hayat hik\u00e2yeleri ve pratik uygulamalarla, beyninizi pozitif bir d\u00f6n\u00fc\u015f\u00fcm s\u00fcrecine sokman\u0131n s\u0131rlar\u0131n\u0131 payla\u015f\u0131yor. <\/p>\n","protected":false},"excerpt":{"rendered":"<p>BUG\u00dcNE KADAR Z\u0130HN\u0130N\u0130Z\u0130N ES\u0130R\u0130 M\u0130YD\u0130N\u0130Z? ARTIK KONTROL\u00dc EL\u0130N\u0130ZE ALMA ZAMANI! Ger\u00e7ek huzur, sadece d\u0131\u015f ko\u015fullara m\u0131 ba\u011fl\u0131? Stresin ve endi\u015fenin alt\u0131nda ezilmeden daha mutlu ve yarat\u0131c\u0131<span class=\"excerpt-hellip\"> [\u2026]<\/span><\/p>\n","protected":false},"featured_media":0,"template":"","meta":{"_monsterinsights_skip_tracking":false,"_monsterinsights_sitenote_active":false,"_monsterinsights_sitenote_note":"","_monsterinsights_sitenote_category":0},"product_brand":[],"product_cat":[12357],"product_tag":[],"class_list":{"0":"post-770929","1":"product","2":"type-product","3":"status-publish","5":"product_cat-psikoloji","6":"pa_cilt-ciltsiz","7":"pa_tur-kitap","8":"pa_yayinevi-destek-yayinlari","9":"pa_yazar-dawson-church","11":"first","12":"instock","13":"sale","14":"shipping-taxable","15":"purchasable","16":"product-type-simple"},"_links":{"self":[{"href":"https:\/\/roveyayinevi.com.tr\/index.php\/wp-json\/wp\/v2\/product\/770929","targetHints":{"allow":["GET"]}}],"collection":[{"href":"https:\/\/roveyayinevi.com.tr\/index.php\/wp-json\/wp\/v2\/product"}],"about":[{"href":"https:\/\/roveyayinevi.com.tr\/index.php\/wp-json\/wp\/v2\/types\/product"}],"wp:attachment":[{"href":"https:\/\/roveyayinevi.com.tr\/index.php\/wp-json\/wp\/v2\/media?parent=770929"}],"wp:term":[{"taxonomy":"product_brand","embeddable":true,"href":"https:\/\/roveyayinevi.com.tr\/index.php\/wp-json\/wp\/v2\/product_brand?post=770929"},{"taxonomy":"product_cat","embeddable":true,"href":"https:\/\/roveyayinevi.com.tr\/index.php\/wp-json\/wp\/v2\/product_cat?post=770929"},{"taxonomy":"product_tag","embeddable":true,"href":"https:\/\/roveyayinevi.com.tr\/index.php\/wp-json\/wp\/v2\/product_tag?post=770929"}],"curies":[{"name":"wp","href":"https:\/\/api.w.org\/{rel}","templated":true}]}}