{"id":770928,"date":"2025-08-28T14:47:34","date_gmt":"2025-08-28T11:47:34","guid":{"rendered":"https:\/\/roveyayinevi.com.tr\/index.php\/urun\/mesenin-muhtesem-dunyasi\/"},"modified":"2026-04-15T03:37:15","modified_gmt":"2026-04-15T00:37:15","slug":"mesenin-muhtesem-dunyasi","status":"publish","type":"product","link":"https:\/\/roveyayinevi.com.tr\/index.php\/urun\/mesenin-muhtesem-dunyasi\/","title":{"rendered":"Me\u015fenin Muhte\u015fem D\u00fcnyas\u0131"},"content":{"rendered":"<p>Kitab\u0131m\u0131z\u0131n ana kahraman\u0131, k\u00f6klerini yakla\u015f\u0131k \u00fc\u00e7 y\u00fcz y\u0131l \u00f6nce topra\u011fa salm\u0131\u015f ulu bir sapl\u0131 me\u015fe: Do\u011fan\u0131n sessiz bir tan\u0131\u011f\u0131, say\u0131s\u0131z canl\u0131n\u0131n s\u0131\u011f\u0131na\u011f\u0131. K\u00f6klerinden dallar\u0131na, yapraklar\u0131ndan g\u00f6vdesine her bir k\u00f6\u015fesinde ya\u015fam\u0131n filizlendi\u011fi bu devasa a\u011fa\u00e7, do\u011fan\u0131n mucizesini g\u00f6zler \u00f6n\u00fcne seriyor. Thomas M\u00fcller, Me\u015fenin Muhte\u015fem D\u00fcnyas\u0131\u2019nda, bu g\u00f6rkemli a\u011fac\u0131n etraf\u0131nda \u015fekillenen ya\u015fam\u0131 b\u00fcy\u00fcleyici bir dille anlat\u0131yor. Karacadan k\u0131z\u0131l tilkiye, alaca bayku\u015ftan geyikb\u00f6ce\u011fine pek \u00e7ok canl\u0131n\u0131n me\u015fenin kanatlar\u0131 alt\u0131nda s\u00fcrd\u00fcrd\u00fc\u011f\u00fc ya\u015famla tan\u0131\u015f\u0131yor, do\u011fadaki uyumun ve dengenin kusursuzlu\u011funa tan\u0131k oluyoruz. Ulu me\u015fenin b\u00fcy\u00fcleyici d\u00fcnyas\u0131na davetlisiniz. 8+<\/p>\n","protected":false},"excerpt":{"rendered":"<p>Kitab\u0131m\u0131z\u0131n ana kahraman\u0131, k\u00f6klerini yakla\u015f\u0131k \u00fc\u00e7 y\u00fcz y\u0131l \u00f6nce topra\u011fa salm\u0131\u015f ulu bir sapl\u0131 me\u015fe: Do\u011fan\u0131n sessiz bir tan\u0131\u011f\u0131, say\u0131s\u0131z canl\u0131n\u0131n s\u0131\u011f\u0131na\u011f\u0131. K\u00f6klerinden dallar\u0131na, yapraklar\u0131ndan g\u00f6vdesine<span class=\"excerpt-hellip\"> [\u2026]<\/span><\/p>\n","protected":false},"featured_media":0,"template":"","meta":{"_monsterinsights_skip_tracking":false,"_monsterinsights_sitenote_active":false,"_monsterinsights_sitenote_note":"","_monsterinsights_sitenote_category":0},"product_brand":[],"product_cat":[13829,12274],"product_tag":[],"class_list":{"0":"post-770928","1":"product","2":"type-product","3":"status-publish","5":"product_cat-bilimsel-kitaplar","6":"product_cat-cocuk-ve-genclik-kitaplari","7":"pa_cilt-ciltsiz","8":"pa_tur-kitap","9":"pa_yayinevi-kuraldisi-yayinevi","10":"pa_yazar-thomas-muller","12":"first","13":"instock","14":"sale","15":"shipping-taxable","16":"purchasable","17":"product-type-simple"},"_links":{"self":[{"href":"https:\/\/roveyayinevi.com.tr\/index.php\/wp-json\/wp\/v2\/product\/770928","targetHints":{"allow":["GET"]}}],"collection":[{"href":"https:\/\/roveyayinevi.com.tr\/index.php\/wp-json\/wp\/v2\/product"}],"about":[{"href":"https:\/\/roveyayinevi.com.tr\/index.php\/wp-json\/wp\/v2\/types\/product"}],"wp:attachment":[{"href":"https:\/\/roveyayinevi.com.tr\/index.php\/wp-json\/wp\/v2\/media?parent=770928"}],"wp:term":[{"taxonomy":"product_brand","embeddable":true,"href":"https:\/\/roveyayinevi.com.tr\/index.php\/wp-json\/wp\/v2\/product_brand?post=770928"},{"taxonomy":"product_cat","embeddable":true,"href":"https:\/\/roveyayinevi.com.tr\/index.php\/wp-json\/wp\/v2\/product_cat?post=770928"},{"taxonomy":"product_tag","embeddable":true,"href":"https:\/\/roveyayinevi.com.tr\/index.php\/wp-json\/wp\/v2\/product_tag?post=770928"}],"curies":[{"name":"wp","href":"https:\/\/api.w.org\/{rel}","templated":true}]}}