{"id":770925,"date":"2025-08-28T14:47:28","date_gmt":"2025-08-28T11:47:28","guid":{"rendered":"https:\/\/roveyayinevi.com.tr\/index.php\/urun\/kan-kardesi\/"},"modified":"2026-04-15T03:37:14","modified_gmt":"2026-04-15T00:37:14","slug":"kan-kardesi","status":"publish","type":"product","link":"https:\/\/roveyayinevi.com.tr\/index.php\/urun\/kan-kardesi\/","title":{"rendered":"Kan Karde\u015fi"},"content":{"rendered":"<p>De\u011fi\u015fen tek \u015fey, birbiri ile kan daval\u0131 iki siyasi kutbun, ad\u0131na sa\u011f-sol kavgas\u0131 denen silahl\u0131 \u00e7at\u0131\u015fmalar\u0131 sonucu kana bulanan sokaklar\u0131n rengiydi. Ankara ayn\u0131 Ankara\u2019yd\u0131, sadece bir s\u00fcredir sokaklar\u0131 k\u0131rm\u0131z\u0131yd\u0131. Bah\u00e7elievler\u2019den gelmezse Cebeci\u2019den geliyordu bir \u00f6l\u00fcm haberi. \u00c7ankaya\u2019da vurulmam\u0131\u015fsa biri, Ayd\u0131nl\u0131kevler\u2019de bir soka\u011f\u0131n kuytusunda yat\u0131yordu bir ba\u015fkas\u0131n\u0131n cans\u0131z bedeni. \u0130leride patlayan, bir araban\u0131n egzozu muydu, namlusunu terk eden bir merminin sessizli\u011fi b\u00f6len sesi mi, en keskin kulaklar bile ay\u0131rt edemez olmu\u015ftu. Her an her \u015fey olabilirdi, nitekim oldu. Kerem \u00d6zakman, 12 Eyl\u00fcl 1980 Darbesi\u2019nden \u00f6nceki y\u0131llarda T\u00fcrkiye\u2019deki sa\u011f-sol b\u00f6l\u00fcnmesini eksen ald\u0131\u011f\u0131 &#8220;Kan Karde\u015fi&#8221; adl\u0131 roman\u0131yla kara mizah\u0131n en \u00e7arp\u0131c\u0131 \u00f6rneklerinden birini veriyor. Yazar kimi zaman buruk bir tebess\u00fcme, kimi zaman da \u00f6l\u00fcmle ve kay\u0131plarla y\u00fczle\u015fmenin ac\u0131s\u0131na, ya\u015fanm\u0131\u015fl\u0131\u011f\u0131n t\u00fcm samimiyetiyle sizi ortak ederken kalbinizi ele ge\u00e7iriyor. Roman, o g\u00fcnleri ya\u015fayanlar\u0131n hat\u0131ralar\u0131n\u0131 canland\u0131r\u0131rken, gen\u00e7 okurlar\u0131n yak\u0131n tarihimizin en \u00f6nemli d\u00f6n\u00fcm noktalar\u0131ndan birine tan\u0131kl\u0131k etmesini sa\u011flayarak 78 Ku\u015fa\u011f\u0131\u2019yla tan\u0131\u015fmas\u0131na f\u0131rsat tan\u0131yor. Kan Karde\u015fi, yaln\u0131zca politik ge\u00e7mi\u015fin izini s\u00fcrmekle yetinmiyor; dostluk, \u00e7at\u0131\u015fma, zaman\u0131n d\u00f6n\u00fc\u015ft\u00fcr\u00fcc\u00fc etkisi ve toplumsal belle\u011fin k\u0131r\u0131lganl\u0131\u011f\u0131 gibi evrensel temalar\u0131 da i\u015fliyor. Okuyucusunu d\u00fc\u015f\u00fcnd\u00fcr\u00fcyor, duyguland\u0131r\u0131yor ve kendi ge\u00e7mi\u015fiyle y\u00fczle\u015fmeye davet ediyor. <\/p>\n","protected":false},"excerpt":{"rendered":"<p>De\u011fi\u015fen tek \u015fey, birbiri ile kan daval\u0131 iki siyasi kutbun, ad\u0131na sa\u011f-sol kavgas\u0131 denen silahl\u0131 \u00e7at\u0131\u015fmalar\u0131 sonucu kana bulanan sokaklar\u0131n rengiydi. Ankara ayn\u0131 Ankara\u2019yd\u0131, sadece bir<span class=\"excerpt-hellip\"> [\u2026]<\/span><\/p>\n","protected":false},"featured_media":0,"template":"","meta":{"_monsterinsights_skip_tracking":false,"_monsterinsights_sitenote_active":false,"_monsterinsights_sitenote_note":"","_monsterinsights_sitenote_category":0},"product_brand":[],"product_cat":[12291,12711],"product_tag":[],"class_list":{"0":"post-770925","1":"product","2":"type-product","3":"status-publish","5":"product_cat-edebiyat","6":"product_cat-roman-oyku","7":"pa_cilt-ciltsiz","8":"pa_tur-kitap","9":"pa_yayinevi-bilgi-yayinevi","10":"pa_yazar-kerem-ozakman","12":"first","13":"instock","14":"sale","15":"shipping-taxable","16":"purchasable","17":"product-type-simple"},"_links":{"self":[{"href":"https:\/\/roveyayinevi.com.tr\/index.php\/wp-json\/wp\/v2\/product\/770925","targetHints":{"allow":["GET"]}}],"collection":[{"href":"https:\/\/roveyayinevi.com.tr\/index.php\/wp-json\/wp\/v2\/product"}],"about":[{"href":"https:\/\/roveyayinevi.com.tr\/index.php\/wp-json\/wp\/v2\/types\/product"}],"wp:attachment":[{"href":"https:\/\/roveyayinevi.com.tr\/index.php\/wp-json\/wp\/v2\/media?parent=770925"}],"wp:term":[{"taxonomy":"product_brand","embeddable":true,"href":"https:\/\/roveyayinevi.com.tr\/index.php\/wp-json\/wp\/v2\/product_brand?post=770925"},{"taxonomy":"product_cat","embeddable":true,"href":"https:\/\/roveyayinevi.com.tr\/index.php\/wp-json\/wp\/v2\/product_cat?post=770925"},{"taxonomy":"product_tag","embeddable":true,"href":"https:\/\/roveyayinevi.com.tr\/index.php\/wp-json\/wp\/v2\/product_tag?post=770925"}],"curies":[{"name":"wp","href":"https:\/\/api.w.org\/{rel}","templated":true}]}}