{"id":770924,"date":"2025-08-28T14:47:27","date_gmt":"2025-08-28T11:47:27","guid":{"rendered":"https:\/\/roveyayinevi.com.tr\/index.php\/urun\/karanlik-buyuk-hikayeler-2\/"},"modified":"2026-04-15T03:37:14","modified_gmt":"2026-04-15T00:37:14","slug":"karanlik-buyuk-hikayeler-2","status":"publish","type":"product","link":"https:\/\/roveyayinevi.com.tr\/index.php\/urun\/karanlik-buyuk-hikayeler-2\/","title":{"rendered":"Karanl\u0131k B\u00fcy\u00fck Hikayeler"},"content":{"rendered":"<p>Sa\u011flam iradeli, cesur, tutkulu ve muhalif ama ayn\u0131 zamanda tavizsiz, gu\u0308vensiz ve saplant\u0131l\u0131. Mary Shelley, anla\u015f\u0131lmas\u0131 zor biriydi ama muazzam bir yetene\u011fe sahipti. Tu\u0308m zamanlar\u0131n en ikonik romanlar\u0131ndan biri olan \u201cFrankenstein\u201d\u0131 yazd\u0131 ve s\u0131ra d\u0131\u015f\u0131, f\u0131rt\u0131nalarla dolu bir hayat ya\u015fad\u0131. Bu, 220 y\u0131l \u00f6nce, hamile bir gen\u00e7 k\u0131z\u0131n evden ka\u00e7\u0131p edebiyat\u0131n \u00f6lu\u0308msu\u0308z y\u0131ld\u0131zlar\u0131ndan birine d\u00f6nu\u0308\u015fmesinin hik\u00e2yesi. Ve ayn\u0131 zamanda, gu\u0308ne\u015fin unuttu\u011fu bir yazda, bir kad\u0131n\u0131n korkuyu yeniden ke\u015ffederek du\u0308nyan\u0131n en u\u0308rku\u0308tu\u0308cu\u0308 canavarlar\u0131ndan birini yaratmas\u0131n\u0131n&#8230; Hem edebi bir ba\u015fyap\u0131t\u0131n do\u011fu\u015funu hem de tutku, trajedi ve dehan\u0131n kesi\u015fti\u011fi bir ya\u015fam\u0131 anlatan bu hik\u00e2ye, sizi Mary Shelley\u2019nin f\u0131rt\u0131nal\u0131 du\u0308nyas\u0131na su\u0308ru\u0308kleyecek. TAR\u0130H\u0130N SAYFALARI OKUL K\u0130TAPLARININ ANLATTIKLARINDAN KES\u0130NL\u0130KLE DAHA KARANLIKTIR<\/p>\n","protected":false},"excerpt":{"rendered":"<p>Sa\u011flam iradeli, cesur, tutkulu ve muhalif ama ayn\u0131 zamanda tavizsiz, gu\u0308vensiz ve saplant\u0131l\u0131. Mary Shelley, anla\u015f\u0131lmas\u0131 zor biriydi ama muazzam bir yetene\u011fe sahipti. Tu\u0308m zamanlar\u0131n en<span class=\"excerpt-hellip\"> [\u2026]<\/span><\/p>\n","protected":false},"featured_media":0,"template":"","meta":{"_monsterinsights_skip_tracking":false,"_monsterinsights_sitenote_active":false,"_monsterinsights_sitenote_note":"","_monsterinsights_sitenote_category":0},"product_brand":[],"product_cat":[12291,14777],"product_tag":[],"class_list":{"0":"post-770924","1":"product","2":"type-product","3":"status-publish","5":"product_cat-edebiyat","6":"product_cat-fantastik","7":"pa_cilt-ciltsiz","8":"pa_tur-kitap","9":"pa_yayinevi-artemis-yayinlari","10":"pa_yazar-paola-cantatore","12":"first","13":"instock","14":"sale","15":"shipping-taxable","16":"purchasable","17":"product-type-simple"},"_links":{"self":[{"href":"https:\/\/roveyayinevi.com.tr\/index.php\/wp-json\/wp\/v2\/product\/770924","targetHints":{"allow":["GET"]}}],"collection":[{"href":"https:\/\/roveyayinevi.com.tr\/index.php\/wp-json\/wp\/v2\/product"}],"about":[{"href":"https:\/\/roveyayinevi.com.tr\/index.php\/wp-json\/wp\/v2\/types\/product"}],"wp:attachment":[{"href":"https:\/\/roveyayinevi.com.tr\/index.php\/wp-json\/wp\/v2\/media?parent=770924"}],"wp:term":[{"taxonomy":"product_brand","embeddable":true,"href":"https:\/\/roveyayinevi.com.tr\/index.php\/wp-json\/wp\/v2\/product_brand?post=770924"},{"taxonomy":"product_cat","embeddable":true,"href":"https:\/\/roveyayinevi.com.tr\/index.php\/wp-json\/wp\/v2\/product_cat?post=770924"},{"taxonomy":"product_tag","embeddable":true,"href":"https:\/\/roveyayinevi.com.tr\/index.php\/wp-json\/wp\/v2\/product_tag?post=770924"}],"curies":[{"name":"wp","href":"https:\/\/api.w.org\/{rel}","templated":true}]}}