{"id":770923,"date":"2025-08-28T14:47:25","date_gmt":"2025-08-28T11:47:25","guid":{"rendered":"https:\/\/roveyayinevi.com.tr\/index.php\/urun\/sicak-demir\/"},"modified":"2026-04-15T03:37:14","modified_gmt":"2026-04-15T00:37:14","slug":"sicak-demir","status":"publish","type":"product","link":"https:\/\/roveyayinevi.com.tr\/index.php\/urun\/sicak-demir\/","title":{"rendered":"S\u0131cak Demir"},"content":{"rendered":"<p>\u201cS\u0131cak Demir, tav\u0131n ve \u00e7ekicin aras\u0131nda kalan \u015fiirin hik\u00e2yesidir.\u201d \u015eiirleriyle, dergilerde \u015fiir \u00fczerine yazd\u0131klar\u0131yla ve Arabesk Yeniden \u00e7al\u0131\u015fmas\u0131yla tan\u0131d\u0131\u011f\u0131m\u0131z \u0130smail Afacan, bu kez T\u00fcrkiye\u2019de modern \u015fiirin ser\u00fcvenine odaklan\u0131yor. S\u0131cak Demir, Afacan\u2019\u0131n bu odak kapsam\u0131nda d\u00f6nem tan\u0131\u011f\u0131 \u015fairlerle ve \u015fiir tarihi alan\u0131nda uzman akademisyenlerle yapt\u0131\u011f\u0131 s\u00f6yle\u015fileri i\u00e7eriyor. \u015eiirin 1923 \u2013 2000 y\u0131llar\u0131 aras\u0131ndaki seyrini soru\u015fturan S\u0131cak Demir, poetik kavgalara, siyasi ve toplumsal d\u00f6n\u00fc\u015f\u00fcmlere, kanonik m\u00fccadelelere dair \u00f6nemli bir kay\u0131t. K\u0131sacas\u0131 T\u00fcrkiye\u2019de modern \u015fiir; kavgan\u0131n, zaferin ve yenilginin \u015fiiridir. Her ak\u0131m\u0131n yolculu\u011fu bu seyirde ilerler. Ki bu seyri ya\u015fayanlar \u015fiirimizin \u015fansl\u0131 isimleridir. <\/p>\n","protected":false},"excerpt":{"rendered":"<p>\u201cS\u0131cak Demir, tav\u0131n ve \u00e7ekicin aras\u0131nda kalan \u015fiirin hik\u00e2yesidir.\u201d \u015eiirleriyle, dergilerde \u015fiir \u00fczerine yazd\u0131klar\u0131yla ve Arabesk Yeniden \u00e7al\u0131\u015fmas\u0131yla tan\u0131d\u0131\u011f\u0131m\u0131z \u0130smail Afacan, bu kez T\u00fcrkiye\u2019de modern \u015fiirin<span class=\"excerpt-hellip\"> [\u2026]<\/span><\/p>\n","protected":false},"featured_media":0,"template":"","meta":{"_monsterinsights_skip_tracking":false,"_monsterinsights_sitenote_active":false,"_monsterinsights_sitenote_note":"","_monsterinsights_sitenote_category":0},"product_brand":[],"product_cat":[13072,12291],"product_tag":[],"class_list":{"0":"post-770923","1":"product","2":"type-product","3":"status-publish","5":"product_cat-arastirma-inceleme-referans","6":"product_cat-edebiyat","7":"pa_cilt-ciltsiz","8":"pa_tur-kitap","9":"pa_yayinevi-everest-yayinlari","10":"pa_yazar-ismail-afacan","12":"first","13":"instock","14":"sale","15":"shipping-taxable","16":"purchasable","17":"product-type-simple"},"_links":{"self":[{"href":"https:\/\/roveyayinevi.com.tr\/index.php\/wp-json\/wp\/v2\/product\/770923","targetHints":{"allow":["GET"]}}],"collection":[{"href":"https:\/\/roveyayinevi.com.tr\/index.php\/wp-json\/wp\/v2\/product"}],"about":[{"href":"https:\/\/roveyayinevi.com.tr\/index.php\/wp-json\/wp\/v2\/types\/product"}],"wp:attachment":[{"href":"https:\/\/roveyayinevi.com.tr\/index.php\/wp-json\/wp\/v2\/media?parent=770923"}],"wp:term":[{"taxonomy":"product_brand","embeddable":true,"href":"https:\/\/roveyayinevi.com.tr\/index.php\/wp-json\/wp\/v2\/product_brand?post=770923"},{"taxonomy":"product_cat","embeddable":true,"href":"https:\/\/roveyayinevi.com.tr\/index.php\/wp-json\/wp\/v2\/product_cat?post=770923"},{"taxonomy":"product_tag","embeddable":true,"href":"https:\/\/roveyayinevi.com.tr\/index.php\/wp-json\/wp\/v2\/product_tag?post=770923"}],"curies":[{"name":"wp","href":"https:\/\/api.w.org\/{rel}","templated":true}]}}