{"id":770919,"date":"2025-08-28T14:47:17","date_gmt":"2025-08-28T11:47:17","guid":{"rendered":"https:\/\/roveyayinevi.com.tr\/index.php\/urun\/misirin-aldatmacalari-kure-uzerinde-piramit-insa-etmek-mumkun-degildir\/"},"modified":"2026-04-15T03:37:14","modified_gmt":"2026-04-15T00:37:14","slug":"misirin-aldatmacalari-kure-uzerinde-piramit-insa-etmek-mumkun-degildir","status":"publish","type":"product","link":"https:\/\/roveyayinevi.com.tr\/index.php\/urun\/misirin-aldatmacalari-kure-uzerinde-piramit-insa-etmek-mumkun-degildir\/","title":{"rendered":"M\u0131s\u0131r\u2019\u0131n Aldatmacalar\u0131; K\u00fcre \u00dczerinde Piramit \u0130n\u015fa Etmek M\u00fcmk\u00fcn De\u011fildir"},"content":{"rendered":"<p>Bu kitapta bu evren ve bu D\u00fcnya\u2019da VAROLU\u015e ile ilgili s\u0131ra d\u0131\u015f\u0131 konulara de\u011finmeyi ama\u00e7lamaktay\u0131m. Konular\u0131 al\u0131\u015f\u0131lm\u0131\u015f\u0131n d\u0131\u015f\u0131nda de\u011ferlendirerek okuyucuya yeni ufuklar a\u00e7mak isterim. Bu \u015fekilde ilgili konular\u0131n yeniden de\u011ferlendirilmesi gereklili\u011finin olu\u015fturulmas\u0131n\u0131 hedeflemekteyim. Bu kitapta bu evren ve bu D\u00fcnya\u2019n\u0131n GER\u00c7EK ve DO\u011eRULARIYLA herhangi bir \u00e7at\u0131\u015fma ya da bunlara herhangi bir HAKARET etmeyi, CANLI formunu kendi GER\u00c7EKLER\u0130 d\u0131\u015f\u0131nda her hangi bir \u015fekilde RENC\u0130DE etmeyi ama\u00e7lamamaktay\u0131m. Ne neyse o odur. GER\u00c7EK ve DO\u011eRU olanlar her neyse olduklar\u0131 gibi herkes taraf\u0131ndan kabul edilmelidir. Yine bu kitapta herhangi bir \u015fekilde bu evren ve bu D\u00fcnya\u2019n\u0131n GER\u00c7EK ve DO\u011eRULARI ile uyumlu olmayan herhangi bir ifade kulland\u0131\u011f\u0131m\u0131 fark etti\u011fimde bunlar\u0131 s\u00fcre\u00e7 i\u00e7eresinde eleyece\u011fimi bildiririm. <\/p>\n","protected":false},"excerpt":{"rendered":"<p>Bu kitapta bu evren ve bu D\u00fcnya\u2019da VAROLU\u015e ile ilgili s\u0131ra d\u0131\u015f\u0131 konulara de\u011finmeyi ama\u00e7lamaktay\u0131m. Konular\u0131 al\u0131\u015f\u0131lm\u0131\u015f\u0131n d\u0131\u015f\u0131nda de\u011ferlendirerek okuyucuya yeni ufuklar a\u00e7mak isterim. Bu \u015fekilde<span class=\"excerpt-hellip\"> [\u2026]<\/span><\/p>\n","protected":false},"featured_media":0,"template":"","meta":{"_monsterinsights_skip_tracking":false,"_monsterinsights_sitenote_active":false,"_monsterinsights_sitenote_note":"","_monsterinsights_sitenote_category":0},"product_brand":[],"product_cat":[52477],"product_tag":[],"class_list":{"0":"post-770919","1":"product","2":"type-product","3":"status-publish","5":"product_cat-arastirma","6":"pa_cilt-ciltsiz","7":"pa_tur-kitap","8":"pa_yayinevi-zet-akademi-yayinlari","9":"pa_yazar-deniz-yildiz","11":"first","12":"instock","13":"sale","14":"shipping-taxable","15":"purchasable","16":"product-type-simple"},"_links":{"self":[{"href":"https:\/\/roveyayinevi.com.tr\/index.php\/wp-json\/wp\/v2\/product\/770919","targetHints":{"allow":["GET"]}}],"collection":[{"href":"https:\/\/roveyayinevi.com.tr\/index.php\/wp-json\/wp\/v2\/product"}],"about":[{"href":"https:\/\/roveyayinevi.com.tr\/index.php\/wp-json\/wp\/v2\/types\/product"}],"wp:attachment":[{"href":"https:\/\/roveyayinevi.com.tr\/index.php\/wp-json\/wp\/v2\/media?parent=770919"}],"wp:term":[{"taxonomy":"product_brand","embeddable":true,"href":"https:\/\/roveyayinevi.com.tr\/index.php\/wp-json\/wp\/v2\/product_brand?post=770919"},{"taxonomy":"product_cat","embeddable":true,"href":"https:\/\/roveyayinevi.com.tr\/index.php\/wp-json\/wp\/v2\/product_cat?post=770919"},{"taxonomy":"product_tag","embeddable":true,"href":"https:\/\/roveyayinevi.com.tr\/index.php\/wp-json\/wp\/v2\/product_tag?post=770919"}],"curies":[{"name":"wp","href":"https:\/\/api.w.org\/{rel}","templated":true}]}}