{"id":770918,"date":"2025-08-28T14:47:15","date_gmt":"2025-08-28T11:47:15","guid":{"rendered":"https:\/\/roveyayinevi.com.tr\/index.php\/urun\/guvercin-artik-okula-gitsin\/"},"modified":"2026-04-15T03:37:14","modified_gmt":"2026-04-15T00:37:14","slug":"guvercin-artik-okula-gitsin","status":"publish","type":"product","link":"https:\/\/roveyayinevi.com.tr\/index.php\/urun\/guvercin-artik-okula-gitsin\/","title":{"rendered":"G\u00fcvercin Art\u0131k Okula Gitsin !"},"content":{"rendered":"<p>G\u00fcvercin b\u00fcy\u00fcd\u00fc ve art\u0131k okula gitme zaman\u0131 geldi! Sen ne d\u00fc\u015f\u00fcn\u00fcyorsun, g\u00fcvercin okula gitmeli mi?   G\u00fcvercin, bu kez okula gitmek istemiyor! &#8220;Olmaz!&#8221; diyerek itiraz eden G\u00fcvercin&#8217;in, okul hakk\u0131nda duydu\u011fu endi\u015feleri ve komik bahaneleri okurken hem \u00e7ocuklar hem de yeti\u015fkinler bol bol kahkaha atacak.                                                                                                                                                                                                                                       Kitap, \u00e7ocuklar\u0131n okul kavram\u0131na al\u0131\u015fmas\u0131n\u0131 kolayla\u015ft\u0131ran ve e\u011flenceli hik\u00e2yesiyle onlar\u0131 cesaretlendiren bir anlat\u0131m sunuyor. Mo Willems&#8217;in mizahi dili ve basit ama etkileyici \u00e7izimleri, k\u00fc\u00e7\u00fck okurlar\u0131n ilgisini \u00e7ekerken ebeveynlere de \u00e7ocuklar\u0131yla keyifli vakit ge\u00e7irme f\u0131rsat\u0131 veriyor.Kazan\u0131mlar:. Okula Ba\u015flama Kayg\u0131s\u0131n\u0131 Azalt\u0131r\u2022    Okul \u00f6ncesi d\u00f6nemdeki \u00e7ocuklar\u0131n okula gitme korkusu ve kayg\u0131lar\u0131n\u0131 hafifletmeye yard\u0131mc\u0131 olur.\u2022    \u00c7ocuklar\u0131n okula dair endi\u015felerini mizahi bir dille ele alarak onlar\u0131 rahatlat\u0131r.Duygusal Fark\u0131ndal\u0131k ve Empati Geli\u015fimi\u2022    \u00c7ocuklar\u0131n kendi duygular\u0131n\u0131 tan\u0131malar\u0131n\u0131 ve ifade etmelerini te\u015fvik eder.\u2022    G\u00fcvercin\u2019in okul hakk\u0131ndaki bahanelerini ve korkular\u0131n\u0131 g\u00f6rerek, benzer duygular ya\u015fayan di\u011fer \u00e7ocuklarla empati kurmalar\u0131n\u0131 sa\u011flar.Problem \u00c7\u00f6zme Becerilerini Destekler\u2022    \u00c7ocuklara yeni bir duruma nas\u0131l uyum sa\u011flayabilecekleri konusunda fark\u0131ndal\u0131k kazand\u0131r\u0131r.\u2022    Okula gitmenin bir problem de\u011fil, g\u00fczel bir deneyim oldu\u011funu anlamalar\u0131na yard\u0131mc\u0131 olur.Mo Willems, New York Times\u2019\u0131n \u00e7ok satan yazar\u0131 ve \u00e7izeridir. Resimli kitaplar\u0131yla Caldecott Onur \u00d6d\u00fcl\u00fc alarak \u00f6nemli ba\u015far\u0131lara imza atm\u0131\u015ft\u0131r. Ayr\u0131ca d\u00f6nemin \u00fcnl\u00fc program\u0131 Susam Soka\u011f\u0131\u2019nda yazar ve animat\u00f6r olarak \u00e7al\u0131\u015fm\u0131\u015f ve alt\u0131 tane Emmy \u00d6d\u00fcl\u00fc kazanm\u0131\u015ft\u0131r.<\/p>\n","protected":false},"excerpt":{"rendered":"<p>G\u00fcvercin b\u00fcy\u00fcd\u00fc ve art\u0131k okula gitme zaman\u0131 geldi! Sen ne d\u00fc\u015f\u00fcn\u00fcyorsun, g\u00fcvercin okula gitmeli mi? G\u00fcvercin, bu kez okula gitmek istemiyor! &#8220;Olmaz!&#8221; diyerek itiraz eden G\u00fcvercin&#8217;in,<span class=\"excerpt-hellip\"> [\u2026]<\/span><\/p>\n","protected":false},"featured_media":0,"template":"","meta":{"_monsterinsights_skip_tracking":false,"_monsterinsights_sitenote_active":false,"_monsterinsights_sitenote_note":"","_monsterinsights_sitenote_category":0},"product_brand":[],"product_cat":[12274,12284],"product_tag":[],"class_list":{"0":"post-770918","1":"product","2":"type-product","3":"status-publish","5":"product_cat-cocuk-ve-genclik-kitaplari","6":"product_cat-hikayeler","7":"pa_cilt-ciltsiz","8":"pa_tur-kitap","9":"pa_yayinevi-ucan-fil-yayinlari","10":"pa_yazar-mo-willems","12":"first","13":"instock","14":"sale","15":"shipping-taxable","16":"purchasable","17":"product-type-simple"},"_links":{"self":[{"href":"https:\/\/roveyayinevi.com.tr\/index.php\/wp-json\/wp\/v2\/product\/770918","targetHints":{"allow":["GET"]}}],"collection":[{"href":"https:\/\/roveyayinevi.com.tr\/index.php\/wp-json\/wp\/v2\/product"}],"about":[{"href":"https:\/\/roveyayinevi.com.tr\/index.php\/wp-json\/wp\/v2\/types\/product"}],"wp:attachment":[{"href":"https:\/\/roveyayinevi.com.tr\/index.php\/wp-json\/wp\/v2\/media?parent=770918"}],"wp:term":[{"taxonomy":"product_brand","embeddable":true,"href":"https:\/\/roveyayinevi.com.tr\/index.php\/wp-json\/wp\/v2\/product_brand?post=770918"},{"taxonomy":"product_cat","embeddable":true,"href":"https:\/\/roveyayinevi.com.tr\/index.php\/wp-json\/wp\/v2\/product_cat?post=770918"},{"taxonomy":"product_tag","embeddable":true,"href":"https:\/\/roveyayinevi.com.tr\/index.php\/wp-json\/wp\/v2\/product_tag?post=770918"}],"curies":[{"name":"wp","href":"https:\/\/api.w.org\/{rel}","templated":true}]}}