{"id":770917,"date":"2025-08-28T14:47:13","date_gmt":"2025-08-28T11:47:13","guid":{"rendered":"https:\/\/roveyayinevi.com.tr\/index.php\/urun\/daha-once-hic-acilmamis-kapi-merak-ve-kesif-uzerine-heyecanli-bir-hikaye\/"},"modified":"2026-04-15T03:37:14","modified_gmt":"2026-04-15T00:37:14","slug":"daha-once-hic-acilmamis-kapi-merak-ve-kesif-uzerine-heyecanli-bir-hikaye","status":"publish","type":"product","link":"https:\/\/roveyayinevi.com.tr\/index.php\/urun\/daha-once-hic-acilmamis-kapi-merak-ve-kesif-uzerine-heyecanli-bir-hikaye\/","title":{"rendered":"Daha \u00d6nce Hi\u00e7 A\u00e7\u0131lmam\u0131\u015f Kap\u0131\/ Merak ve Ke\u015fif \u00dczerine Heyecanl\u0131 Bir HikAye"},"content":{"rendered":"<p>Merak ve Hayal g\u00fcc\u00fc dolu bir hik\u00e2ye!Alyanak ailesinin evinde pek \u00e7ok kap\u0131 vard\u0131. Ama o kap\u0131&#8230; O kap\u0131 asla a\u00e7\u0131lmam\u0131\u015ft\u0131. Nedenini kimse bilmiyordu. Bir s\u0131rr\u0131 m\u0131 sakl\u0131yordu yoksa yaln\u0131zca unutulmay\u0131 m\u0131 bekliyordu? Peki bu gizem nas\u0131l \u00e7\u00f6z\u00fclecekti? Yoksa hi\u00e7 \u00e7\u00f6z\u00fclmemeli miydi?  Tam da bu y\u00fczden mi bu kap\u0131 m\u00fch\u00fcrlenmi\u015fti?Daha \u00d6nce Hi\u00e7 A\u00e7\u0131lmam\u0131\u015f Kap\u0131, okuyucular\u0131n zihninde merak dolu \u2018sorular konfetisi\u2019 patlat\u0131yor ve her soruda i\u00e7 d\u00fcnyam\u0131zda bir kap\u0131 aralan\u0131yor. Hepimizi bilinmeyenin cazibesine do\u011fru fantastik bir yolculu\u011fa \u00e7\u0131kar\u0131yor ve yolculuk s\u00fcresince Alyanak ailesinin s\u0131ra d\u0131\u015f\u0131 karakterleri sayesinde ritmi kaybetmemize asla izin vermiyor.  Okuyan Koala\u2019n\u0131n \u00f6d\u00fcll\u00fc eseri \u2018Bir Kitap Nas\u0131l Yenir?\u2019in yarat\u0131c\u0131lar\u0131n\u0131n kaleminden do\u011fan Daha \u00d6nce Hi\u00e7 A\u00e7\u0131lmam\u0131\u015f Kap\u0131; \u00e7\u0131lg\u0131n Alyanak ailesinin heyecan dolu yepyeni bir maceras\u0131n\u0131 konu ediniyor. Evin merakl\u0131 k\u0131z\u0131 Alin\u2019in ke\u015ffetme tutkusu evdeki t\u00fcm bilinmeyenlerin i\u00e7ine dalmak konusunda onu g\u00fcd\u00fcl\u00fcyor. Y\u0131llard\u0131r a\u00e7\u0131lmam\u0131\u015f ve b\u00fcy\u00fckanneleri taraf\u0131ndan asla a\u00e7\u0131lmamas\u0131 tembih edilmi\u015f bir kap\u0131n\u0131n gizemi Alin\u2019i ba\u015ftan \u00e7\u0131kar\u0131yor ve kap\u0131n\u0131n \u00f6tesini g\u00f6rebilmek i\u00e7in evde aranmam\u0131\u015f delik b\u0131rakm\u0131yor. Kuzeni Leyla\u2019n\u0131n da yard\u0131mlar\u0131yla b\u00fct\u00fcn evin alt\u0131n\u0131 \u00fcst\u00fcne getirseler de nafile\u2026 Hi\u00e7 a\u00e7\u0131lmam\u0131\u015f kap\u0131n\u0131n anahtar\u0131n\u0131 hi\u00e7bir yerde bulam\u0131yorlar. Gizemli anahtar\u0131n yerini sadece karde\u015fi Ali biliyor. Ancak o da b\u00fcy\u00fckannelerinin y\u0131llarca saklad\u0131\u011f\u0131 s\u0131rr\u0131 korumaya pek niyetli g\u00f6r\u00fcn\u00fcyor ve asla anahtar\u0131n yerini s\u00f6ylemiyor.  Ancak kadar \u00e7abalasa da Alin\u2019in merak\u0131 t\u00fcm engellerin \u00f6tesine ge\u00e7iyor ancak kap\u0131 a\u00e7\u0131ld\u0131\u011f\u0131nda hem karakterler hem de okuyucular i\u00e7in yepyeni sorular ortaya \u00e7\u0131k\u0131yor. S\u00fcrprizli bir son ve sonsuz olas\u0131l\u0131klarla dolu bu kitap her ya\u015ftan okuyucuyu, kendi i\u00e7lerindeki merak duygusuyla temas edebilmeleri i\u00e7in k\u0131\u015fk\u0131rtmaya haz\u0131rlan\u0131rken; \u00fc\u00e7 boyutlu diorama sanat\u0131yla haz\u0131rlanm\u0131\u015f ill\u00fcstrasyonlar\u0131yla ise ba\u015f d\u00f6nd\u00fcr\u00fcc\u00fc bir okuma deneyimine ev sahipli\u011fi yap\u0131yor. Temalar: Hayalg\u00fcc\u00fc, merak, ke\u015fif, yarat\u0131c\u0131l\u0131k, g\u00f6rsel sanatlar, aile i\u00e7i ili\u015fkiler, ileti\u015fim.\u00d6vg\u00fcler: Karakterlerin bast\u0131r\u0131lamaz enerjisi, aksiyon dolu bu hik\u00e2yeyi turbo h\u0131z\u0131na \u00e7\u0131kart\u0131rken, kitab\u0131n ke\u015ffetme tutkusu \u00fczerine olan mesaj\u0131n\u0131n etkisini kat ve kat artt\u0131r\u0131yor. Publishers Weekly\u00d6zel sanat teknikleriyle olu\u015fturulmu\u015f ill\u00fcstrasyonlar, Alyanak ailesinin hayal g\u00fcc\u00fcyle dolup ta\u015fan evlerinin y\u00fcksek tavanl\u0131 odalar\u0131na ve dar koridorlar\u0131na anlaml\u0131 bir derinlik kazand\u0131r\u0131yor. Ritmik ve zaman zaman kafiyeli anlat\u0131n\u0131n \u00f6zg\u00fcr bi\u00e7imli tipografisi, g\u00f6rsel karma\u015faya s\u00f6zl\u00fc bir drama ekliyor.  Tekrar tekrar okunma arzusunu g\u00fcd\u00fcleyen bu kitap, co\u015fkunun pe\u015finde ko\u015fanlar\u0131n favorisi olacak. Kirkus ReviewKitab\u0131n \u00fc\u00e7 boyutlu enerjisi, g\u00f6rseller adeta sayfalar\u0131n s\u0131n\u0131rlar\u0131ndan ta\u015facakm\u0131\u015f duygusu yarat\u0131yor. G\u00f6rseller, kitab\u0131n temas\u0131na m\u00fckemmel \u015fekilde uyum sa\u011fl\u0131yor. Booklist<\/p>\n","protected":false},"excerpt":{"rendered":"<p>Merak ve Hayal g\u00fcc\u00fc dolu bir hik\u00e2ye!Alyanak ailesinin evinde pek \u00e7ok kap\u0131 vard\u0131. Ama o kap\u0131&#8230; O kap\u0131 asla a\u00e7\u0131lmam\u0131\u015ft\u0131. Nedenini kimse bilmiyordu. Bir s\u0131rr\u0131 m\u0131<span class=\"excerpt-hellip\"> [\u2026]<\/span><\/p>\n","protected":false},"featured_media":0,"template":"","meta":{"_monsterinsights_skip_tracking":false,"_monsterinsights_sitenote_active":false,"_monsterinsights_sitenote_note":"","_monsterinsights_sitenote_category":0},"product_brand":[],"product_cat":[12274,12284],"product_tag":[],"class_list":{"0":"post-770917","1":"product","2":"type-product","3":"status-publish","5":"product_cat-cocuk-ve-genclik-kitaplari","6":"product_cat-hikayeler","7":"pa_cilt-ciltsiz","8":"pa_tur-kitap","9":"pa_yayinevi-okuyan-koala","10":"pa_yazar-bayan-ve-bay-macleod","12":"first","13":"instock","14":"sale","15":"shipping-taxable","16":"purchasable","17":"product-type-simple"},"_links":{"self":[{"href":"https:\/\/roveyayinevi.com.tr\/index.php\/wp-json\/wp\/v2\/product\/770917","targetHints":{"allow":["GET"]}}],"collection":[{"href":"https:\/\/roveyayinevi.com.tr\/index.php\/wp-json\/wp\/v2\/product"}],"about":[{"href":"https:\/\/roveyayinevi.com.tr\/index.php\/wp-json\/wp\/v2\/types\/product"}],"wp:attachment":[{"href":"https:\/\/roveyayinevi.com.tr\/index.php\/wp-json\/wp\/v2\/media?parent=770917"}],"wp:term":[{"taxonomy":"product_brand","embeddable":true,"href":"https:\/\/roveyayinevi.com.tr\/index.php\/wp-json\/wp\/v2\/product_brand?post=770917"},{"taxonomy":"product_cat","embeddable":true,"href":"https:\/\/roveyayinevi.com.tr\/index.php\/wp-json\/wp\/v2\/product_cat?post=770917"},{"taxonomy":"product_tag","embeddable":true,"href":"https:\/\/roveyayinevi.com.tr\/index.php\/wp-json\/wp\/v2\/product_tag?post=770917"}],"curies":[{"name":"wp","href":"https:\/\/api.w.org\/{rel}","templated":true}]}}