{"id":770916,"date":"2025-08-28T14:47:11","date_gmt":"2025-08-28T11:47:11","guid":{"rendered":"https:\/\/roveyayinevi.com.tr\/index.php\/urun\/kis-bahcesi-3\/"},"modified":"2026-04-15T03:37:14","modified_gmt":"2026-04-15T00:37:14","slug":"kis-bahcesi-3","status":"publish","type":"product","link":"https:\/\/roveyayinevi.com.tr\/index.php\/urun\/kis-bahcesi-3\/","title":{"rendered":"K\u0131\u015f Bah\u00e7esi"},"content":{"rendered":"<p>Annesini tan\u0131mayan bir kad\u0131n kendini ger\u00e7ekten tan\u0131yabilir mi?   Meredith ve Nina Whitson \u00e7ok farkl\u0131 karakterde iki k\u0131z karde\u015ftir. Biri \u00e7ocuklar\u0131n\u0131 yeti\u015ftirip aile i\u015fine sahip \u00e7\u0131kar; \u00f6teki ise d\u00fcnyay\u0131 gezip \u00fcnl\u00fc bir foto muhabir olur. Fakat \u00e7ok sevdikleri babalar\u0131 hastalan\u0131nca birbirlerine yabanc\u0131la\u015fm\u0131\u015f bu iki kad\u0131n kendilerini yine bir arada, \u015fimdi bile k\u0131zlar\u0131na hi\u00e7bir avuntu vermeyen, a\u015f\u0131r\u0131 mesafeli anneleri Anya\u2019n\u0131n yan\u0131nda bulur. \u00d6l\u00fcm d\u00f6\u015fe\u011findeki babalar\u0131 onlardan bir s\u00f6z vermelerini ister: Anya y\u0131llar \u00f6nce yapt\u0131\u011f\u0131 gibi Rus masal\u0131n\u0131 bir kez daha onlara anlatacakt\u0131r. Onlar da dinleyecektir, hem de bu sefer masal\u0131n hi\u00e7 bahsedilmeyen sonuna kadar.   Bu masal daha \u00f6nce duyduklar\u0131 hi\u00e7bir \u015feye benzemez. \u0130ki k\u0131z karde\u015f annelerinin ge\u00e7mi\u015flerinde, ailelerini t\u00fcm\u00fcyle sarsacak ve tamamen de\u011fi\u015ftirecek bir s\u0131r \u00f6\u011frenecekleri, beklenmedik bir yolculu\u011fa s\u00fcr\u00fcklenirler.   \u201cOkurlar, anne ve k\u0131zlar yak\u0131nla\u015ft\u0131k\u00e7a hem g\u00fclmekten hem de a\u011flamaktan kendilerini alamayacaklar.\u201d Publishers Weekly <\/p>\n","protected":false},"excerpt":{"rendered":"<p>Annesini tan\u0131mayan bir kad\u0131n kendini ger\u00e7ekten tan\u0131yabilir mi? Meredith ve Nina Whitson \u00e7ok farkl\u0131 karakterde iki k\u0131z karde\u015ftir. Biri \u00e7ocuklar\u0131n\u0131 yeti\u015ftirip aile i\u015fine sahip \u00e7\u0131kar; \u00f6teki<span class=\"excerpt-hellip\"> [\u2026]<\/span><\/p>\n","protected":false},"featured_media":0,"template":"","meta":{"_monsterinsights_skip_tracking":false,"_monsterinsights_sitenote_active":false,"_monsterinsights_sitenote_note":"","_monsterinsights_sitenote_category":0},"product_brand":[],"product_cat":[12291,12711],"product_tag":[],"class_list":{"0":"post-770916","1":"product","2":"type-product","3":"status-publish","5":"product_cat-edebiyat","6":"product_cat-roman-oyku","7":"pa_cilt-ciltsiz","8":"pa_tur-kitap","9":"pa_yayinevi-dogan-kitap","10":"pa_yazar-kristin-hannah","12":"first","13":"instock","14":"sale","15":"shipping-taxable","16":"purchasable","17":"product-type-simple"},"_links":{"self":[{"href":"https:\/\/roveyayinevi.com.tr\/index.php\/wp-json\/wp\/v2\/product\/770916","targetHints":{"allow":["GET"]}}],"collection":[{"href":"https:\/\/roveyayinevi.com.tr\/index.php\/wp-json\/wp\/v2\/product"}],"about":[{"href":"https:\/\/roveyayinevi.com.tr\/index.php\/wp-json\/wp\/v2\/types\/product"}],"wp:attachment":[{"href":"https:\/\/roveyayinevi.com.tr\/index.php\/wp-json\/wp\/v2\/media?parent=770916"}],"wp:term":[{"taxonomy":"product_brand","embeddable":true,"href":"https:\/\/roveyayinevi.com.tr\/index.php\/wp-json\/wp\/v2\/product_brand?post=770916"},{"taxonomy":"product_cat","embeddable":true,"href":"https:\/\/roveyayinevi.com.tr\/index.php\/wp-json\/wp\/v2\/product_cat?post=770916"},{"taxonomy":"product_tag","embeddable":true,"href":"https:\/\/roveyayinevi.com.tr\/index.php\/wp-json\/wp\/v2\/product_tag?post=770916"}],"curies":[{"name":"wp","href":"https:\/\/api.w.org\/{rel}","templated":true}]}}