{"id":770915,"date":"2025-08-28T14:47:09","date_gmt":"2025-08-28T11:47:09","guid":{"rendered":"https:\/\/roveyayinevi.com.tr\/index.php\/urun\/mucizeler-yagarken-2\/"},"modified":"2026-04-15T03:37:14","modified_gmt":"2026-04-15T00:37:14","slug":"mucizeler-yagarken-2","status":"publish","type":"product","link":"https:\/\/roveyayinevi.com.tr\/index.php\/urun\/mucizeler-yagarken-2\/","title":{"rendered":"Mucizeler Ya\u011farken"},"content":{"rendered":"<p>\u0130nsan ge\u00e7mi\u015finden ka\u00e7abilir ama kalbinden asla ka\u00e7amaz.   Joy Candellaro k\u0131sa s\u00fcre \u00f6nce ihanete u\u011fram\u0131\u015f, bo\u015fanm\u0131\u015f ve yapayaln\u0131z kalm\u0131\u015f bir kad\u0131nd\u0131r. Noel tatili yakla\u015f\u0131rken daima hayalini kurdu\u011fu maceraya at\u0131lmaya karar verir. Hi\u00e7 kimseye haber vermeden bir u\u00e7ak bileti al\u0131r ve hi\u00e7 bilmedi\u011fi bir \u015fehre gider. Ancak beklenmedik bi\u00e7imde kendini aniden bir orman\u0131n i\u00e7indeki bal\u0131k\u00e7\u0131 motelinde bulur.   Bal\u0131k\u00e7\u0131 motelini Daniel O\u2019Shea, ilk kez annesiz bir Noel ge\u00e7iren alt\u0131 ya\u015f\u0131ndaki o\u011flu Bobby\u2019yle birlikte i\u015fletmektedir. \u00d6len annesinin ac\u0131s\u0131yla i\u00e7ine kapanan Bobby sadece hayali arkada\u015f\u0131yla konu\u015fmaktad\u0131r. Babas\u0131 ona yard\u0131m etmek i\u00e7in k\u0131vran\u0131rken ne yapaca\u011f\u0131n\u0131 bilemez. Fakat Bobby, Joy\u2019la kar\u015f\u0131la\u015f\u0131nca ikisi derin bir ba\u011f kurar. Bobby ve Daniel\u2019a yard\u0131m ederken Joy da kendisi i\u00e7in yeni bir ama\u00e7 bulmu\u015ftur.   \u201cHannah kalbinizin derinliklerine dokunacak.\u201d Rendezvous <\/p>\n","protected":false},"excerpt":{"rendered":"<p>\u0130nsan ge\u00e7mi\u015finden ka\u00e7abilir ama kalbinden asla ka\u00e7amaz. Joy Candellaro k\u0131sa s\u00fcre \u00f6nce ihanete u\u011fram\u0131\u015f, bo\u015fanm\u0131\u015f ve yapayaln\u0131z kalm\u0131\u015f bir kad\u0131nd\u0131r. Noel tatili yakla\u015f\u0131rken daima hayalini kurdu\u011fu<span class=\"excerpt-hellip\"> [\u2026]<\/span><\/p>\n","protected":false},"featured_media":0,"template":"","meta":{"_monsterinsights_skip_tracking":false,"_monsterinsights_sitenote_active":false,"_monsterinsights_sitenote_note":"","_monsterinsights_sitenote_category":0},"product_brand":[],"product_cat":[12291,12711],"product_tag":[],"class_list":{"0":"post-770915","1":"product","2":"type-product","3":"status-publish","5":"product_cat-edebiyat","6":"product_cat-roman-oyku","7":"pa_cilt-ciltsiz","8":"pa_tur-kitap","9":"pa_yayinevi-dogan-kitap","10":"pa_yazar-kristin-hannah","12":"first","13":"instock","14":"sale","15":"shipping-taxable","16":"purchasable","17":"product-type-simple"},"_links":{"self":[{"href":"https:\/\/roveyayinevi.com.tr\/index.php\/wp-json\/wp\/v2\/product\/770915","targetHints":{"allow":["GET"]}}],"collection":[{"href":"https:\/\/roveyayinevi.com.tr\/index.php\/wp-json\/wp\/v2\/product"}],"about":[{"href":"https:\/\/roveyayinevi.com.tr\/index.php\/wp-json\/wp\/v2\/types\/product"}],"wp:attachment":[{"href":"https:\/\/roveyayinevi.com.tr\/index.php\/wp-json\/wp\/v2\/media?parent=770915"}],"wp:term":[{"taxonomy":"product_brand","embeddable":true,"href":"https:\/\/roveyayinevi.com.tr\/index.php\/wp-json\/wp\/v2\/product_brand?post=770915"},{"taxonomy":"product_cat","embeddable":true,"href":"https:\/\/roveyayinevi.com.tr\/index.php\/wp-json\/wp\/v2\/product_cat?post=770915"},{"taxonomy":"product_tag","embeddable":true,"href":"https:\/\/roveyayinevi.com.tr\/index.php\/wp-json\/wp\/v2\/product_tag?post=770915"}],"curies":[{"name":"wp","href":"https:\/\/api.w.org\/{rel}","templated":true}]}}