{"id":770909,"date":"2025-08-28T14:46:58","date_gmt":"2025-08-28T11:46:58","guid":{"rendered":"https:\/\/roveyayinevi.com.tr\/index.php\/urun\/cesur-patiler-muzenin-muhafizlari\/"},"modified":"2026-04-15T03:37:14","modified_gmt":"2026-04-15T00:37:14","slug":"cesur-patiler-muzenin-muhafizlari","status":"publish","type":"product","link":"https:\/\/roveyayinevi.com.tr\/index.php\/urun\/cesur-patiler-muzenin-muhafizlari\/","title":{"rendered":"Cesur Patiler: M\u00fczenin Muhaf\u0131zlar\u0131"},"content":{"rendered":"<p>Tarih, cesaret ve dostluk dolu bir macera! Harbiye Asker\u00ee Tarih M\u00fczesi\u2019nin sevimli ve merakl\u0131 kedileri Kekik, Oynaksu, Suna, \u00c7\u0131lb\u0131r ve Dombili i\u00e7in hayat oyun ve ke\u015fifle doludur. Ancak bir g\u00fcn, m\u00fczenin huzuru Koca Patiler taraf\u0131ndan tehdit edilir! Onlardan \u00e7ok daha b\u00fcy\u00fck ve g\u00fc\u00e7l\u00fc olan bu kediler, bah\u00e7eyi ele ge\u00e7irmeye kararl\u0131d\u0131r. Peki, minik kediler ne yapacak? \u00c7\u00f6z\u00fcm, tarihin derinliklerinde sakl\u0131! M\u00fczenin bilge kaplumba\u011falar\u0131 S\u00fck\u00fbnet ve A\u011f\u0131rcan, onlara cesaretin ve akl\u0131n g\u00fcc\u00fcn\u00fc anlat\u0131rken, Mustafa Kemal Atat\u00fcrk\u2019\u00fcn b\u00fcy\u00fck m\u00fccadelesinden ilham almalar\u0131n\u0131 sa\u011flayacak. \u201cCesur Patiler: M\u00fczenin Muhaf\u0131zlar\u0131\u201d, \u00e7ocuklar\u0131 tarih, liderlik ve dayan\u0131\u015fma kavramlar\u0131yla bulu\u015ftururken, heyecan dolu bir maceran\u0131n i\u00e7ine \u00e7ekiyor. E\u011flenceli karakterleri ve s\u00fcr\u00fckleyici anlat\u0131m\u0131yla hem \u00e7ocuklara hem de yeti\u015fkinlere ilham veren bir hik\u00e2ye sunuyor. Tarih\u00ee bir m\u00fcze, cesur minik kediler ve unutulmaz bir macera!Atat\u00fcrk\u2019\u00fcn izinden giderek kendi yollar\u0131n\u0131 \u00e7izen kahramanlar\u0131 ke\u015ffetmeye haz\u0131r m\u0131s\u0131n\u0131z?   ***  Harbiye Asker\u00ee Tarih M\u00fczesi\u2019nin minik muhaf\u0131zlar\u0131 Kekik, Oynaksu, Suna, \u00c7\u0131lb\u0131r ve Dombili, huzurlu hayatlar\u0131n\u0131 s\u00fcrd\u00fcr\u00fcrken b\u00fcy\u00fck bir sorunla kar\u015f\u0131la\u015f\u0131r. Koca Patiler, bah\u00e7eyi ele ge\u00e7irmeye kararl\u0131d\u0131r! Ama umutsuzluk yok! Bilge kaplumba\u011falar S\u00fck\u00fbnet ve A\u011f\u0131rcan, onlara b\u00fcy\u00fck bir lideri, Mustafa Kemal Atat\u00fcrk\u2019\u00fc anlat\u0131r. Atat\u00fcrk\u2019\u00fcn cesaretinden ve zek\u00e2s\u0131ndan ilham alan Cesur Patiler, kendi zaferlerini kazanabilecek mi?  Cesur Patiler: M\u00fczenin Muhaf\u0131zlar\u0131 ile dostluk, dayan\u0131\u015fma ve tarihten g\u00fc\u00e7 alman\u0131n ne demek oldu\u011funu ke\u015ffetmeye haz\u0131r m\u0131s\u0131n\u0131z? M\u00fcfredat temalar\u0131:  TAR\u0130H, ATAT\u00dcRK, CESARET, DAYANI\u015eMA, BA\u011eIMSIZLIK, DOSTLUK, TAKIM \u00c7ALI\u015eMASI, M\u00dcZE SEVG\u0130S\u0130, HAYVAN SEVG\u0130S\u0130  <\/p>\n","protected":false},"excerpt":{"rendered":"<p>Tarih, cesaret ve dostluk dolu bir macera! Harbiye Asker\u00ee Tarih M\u00fczesi\u2019nin sevimli ve merakl\u0131 kedileri Kekik, Oynaksu, Suna, \u00c7\u0131lb\u0131r ve Dombili i\u00e7in hayat oyun ve ke\u015fifle<span class=\"excerpt-hellip\"> [\u2026]<\/span><\/p>\n","protected":false},"featured_media":0,"template":"","meta":{"_monsterinsights_skip_tracking":false,"_monsterinsights_sitenote_active":false,"_monsterinsights_sitenote_note":"","_monsterinsights_sitenote_category":0},"product_brand":[],"product_cat":[12274,12284],"product_tag":[],"class_list":{"0":"post-770909","1":"product","2":"type-product","3":"status-publish","5":"product_cat-cocuk-ve-genclik-kitaplari","6":"product_cat-hikayeler","7":"pa_cilt-ciltsiz","8":"pa_tur-kitap","9":"pa_yayinevi-kronik-kitap","10":"pa_yazar-selim-erdogan","12":"first","13":"instock","14":"sale","15":"shipping-taxable","16":"purchasable","17":"product-type-simple"},"_links":{"self":[{"href":"https:\/\/roveyayinevi.com.tr\/index.php\/wp-json\/wp\/v2\/product\/770909","targetHints":{"allow":["GET"]}}],"collection":[{"href":"https:\/\/roveyayinevi.com.tr\/index.php\/wp-json\/wp\/v2\/product"}],"about":[{"href":"https:\/\/roveyayinevi.com.tr\/index.php\/wp-json\/wp\/v2\/types\/product"}],"wp:attachment":[{"href":"https:\/\/roveyayinevi.com.tr\/index.php\/wp-json\/wp\/v2\/media?parent=770909"}],"wp:term":[{"taxonomy":"product_brand","embeddable":true,"href":"https:\/\/roveyayinevi.com.tr\/index.php\/wp-json\/wp\/v2\/product_brand?post=770909"},{"taxonomy":"product_cat","embeddable":true,"href":"https:\/\/roveyayinevi.com.tr\/index.php\/wp-json\/wp\/v2\/product_cat?post=770909"},{"taxonomy":"product_tag","embeddable":true,"href":"https:\/\/roveyayinevi.com.tr\/index.php\/wp-json\/wp\/v2\/product_tag?post=770909"}],"curies":[{"name":"wp","href":"https:\/\/api.w.org\/{rel}","templated":true}]}}