{"id":770906,"date":"2025-08-28T14:46:54","date_gmt":"2025-08-28T11:46:54","guid":{"rendered":"https:\/\/roveyayinevi.com.tr\/index.php\/urun\/turkiye-mektuplari\/"},"modified":"2026-04-15T03:37:14","modified_gmt":"2026-04-15T00:37:14","slug":"turkiye-mektuplari","status":"publish","type":"product","link":"https:\/\/roveyayinevi.com.tr\/index.php\/urun\/turkiye-mektuplari\/","title":{"rendered":"T\u00fcrkiye Mektuplar\u0131"},"content":{"rendered":"<p>Ge\u00e7mi\u015fin Sat\u0131r Aralar\u0131nda Sakl\u0131 Bir Seyahat \u00c7iha\u00e7ov\u2019un Osmanl\u0131 Mektuplar\u0131 Tarih, \u00e7o\u011fu zaman resm\u00ee belgelerin g\u00f6lgesinde anlat\u0131l\u0131r. Oysa bir d\u00f6nemin ger\u00e7ek ruhu, duygusu ve insan\u00ee y\u00f6n\u00fc; \u015fahsi mektuplarda, bireysel tan\u0131kl\u0131klarda sakl\u0131d\u0131r. Rus do\u011fa bilimci Pyotr Aleksandrovi\u00e7 \u00c7iha\u00e7ov\u2019un kaleminden \u00e7\u0131kan bu mektuplar, yaln\u0131zca bilimsel bir seyahatin izlenimlerini de\u011fil, 19. y\u00fczy\u0131l ortalar\u0131nda Osmanl\u0131 co\u011frafyas\u0131n\u0131n kalbine yap\u0131lan derinlikli bir yolculu\u011fu anlat\u0131yor. Giresun\u2019dan \u0130stanbul\u2019a uzanan bu seyahat; Anadolu\u2019nun etnik mozai\u011fini, co\u011frafi \u00e7e\u015fitlili\u011fini, toplumsal yap\u0131s\u0131n\u0131 ve devletin sanc\u0131l\u0131 modernle\u015fme s\u00fcrecini g\u00f6zler \u00f6n\u00fcne seriyor. \u00c7iha\u00e7ov, jeoloji, botanik ve etnografya gibi bilimsel alanlarda g\u00f6zlemler yaparken, Osmanl\u0131\u2019n\u0131n mali yap\u0131s\u0131ndan kamu d\u00fczenine, sivil idareden ticaret hayat\u0131na dek bir\u00e7ok alandaki zay\u0131fl\u0131klar\u0131n\u0131 da cesurca kaleme al\u0131yor. Bu mektuplar, yaln\u0131zca bir d\u00f6nemin belgeleri de\u011fil; ayn\u0131 zamanda reformlar\u0131n toplum \u00fczerindeki etkilerini, Osmanl\u0131\u2019n\u0131n i\u00e7 \u00e7alkant\u0131lar\u0131n\u0131 ve Bat\u0131 etkisi alt\u0131ndaki d\u00f6n\u00fc\u015f\u00fcm\u00fcn\u00fc de anlamaya katk\u0131 sa\u011flayan e\u015fsiz birer tan\u0131kl\u0131k. Rus\u00e7a asl\u0131ndan \u00e7evrilen T\u00dcRK\u0130YE MEKTUPLARI, tarih\u00e7ilerin, co\u011frafyac\u0131lar\u0131n, edebiyat ara\u015ft\u0131rmac\u0131lar\u0131n\u0131n ve ge\u00e7mi\u015fin izini s\u00fcren t\u00fcm okurlar\u0131n ilgisini \u00e7ekecek nitelikte bir eser. \u00c7iha\u00e7ov\u2019un g\u00f6z\u00fcnden Osmanl\u0131\u2019y\u0131 okumaya haz\u0131r olun; \u00e7\u00fcnk\u00fc bu mektuplar, sadece ge\u00e7mi\u015fi de\u011fil, insan\u0131 da anlat\u0131yor. <\/p>\n","protected":false},"excerpt":{"rendered":"<p>Ge\u00e7mi\u015fin Sat\u0131r Aralar\u0131nda Sakl\u0131 Bir Seyahat \u00c7iha\u00e7ov\u2019un Osmanl\u0131 Mektuplar\u0131 Tarih, \u00e7o\u011fu zaman resm\u00ee belgelerin g\u00f6lgesinde anlat\u0131l\u0131r. Oysa bir d\u00f6nemin ger\u00e7ek ruhu, duygusu ve insan\u00ee y\u00f6n\u00fc; \u015fahsi<span class=\"excerpt-hellip\"> [\u2026]<\/span><\/p>\n","protected":false},"featured_media":0,"template":"","meta":{"_monsterinsights_skip_tracking":false,"_monsterinsights_sitenote_active":false,"_monsterinsights_sitenote_note":"","_monsterinsights_sitenote_category":0},"product_brand":[],"product_cat":[13517,12304],"product_tag":[],"class_list":{"0":"post-770906","1":"product","2":"type-product","3":"status-publish","5":"product_cat-osmanli-tarihi","6":"product_cat-tarih","7":"pa_cilt-ciltsiz","8":"pa_tur-kitap","9":"pa_yayinevi-kronik-kitap","10":"pa_yazar-pyotr-aleksandrovic-cihacov","12":"first","13":"instock","14":"sale","15":"shipping-taxable","16":"purchasable","17":"product-type-simple"},"_links":{"self":[{"href":"https:\/\/roveyayinevi.com.tr\/index.php\/wp-json\/wp\/v2\/product\/770906","targetHints":{"allow":["GET"]}}],"collection":[{"href":"https:\/\/roveyayinevi.com.tr\/index.php\/wp-json\/wp\/v2\/product"}],"about":[{"href":"https:\/\/roveyayinevi.com.tr\/index.php\/wp-json\/wp\/v2\/types\/product"}],"wp:attachment":[{"href":"https:\/\/roveyayinevi.com.tr\/index.php\/wp-json\/wp\/v2\/media?parent=770906"}],"wp:term":[{"taxonomy":"product_brand","embeddable":true,"href":"https:\/\/roveyayinevi.com.tr\/index.php\/wp-json\/wp\/v2\/product_brand?post=770906"},{"taxonomy":"product_cat","embeddable":true,"href":"https:\/\/roveyayinevi.com.tr\/index.php\/wp-json\/wp\/v2\/product_cat?post=770906"},{"taxonomy":"product_tag","embeddable":true,"href":"https:\/\/roveyayinevi.com.tr\/index.php\/wp-json\/wp\/v2\/product_tag?post=770906"}],"curies":[{"name":"wp","href":"https:\/\/api.w.org\/{rel}","templated":true}]}}