{"id":770905,"date":"2025-08-28T14:46:52","date_gmt":"2025-08-28T11:46:52","guid":{"rendered":"https:\/\/roveyayinevi.com.tr\/index.php\/urun\/kisa-rusya-tarihi-3\/"},"modified":"2026-04-15T03:37:14","modified_gmt":"2026-04-15T00:37:14","slug":"kisa-rusya-tarihi-3","status":"publish","type":"product","link":"https:\/\/roveyayinevi.com.tr\/index.php\/urun\/kisa-rusya-tarihi-3\/","title":{"rendered":"K\u0131sa Rusya Tarihi"},"content":{"rendered":"<p>DO\u011eUDAN Y\u00dcKSELEN G\u00dc\u00c7: B\u0130N YILIN H\u0130K\u00c2YES\u0130 \u201cRusya\u2019y\u0131 ve Ruslar\u0131n hik\u00e2yesini anlamak istiyorsan\u0131z, Paul Bushkovitch\u2019in K\u0131sa Rusya Tarihi kitab\u0131ndan daha iyisini bulamazs\u0131n\u0131z. Bushkovitch k\u00fc\u00e7\u00fck bir mucize ger\u00e7ekle\u015ftirmi\u015f: Rus tarihinin son derece karma\u015f\u0131k, dolamba\u00e7l\u0131 ve tart\u0131\u015fmal\u0131 hik\u00e2yesini basit, do\u011frudan ve tarafs\u0131z bir \u015fekilde anlatm\u0131\u015f. Ayr\u0131nt\u0131lara saplan\u0131p kalm\u0131yor, k\u0131vr\u0131mlarda ve d\u00f6n\u00fc\u015flerde kaybolmuyor. Size ne oldu\u011funu ve neden oldu\u011funu anlat\u0131yor.\u201d Marshall Poe, Iowa \u00dcniversitesi   Dokuzuncu y\u00fczy\u0131ldan g\u00fcn\u00fcm\u00fcze uzanan bir ser\u00fcven\u2026 Paul Bushkovitch, K\u0131sa Rusya Tarihi\u2019nde Rus tarihinin yaln\u0131zca siyasi d\u00f6n\u00fc\u015f\u00fcmlerini de\u011fil, ayn\u0131 zamanda edebiyat, sanat ve bilim alan\u0131ndaki geli\u015fmelerini ustal\u0131kla ele al\u0131yor. Korkun\u00e7 \u0130van, B\u00fcy\u00fck Petro, Stalin gibi liderlerin yan\u0131nda \u00c7ehov, Tolstoy ve Mendeleyev gibi ikonik isimleri de tarihsel ba\u011flamlar\u0131nda anlat\u0131rken, Rus halk\u0131n\u0131n k\u00f6kenlerinden Ortodoks inanc\u0131n\u0131n derin etkilerine, g\u00fcnl\u00fck ya\u015fam\u0131n de\u011fi\u015fen dinamiklerinden toplumsal hareketlere kadar geni\u015f bir panorama sunuyor. 1991\u2019de Sovyetler Birli\u011fi\u2019nin \u00e7\u00f6k\u00fc\u015f\u00fcyle ya\u015fanan devrim niteli\u011findeki de\u011fi\u015fimlere de \u0131\u015f\u0131k tutan Bushkovitch, yeni belgeler ve kavramlar e\u015fli\u011finde Rusya\u2019n\u0131n devrim \u00f6ncesi ve sonras\u0131 ge\u00e7mi\u015fini yeniden yorumluyor. 1917 Devrimi, Sovyet sistemi ve So\u011fuk Sava\u015f gibi d\u00f6n\u00fcm noktalar\u0131n\u0131 ele al\u0131rken, bunlar\u0131 yaln\u0131zca Bol\u015fevik iktidar\u0131n\u0131n birer habercisi olarak de\u011fil, bin y\u0131ll\u0131k bir tarihin par\u00e7alar\u0131 olarak inceliyor. Rusya\u2019y\u0131 bir zamanlar sosyalizm fikrinin temsilcisi olmaktan \u00f6te, karma\u015f\u0131k ve \u00e7ok katmanl\u0131 bir tablo olarak \u00f6n\u00fcm\u00fcze seren Bushkovitch, Rus tarihini anlamak ve bu zengin miras\u0131 ke\u015ffetmek isteyenler i\u00e7in temel bir rehber ortaya koyuyor. Kronik Kitap K\u0131sa Tarih Dizisi\u2019nin yeni \u00fcyesi K\u0131sa Rusya Tarihi okuyucular i\u00e7in vazge\u00e7ilmez bir kitap olacak.<\/p>\n","protected":false},"excerpt":{"rendered":"<p>DO\u011eUDAN Y\u00dcKSELEN G\u00dc\u00c7: B\u0130N YILIN H\u0130K\u00c2YES\u0130 \u201cRusya\u2019y\u0131 ve Ruslar\u0131n hik\u00e2yesini anlamak istiyorsan\u0131z, Paul Bushkovitch\u2019in K\u0131sa Rusya Tarihi kitab\u0131ndan daha iyisini bulamazs\u0131n\u0131z. Bushkovitch k\u00fc\u00e7\u00fck bir mucize ger\u00e7ekle\u015ftirmi\u015f:<span class=\"excerpt-hellip\"> [\u2026]<\/span><\/p>\n","protected":false},"featured_media":0,"template":"","meta":{"_monsterinsights_skip_tracking":false,"_monsterinsights_sitenote_active":false,"_monsterinsights_sitenote_note":"","_monsterinsights_sitenote_category":0},"product_brand":[],"product_cat":[12304],"product_tag":[],"class_list":{"0":"post-770905","1":"product","2":"type-product","3":"status-publish","5":"product_cat-tarih","6":"pa_cilt-ciltsiz","7":"pa_tur-kitap","8":"pa_yayinevi-kronik-kitap","9":"pa_yazar-paul-bushkovitch","11":"first","12":"instock","13":"sale","14":"shipping-taxable","15":"purchasable","16":"product-type-simple"},"_links":{"self":[{"href":"https:\/\/roveyayinevi.com.tr\/index.php\/wp-json\/wp\/v2\/product\/770905","targetHints":{"allow":["GET"]}}],"collection":[{"href":"https:\/\/roveyayinevi.com.tr\/index.php\/wp-json\/wp\/v2\/product"}],"about":[{"href":"https:\/\/roveyayinevi.com.tr\/index.php\/wp-json\/wp\/v2\/types\/product"}],"wp:attachment":[{"href":"https:\/\/roveyayinevi.com.tr\/index.php\/wp-json\/wp\/v2\/media?parent=770905"}],"wp:term":[{"taxonomy":"product_brand","embeddable":true,"href":"https:\/\/roveyayinevi.com.tr\/index.php\/wp-json\/wp\/v2\/product_brand?post=770905"},{"taxonomy":"product_cat","embeddable":true,"href":"https:\/\/roveyayinevi.com.tr\/index.php\/wp-json\/wp\/v2\/product_cat?post=770905"},{"taxonomy":"product_tag","embeddable":true,"href":"https:\/\/roveyayinevi.com.tr\/index.php\/wp-json\/wp\/v2\/product_tag?post=770905"}],"curies":[{"name":"wp","href":"https:\/\/api.w.org\/{rel}","templated":true}]}}