{"id":770904,"date":"2025-08-28T14:46:51","date_gmt":"2025-08-28T11:46:51","guid":{"rendered":"https:\/\/roveyayinevi.com.tr\/index.php\/urun\/dakikalar-icinde-borsa\/"},"modified":"2026-04-15T03:37:14","modified_gmt":"2026-04-15T00:37:14","slug":"dakikalar-icinde-borsa","status":"publish","type":"product","link":"https:\/\/roveyayinevi.com.tr\/index.php\/urun\/dakikalar-icinde-borsa\/","title":{"rendered":"Dakikalar \u0130\u00e7inde Borsa"},"content":{"rendered":"<p>BORSAYA DA\u0130R B\u0130LMEN\u0130Z GEREKEN HER \u015eEY Borsa, modern ekonomilerin temel yap\u0131ta\u015flar\u0131ndan biri. G\u00fcndelik hayat\u0131m\u0131z\u0131n \u00e7o\u011fu an\u0131nda bir \u015fekilde haberdar olsak da borsaya dair bilgilerimiz s\u0131n\u0131rl\u0131. Dakikalar \u0130\u00e7inde Borsa ise bu bilgi s\u0131n\u0131r\u0131m\u0131z\u0131 a\u015fmay\u0131 ve finansal okuryazarl\u0131\u011f\u0131m\u0131z\u0131 art\u0131rmay\u0131 hedefliyor.   Borsaya dair temel kavramlar\u0131 sistematik \u015fekilde sunan Dakikalar \u0130\u00e7inde Borsa, hisse senetleri, endeksler, halka arz s\u00fcre\u00e7leri, yat\u0131r\u0131mc\u0131 t\u00fcrleri, piyasa dinamikleri ve i\u015flem yap\u0131s\u0131na dair temel bilgileri herkesin anlayaca\u011f\u0131 bir dilde anlat\u0131yor. Sade ve ak\u0131c\u0131 diliyle fiyat grafikleri, teknik analiz g\u00f6stergeleri, temel analiz yakla\u015f\u0131mlar\u0131, risk-getiri dengesi ve portf\u00f6y olu\u015fturma gibi yat\u0131r\u0131m kararlar\u0131n\u0131 etkileyen teknik konular\u0131 da \u00f6rneklerle sunuyor.   Borsaya dair daha \u00f6nce yay\u0131mlad\u0131\u011f\u0131 kitaplarla ses getiren yat\u0131r\u0131mc\u0131 ve akademisyen Do\u00e7. Dr. Serkan \u00dcnal, Dakikalar \u0130\u00e7inde Borsa ile temel kavramlardan endekslere, borsa i\u015flemlerinden yat\u0131r\u0131mc\u0131 psikolojisine, sermaye kararlar\u0131ndan fonlara, hisse senetlerinden piyasa dinamiklerine kadar borsaya dair bilmeniz gereken kavram ve stratejileri g\u00f6rseller ve dikkat \u00e7eken bir \u00fcslupla sunuyor. Dakikalar \u0130\u00e7inde Borsa, borsaya ad\u0131m atmak isteyen veya yeni ad\u0131m atm\u0131\u015f herkes i\u00e7in vazge\u00e7ilmez bir ba\u015fucu kitab\u0131.<\/p>\n","protected":false},"excerpt":{"rendered":"<p>BORSAYA DA\u0130R B\u0130LMEN\u0130Z GEREKEN HER \u015eEY Borsa, modern ekonomilerin temel yap\u0131ta\u015flar\u0131ndan biri. G\u00fcndelik hayat\u0131m\u0131z\u0131n \u00e7o\u011fu an\u0131nda bir \u015fekilde haberdar olsak da borsaya dair bilgilerimiz s\u0131n\u0131rl\u0131. Dakikalar<span class=\"excerpt-hellip\"> [\u2026]<\/span><\/p>\n","protected":false},"featured_media":0,"template":"","meta":{"_monsterinsights_skip_tracking":false,"_monsterinsights_sitenote_active":false,"_monsterinsights_sitenote_note":"","_monsterinsights_sitenote_category":0},"product_brand":[],"product_cat":[13043],"product_tag":[],"class_list":{"0":"post-770904","1":"product","2":"type-product","3":"status-publish","5":"product_cat-ekonomi","6":"pa_cilt-ciltsiz","7":"pa_tur-kitap","8":"pa_yayinevi-kronik-kitap","9":"pa_yazar-serkan-unal","11":"first","12":"instock","13":"sale","14":"shipping-taxable","15":"purchasable","16":"product-type-simple"},"_links":{"self":[{"href":"https:\/\/roveyayinevi.com.tr\/index.php\/wp-json\/wp\/v2\/product\/770904","targetHints":{"allow":["GET"]}}],"collection":[{"href":"https:\/\/roveyayinevi.com.tr\/index.php\/wp-json\/wp\/v2\/product"}],"about":[{"href":"https:\/\/roveyayinevi.com.tr\/index.php\/wp-json\/wp\/v2\/types\/product"}],"wp:attachment":[{"href":"https:\/\/roveyayinevi.com.tr\/index.php\/wp-json\/wp\/v2\/media?parent=770904"}],"wp:term":[{"taxonomy":"product_brand","embeddable":true,"href":"https:\/\/roveyayinevi.com.tr\/index.php\/wp-json\/wp\/v2\/product_brand?post=770904"},{"taxonomy":"product_cat","embeddable":true,"href":"https:\/\/roveyayinevi.com.tr\/index.php\/wp-json\/wp\/v2\/product_cat?post=770904"},{"taxonomy":"product_tag","embeddable":true,"href":"https:\/\/roveyayinevi.com.tr\/index.php\/wp-json\/wp\/v2\/product_tag?post=770904"}],"curies":[{"name":"wp","href":"https:\/\/api.w.org\/{rel}","templated":true}]}}