{"id":770903,"date":"2025-08-28T14:46:50","date_gmt":"2025-08-28T11:46:50","guid":{"rendered":"https:\/\/roveyayinevi.com.tr\/index.php\/urun\/icimizdeki-biz-2\/"},"modified":"2026-04-15T03:37:14","modified_gmt":"2026-04-15T00:37:14","slug":"icimizdeki-biz-2","status":"publish","type":"product","link":"https:\/\/roveyayinevi.com.tr\/index.php\/urun\/icimizdeki-biz-2\/","title":{"rendered":"\u0130\u00e7imizdeki Biz"},"content":{"rendered":"<p>\u201cBireyin sorunun de\u011fil, \u00e7\u00f6z\u00fcm\u00fcn bir par\u00e7as\u0131 olmaya karar vermesi; bu karar\u0131n\u0131 s\u00f6ze d\u00f6kmesi ve s\u00f6z\u00fc ile b\u00fct\u00fcnl\u00fck i\u00e7inde ya\u015famas\u0131 sahip oldu\u011fu en b\u00fcy\u00fck g\u00fc\u00e7 kayna\u011f\u0131d\u0131r. Bir tek insan bir aileyi, bir tek insan bir \u015firketi, bir tek insan bir ulusu, bir tek insan t\u00fcm d\u00fcnyay\u0131 etkileme g\u00fcc\u00fcne sahiptir. D\u00fcnya tarihi bunun \u00f6rnekleriyle doludur. Aileniz i\u00e7in, i\u015fyeriniz i\u00e7in B\u0130Z Bilinci\u2019ni uygulayan ki\u015fi siz olabilirsiniz.\u201d\u00beDo\u011fan C\u00fccelo\u011flu   \u00c7evremizde g\u00f6rd\u00fcklerimiz baz\u0131 davran\u0131\u015flar\u0131n sonu\u00e7lar\u0131d\u0131r. Bu davran\u0131\u015flar bir bo\u015flukta olu\u015fmaz. Her insan davran\u0131\u015f\u0131, o davran\u0131\u015f\u0131 yapan insan\u0131n bilincinin aynas\u0131d\u0131r. Dayan\u0131\u015fma bilincinin olmad\u0131\u011f\u0131 yerde Sen-Ben Anlay\u0131\u015f\u0131 h\u00e2kimdir; sorunlar\u0131 bu anlay\u0131\u015f yarat\u0131r. S\u00fcrekli etkile\u015fim yuma\u011f\u0131 i\u00e7inde oldu\u011fumuzun bilincine var\u0131nca \u201cB\u0130Z\u201din fark\u0131na var\u0131r\u0131z. Bu fark\u0131ndal\u0131k, sorunlar\u0131n \u00e7\u00f6z\u00fcm\u00fcnde en etkili dayanaklardan biridir. \u0130nsan ili\u015fkilerinde en \u00f6nemli duygu g\u00fcven duygusudur. B\u0130Z Bilinci\u2019ni ya\u015fayan insanlar\u0131n olu\u015fturdu\u011fu bir toplumda, insanlar birbirlerine g\u00fcven duyarlar. Aile ya\u015fam\u0131, kom\u015fuluk ili\u015fkileri, ekonomik ve politik ya\u015fam bu g\u00fcven \u00fczerine kurulur. B\u00f6yle bir toplumda trafik \u0131\u015f\u0131\u011f\u0131nda motoru duran araca k\u00fcf\u00fcr de\u011fil, yard\u0131m eli uzan\u0131r. \u0130nsanlar \u00e7ocuklar\u0131n\u0131n gelece\u011fine ve topraklar\u0131na sahip \u00e7\u0131kt\u0131klar\u0131 kadar a\u011fa\u00e7lar\u0131na, ku\u015flar\u0131na, bal\u0131klar\u0131na da sahip \u00e7\u0131karlar. Evlerinin i\u00e7i kadar sokaklar\u0131n\u0131n ve kentlerinin temizli\u011fine de \u00f6nem verirler. Do\u011fan C\u00fccelo\u011flu, k\u0131ymetli bak\u0131\u015f a\u00e7\u0131s\u0131yla \u0130\u00e7imizdeki Biz kitab\u0131nda, Sen-Ben Anlay\u0131\u015f\u0131 \u00fczerine kurulmu\u015f aile, i\u015f ve toplum ya\u015fam\u0131n\u0131n sorunlar\u0131n\u0131 irdeliyor ve B\u0130Z Bilinci ile \u00e7\u00f6z\u00fcme ula\u015fma yollar\u0131n\u0131 g\u00f6steriyor.<\/p>\n","protected":false},"excerpt":{"rendered":"<p>\u201cBireyin sorunun de\u011fil, \u00e7\u00f6z\u00fcm\u00fcn bir par\u00e7as\u0131 olmaya karar vermesi; bu karar\u0131n\u0131 s\u00f6ze d\u00f6kmesi ve s\u00f6z\u00fc ile b\u00fct\u00fcnl\u00fck i\u00e7inde ya\u015famas\u0131 sahip oldu\u011fu en b\u00fcy\u00fck g\u00fc\u00e7 kayna\u011f\u0131d\u0131r. Bir<span class=\"excerpt-hellip\"> [\u2026]<\/span><\/p>\n","protected":false},"featured_media":0,"template":"","meta":{"_monsterinsights_skip_tracking":false,"_monsterinsights_sitenote_active":false,"_monsterinsights_sitenote_note":"","_monsterinsights_sitenote_category":0},"product_brand":[],"product_cat":[12357],"product_tag":[],"class_list":{"0":"post-770903","1":"product","2":"type-product","3":"status-publish","5":"product_cat-psikoloji","6":"pa_cilt-ciltsiz","7":"pa_tur-kitap","8":"pa_yayinevi-kronik-kitap","9":"pa_yazar-dogan-cuceloglu","11":"first","12":"instock","13":"sale","14":"shipping-taxable","15":"purchasable","16":"product-type-simple"},"_links":{"self":[{"href":"https:\/\/roveyayinevi.com.tr\/index.php\/wp-json\/wp\/v2\/product\/770903","targetHints":{"allow":["GET"]}}],"collection":[{"href":"https:\/\/roveyayinevi.com.tr\/index.php\/wp-json\/wp\/v2\/product"}],"about":[{"href":"https:\/\/roveyayinevi.com.tr\/index.php\/wp-json\/wp\/v2\/types\/product"}],"wp:attachment":[{"href":"https:\/\/roveyayinevi.com.tr\/index.php\/wp-json\/wp\/v2\/media?parent=770903"}],"wp:term":[{"taxonomy":"product_brand","embeddable":true,"href":"https:\/\/roveyayinevi.com.tr\/index.php\/wp-json\/wp\/v2\/product_brand?post=770903"},{"taxonomy":"product_cat","embeddable":true,"href":"https:\/\/roveyayinevi.com.tr\/index.php\/wp-json\/wp\/v2\/product_cat?post=770903"},{"taxonomy":"product_tag","embeddable":true,"href":"https:\/\/roveyayinevi.com.tr\/index.php\/wp-json\/wp\/v2\/product_tag?post=770903"}],"curies":[{"name":"wp","href":"https:\/\/api.w.org\/{rel}","templated":true}]}}