{"id":770902,"date":"2025-08-28T14:46:49","date_gmt":"2025-08-28T11:46:49","guid":{"rendered":"https:\/\/roveyayinevi.com.tr\/index.php\/urun\/bu-iliskiyi-konusmaliyiz\/"},"modified":"2026-04-15T03:37:14","modified_gmt":"2026-04-15T00:37:14","slug":"bu-iliskiyi-konusmaliyiz","status":"publish","type":"product","link":"https:\/\/roveyayinevi.com.tr\/index.php\/urun\/bu-iliskiyi-konusmaliyiz\/","title":{"rendered":"Bu \u0130li\u015fkiyi Konu\u015fmal\u0131y\u0131z"},"content":{"rendered":"<p>Konumuz \u201cili\u015fkiler\u201d olunca konu\u015fmam\u0131z gerekenleri konu\u015fmuyoruz. Fl\u00f6rt, evlilik, cinsellik\u2026Narsistler, g\u00fc\u00e7s\u00fczler, m\u00fckemmeliyet\u00e7iler\u2026Her ili\u015fkinin kontrat\u0131n\u0131n ana maddesi sadakat\u2026Ve hakikat\u2026 Hep aray\u0131p durdu\u011fumuz ve fakat hep de elimizden ka\u00e7an o hakikat\u2026 \u0130li\u015fkiler, \u00e7ift olma h\u00e2li, bu konuda kan\u0131ksad\u0131klar\u0131m\u0131z, susturulduklar\u0131m\u0131z bahsinde ilk akla gelen isim, \u00fclkemizin k\u0131ymetli psikiyatrlar\u0131ndan G\u00fclcan \u00d6zer; uzun zaman sonra okurlar\u0131yla bulu\u015fuyor! Bu kitapta; hayat ak\u0131p giderken ili\u015fkilerin, a\u015fklar\u0131n ba\u015f\u0131na ne geldi\u011fine dair her \u015fey konu\u015fuluyor. \u00c7\u00fcnk\u00fc ili\u015fkiyi konu\u015fmal\u0131y\u0131z. Her ili\u015fkiyi konu\u015fmal\u0131y\u0131z. Bu ili\u015fkiyi konu\u015fmal\u0131y\u0131z. \u0130li\u015fkilere dair repertuar bilgimiz nereden gelir?\u0130nsanlar birbirlerine hangi \u00f6zelliklerine g\u00f6re \u00e7ekilir?Bir ili\u015fkideki marazlar iyile\u015fince ili\u015fki biter mi? Etrafta ger\u00e7ekten s\u00f6ylendi\u011fi kadar \u00e7ok narsist var m\u0131?Ba\u015fkas\u0131n\u0131 de\u011fi\u015ftirmeye \u00e7al\u0131\u015fmak, kendimizle ilgili neye i\u015faret eder?Evlilik ger\u00e7ekten ak\u0131l i\u015fi midir?\u015eehvet ile \u015fefkat neden birbirinin rakibidir?Anneli\u011fin bazen durdurulmas\u0131 m\u0131 gerekir? G\u00fclcan \u00d6zer; Yenal Bilgici\u2019nin sorular\u0131n\u0131, a\u015fka da ili\u015fkiye de torpil ge\u00e7meden yan\u0131tlad\u0131. Bu \u0130li\u015fkiyi Konu\u015fmal\u0131y\u0131z; \u201cHer ili\u015fkinin bir \u00f6mr\u00fc vard\u0131r,\u201d diyebilen, evlenilen yahut sevgili olunan, bo\u015fan\u0131lacak ise helalle\u015fen, ayr\u0131lmay\u0131 bilen, ya\u015fad\u0131klar\u0131ndan \u00f6\u011frenen, fl\u00f6rt\u00fcn \u00e7ok m\u00fchim oldu\u011funu unutmayan, kendi ile tan\u0131\u015f\u0131k, her r\u00fczg\u00e2rda savrulmayan ki\u015filerden olabilme umuduyla\u2026 <\/p>\n","protected":false},"excerpt":{"rendered":"<p>Konumuz \u201cili\u015fkiler\u201d olunca konu\u015fmam\u0131z gerekenleri konu\u015fmuyoruz. Fl\u00f6rt, evlilik, cinsellik\u2026Narsistler, g\u00fc\u00e7s\u00fczler, m\u00fckemmeliyet\u00e7iler\u2026Her ili\u015fkinin kontrat\u0131n\u0131n ana maddesi sadakat\u2026Ve hakikat\u2026 Hep aray\u0131p durdu\u011fumuz ve fakat hep de elimizden ka\u00e7an<span class=\"excerpt-hellip\"> [\u2026]<\/span><\/p>\n","protected":false},"featured_media":0,"template":"","meta":{"_monsterinsights_skip_tracking":false,"_monsterinsights_sitenote_active":false,"_monsterinsights_sitenote_note":"","_monsterinsights_sitenote_category":0},"product_brand":[],"product_cat":[13835],"product_tag":[],"class_list":{"0":"post-770902","1":"product","2":"type-product","3":"status-publish","5":"product_cat-cok-satanlar","6":"pa_cilt-ciltsiz","7":"pa_tur-kitap","8":"pa_yayinevi-kronik-kitap","9":"pa_yazar-gulcan-ozer","11":"first","12":"instock","13":"sale","14":"shipping-taxable","15":"purchasable","16":"product-type-simple"},"_links":{"self":[{"href":"https:\/\/roveyayinevi.com.tr\/index.php\/wp-json\/wp\/v2\/product\/770902","targetHints":{"allow":["GET"]}}],"collection":[{"href":"https:\/\/roveyayinevi.com.tr\/index.php\/wp-json\/wp\/v2\/product"}],"about":[{"href":"https:\/\/roveyayinevi.com.tr\/index.php\/wp-json\/wp\/v2\/types\/product"}],"wp:attachment":[{"href":"https:\/\/roveyayinevi.com.tr\/index.php\/wp-json\/wp\/v2\/media?parent=770902"}],"wp:term":[{"taxonomy":"product_brand","embeddable":true,"href":"https:\/\/roveyayinevi.com.tr\/index.php\/wp-json\/wp\/v2\/product_brand?post=770902"},{"taxonomy":"product_cat","embeddable":true,"href":"https:\/\/roveyayinevi.com.tr\/index.php\/wp-json\/wp\/v2\/product_cat?post=770902"},{"taxonomy":"product_tag","embeddable":true,"href":"https:\/\/roveyayinevi.com.tr\/index.php\/wp-json\/wp\/v2\/product_tag?post=770902"}],"curies":[{"name":"wp","href":"https:\/\/api.w.org\/{rel}","templated":true}]}}