{"id":770900,"date":"2025-08-28T14:46:45","date_gmt":"2025-08-28T11:46:45","guid":{"rendered":"https:\/\/roveyayinevi.com.tr\/index.php\/urun\/bektasi-kizilbas-alevi-sairleri-ve-nefesleri\/"},"modified":"2026-04-15T03:37:14","modified_gmt":"2026-04-15T00:37:14","slug":"bektasi-kizilbas-alevi-sairleri-ve-nefesleri","status":"publish","type":"product","link":"https:\/\/roveyayinevi.com.tr\/index.php\/urun\/bektasi-kizilbas-alevi-sairleri-ve-nefesleri\/","title":{"rendered":"Bekta\u015fi K\u0131z\u0131lba\u015f Alevi \u015eairleri ve Nefesleri"},"content":{"rendered":"<p>Bu kitap T\u00fcrk edebiyat tarihi alan\u0131nda \u00f6nemli \u00e7al\u0131\u015fmalar\u0131 olan Sadettin N\u00fczhet Ergun\u2019un Bekta\u015f\u00ee \u015eairleri ve Nefesleri adl\u0131 kitab\u0131n \u00fc\u00e7\u00fcnc\u00fc cildidir. Kitap edebiyat tarihi i\u00e7in oldu\u011fu kadar Bekta\u015f\u00eelik \u00e7al\u0131\u015fmalar\u0131 i\u00e7in de \u00f6nemlidir. <\/p>\n","protected":false},"excerpt":{"rendered":"<p>Bu kitap T\u00fcrk edebiyat tarihi alan\u0131nda \u00f6nemli \u00e7al\u0131\u015fmalar\u0131 olan Sadettin N\u00fczhet Ergun\u2019un Bekta\u015f\u00ee \u015eairleri ve Nefesleri adl\u0131 kitab\u0131n \u00fc\u00e7\u00fcnc\u00fc cildidir. Kitap edebiyat tarihi i\u00e7in oldu\u011fu kadar<span class=\"excerpt-hellip\"> [\u2026]<\/span><\/p>\n","protected":false},"featured_media":0,"template":"","meta":{"_monsterinsights_skip_tracking":false,"_monsterinsights_sitenote_active":false,"_monsterinsights_sitenote_note":"","_monsterinsights_sitenote_category":0},"product_brand":[],"product_cat":[13575,12718,12719],"product_tag":[],"class_list":{"0":"post-770900","1":"product","2":"type-product","3":"status-publish","5":"product_cat-alevilik-bektasilik","6":"product_cat-din","7":"product_cat-islam","8":"pa_cilt-ciltsiz","9":"pa_tur-kitap","10":"pa_yayinevi-bilgesu-yayincilik","11":"pa_yazar-sadeddin-nuzhet-ergun","13":"first","14":"instock","15":"sale","16":"shipping-taxable","17":"purchasable","18":"product-type-simple"},"_links":{"self":[{"href":"https:\/\/roveyayinevi.com.tr\/index.php\/wp-json\/wp\/v2\/product\/770900","targetHints":{"allow":["GET"]}}],"collection":[{"href":"https:\/\/roveyayinevi.com.tr\/index.php\/wp-json\/wp\/v2\/product"}],"about":[{"href":"https:\/\/roveyayinevi.com.tr\/index.php\/wp-json\/wp\/v2\/types\/product"}],"wp:attachment":[{"href":"https:\/\/roveyayinevi.com.tr\/index.php\/wp-json\/wp\/v2\/media?parent=770900"}],"wp:term":[{"taxonomy":"product_brand","embeddable":true,"href":"https:\/\/roveyayinevi.com.tr\/index.php\/wp-json\/wp\/v2\/product_brand?post=770900"},{"taxonomy":"product_cat","embeddable":true,"href":"https:\/\/roveyayinevi.com.tr\/index.php\/wp-json\/wp\/v2\/product_cat?post=770900"},{"taxonomy":"product_tag","embeddable":true,"href":"https:\/\/roveyayinevi.com.tr\/index.php\/wp-json\/wp\/v2\/product_tag?post=770900"}],"curies":[{"name":"wp","href":"https:\/\/api.w.org\/{rel}","templated":true}]}}