{"id":770894,"date":"2025-08-28T14:46:35","date_gmt":"2025-08-28T11:46:35","guid":{"rendered":"https:\/\/roveyayinevi.com.tr\/index.php\/urun\/yildiz-tozu-4\/"},"modified":"2026-04-15T03:37:14","modified_gmt":"2026-04-15T00:37:14","slug":"yildiz-tozu-4","status":"publish","type":"product","link":"https:\/\/roveyayinevi.com.tr\/index.php\/urun\/yildiz-tozu-4\/","title":{"rendered":"Y\u0131ld\u0131z Tozu"},"content":{"rendered":"<p>Y\u0131ld\u0131z Tozu, evrende hi\u00e7bir maddeye benzemeyen, zaman\u0131n ve mek\u00e2n\u0131n \u00f6tesinde bir elementtir. I\u015f\u0131lt\u0131l\u0131, hareketli kristallerden olu\u015fan bir sis gibi havada s\u00fcz\u00fclmekte ve benzersiz par\u0131lt\u0131s\u0131yla hem bir enerji kayna\u011f\u0131 hem de bir bilin\u00e7 yolculu\u011fu yapt\u0131rmaktad\u0131r.    Elinize ald\u0131\u011f\u0131n\u0131zda so\u011fuk ama i\u00e7ten yanan bir s\u0131cakl\u0131k hissi verir. Havaya serpildi\u011finde, galaksi mavisi ve g\u00fcm\u00fc\u015f\u00ee \u0131\u015f\u0131klarla dans eden bir duman gibi kaybolur; ancak temas etti\u011fi her \u015feyi de\u011fi\u015ftirir.    Ger\u00e7ekli\u011fi b\u00fckebilir. Haf\u0131zalar\u0131 silebilir. Zaman\u0131 k\u0131rabilir.    Onu di\u011fer par\u00e7alar\u0131ndan ay\u0131ran as\u0131l unsur, i\u00e7inde &#8220;Nesessica&#8221; adl\u0131 bir elementi bar\u0131nd\u0131rmas\u0131d\u0131r. Uzay gemilerinden ya\u015fayan varl\u0131klara kadar her \u015feyi besleyebilecek kadar g\u00fc\u00e7l\u00fc, ama bir o kadar da tehlikeli ve narindir.    Yanl\u0131\u015f kullan\u0131ld\u0131\u011f\u0131nda evrenin dokusunu \u00e7\u00f6z\u00fcp zaman\u0131 un ufak eden bir kaosa neden olabilir; uzayda yar\u0131klar olu\u015fturarak canavarlar\u0131n istilas\u0131na yol a\u00e7abilir. Bu kadar hassas oldu\u011fu i\u00e7in Nesessica elementini i\u00e7eren Y\u0131ld\u0131z Tozu&#8217;nu \u00e7ok s\u0131k kullanmamakta fayda vard\u0131r.    Y\u0131ld\u0131z Tozu, sadece kozmik bir madde de\u011fil, varolu\u015fun \u00f6z\u00fcne a\u00e7\u0131lan bir kap\u0131d\u0131r.<\/p>\n","protected":false},"excerpt":{"rendered":"<p>Y\u0131ld\u0131z Tozu, evrende hi\u00e7bir maddeye benzemeyen, zaman\u0131n ve mek\u00e2n\u0131n \u00f6tesinde bir elementtir. I\u015f\u0131lt\u0131l\u0131, hareketli kristallerden olu\u015fan bir sis gibi havada s\u00fcz\u00fclmekte ve benzersiz par\u0131lt\u0131s\u0131yla hem bir<span class=\"excerpt-hellip\"> [\u2026]<\/span><\/p>\n","protected":false},"featured_media":0,"template":"","meta":{"_monsterinsights_skip_tracking":false,"_monsterinsights_sitenote_active":false,"_monsterinsights_sitenote_note":"","_monsterinsights_sitenote_category":0},"product_brand":[],"product_cat":[12291,14777],"product_tag":[],"class_list":{"0":"post-770894","1":"product","2":"type-product","3":"status-publish","5":"product_cat-edebiyat","6":"product_cat-fantastik","7":"pa_cilt-ciltsiz","8":"pa_tur-kitap","9":"pa_yayinevi-perseus","10":"pa_yazar-elif-z-hebiloglu","12":"first","13":"instock","14":"sale","15":"shipping-taxable","16":"purchasable","17":"product-type-simple"},"_links":{"self":[{"href":"https:\/\/roveyayinevi.com.tr\/index.php\/wp-json\/wp\/v2\/product\/770894","targetHints":{"allow":["GET"]}}],"collection":[{"href":"https:\/\/roveyayinevi.com.tr\/index.php\/wp-json\/wp\/v2\/product"}],"about":[{"href":"https:\/\/roveyayinevi.com.tr\/index.php\/wp-json\/wp\/v2\/types\/product"}],"wp:attachment":[{"href":"https:\/\/roveyayinevi.com.tr\/index.php\/wp-json\/wp\/v2\/media?parent=770894"}],"wp:term":[{"taxonomy":"product_brand","embeddable":true,"href":"https:\/\/roveyayinevi.com.tr\/index.php\/wp-json\/wp\/v2\/product_brand?post=770894"},{"taxonomy":"product_cat","embeddable":true,"href":"https:\/\/roveyayinevi.com.tr\/index.php\/wp-json\/wp\/v2\/product_cat?post=770894"},{"taxonomy":"product_tag","embeddable":true,"href":"https:\/\/roveyayinevi.com.tr\/index.php\/wp-json\/wp\/v2\/product_tag?post=770894"}],"curies":[{"name":"wp","href":"https:\/\/api.w.org\/{rel}","templated":true}]}}