{"id":770893,"date":"2025-08-28T14:46:33","date_gmt":"2025-08-28T11:46:33","guid":{"rendered":"https:\/\/roveyayinevi.com.tr\/index.php\/urun\/siirler-3\/"},"modified":"2026-04-15T03:37:14","modified_gmt":"2026-04-15T00:37:14","slug":"siirler-3","status":"publish","type":"product","link":"https:\/\/roveyayinevi.com.tr\/index.php\/urun\/siirler-3\/","title":{"rendered":"\u015eiirler"},"content":{"rendered":"<p>\u201cDedemin \u015fiirlerini bu kitapta okurlarla bulu\u015ftururken, her dizede sakl\u0131 olan samimi duygular\u0131n sizlere de ge\u00e7ece\u011fine inan\u0131yorum. \u015eiirlerin \u00e7o\u011fu, g\u00fcnl\u00fck hayatta g\u00f6zden ka\u00e7an k\u00fc\u00e7\u00fcc\u00fck ayr\u0131nt\u0131lar\u0131 g\u00f6zler \u00f6n\u00fcne seriyor; bazense derin bir d\u00fc\u015f\u00fcn\u00fc\u015f\u00fcn sesini duyuruyor. T\u0131pk\u0131 onun ki\u015fili\u011fi gibi: Sessiz ama bir o kadar da derin\u2026\u201d   Bu kitap, hem Turan G\u00fcrb\u00fczer\u2019in kaleminden d\u00f6k\u00fclen duygusal bir miras hem de her sat\u0131r\u0131nda kendi hayat\u0131m\u0131zdan birer par\u00e7a bulabilece\u011fimiz, samimi bir yolculuk. Her \u015fiir, bazen bir sevinci y\u00fcceltiyor, bazen de i\u00e7imizde saklad\u0131\u011f\u0131m\u0131z yaralar\u0131 dile getiriyor. Ac\u0131, h\u00fcz\u00fcn, umut ve sevgi dolu bu yolculu\u011fa siz de davetlisiniz. Bu sat\u0131rlar\u0131n i\u00e7inde kendi hik\u00e2yenizi bulacaks\u0131n\u0131z. <\/p>\n","protected":false},"excerpt":{"rendered":"<p>\u201cDedemin \u015fiirlerini bu kitapta okurlarla bulu\u015ftururken, her dizede sakl\u0131 olan samimi duygular\u0131n sizlere de ge\u00e7ece\u011fine inan\u0131yorum. \u015eiirlerin \u00e7o\u011fu, g\u00fcnl\u00fck hayatta g\u00f6zden ka\u00e7an k\u00fc\u00e7\u00fcc\u00fck ayr\u0131nt\u0131lar\u0131 g\u00f6zler \u00f6n\u00fcne<span class=\"excerpt-hellip\"> [\u2026]<\/span><\/p>\n","protected":false},"featured_media":0,"template":"","meta":{"_monsterinsights_skip_tracking":false,"_monsterinsights_sitenote_active":false,"_monsterinsights_sitenote_note":"","_monsterinsights_sitenote_category":0},"product_brand":[],"product_cat":[12291,12509],"product_tag":[],"class_list":{"0":"post-770893","1":"product","2":"type-product","3":"status-publish","5":"product_cat-edebiyat","6":"product_cat-siir","7":"pa_cilt-ciltsiz","8":"pa_tur-kitap","9":"pa_yayinevi-perseus","10":"pa_yazar-turan-gurbuzer","12":"first","13":"instock","14":"sale","15":"shipping-taxable","16":"purchasable","17":"product-type-simple"},"_links":{"self":[{"href":"https:\/\/roveyayinevi.com.tr\/index.php\/wp-json\/wp\/v2\/product\/770893","targetHints":{"allow":["GET"]}}],"collection":[{"href":"https:\/\/roveyayinevi.com.tr\/index.php\/wp-json\/wp\/v2\/product"}],"about":[{"href":"https:\/\/roveyayinevi.com.tr\/index.php\/wp-json\/wp\/v2\/types\/product"}],"wp:attachment":[{"href":"https:\/\/roveyayinevi.com.tr\/index.php\/wp-json\/wp\/v2\/media?parent=770893"}],"wp:term":[{"taxonomy":"product_brand","embeddable":true,"href":"https:\/\/roveyayinevi.com.tr\/index.php\/wp-json\/wp\/v2\/product_brand?post=770893"},{"taxonomy":"product_cat","embeddable":true,"href":"https:\/\/roveyayinevi.com.tr\/index.php\/wp-json\/wp\/v2\/product_cat?post=770893"},{"taxonomy":"product_tag","embeddable":true,"href":"https:\/\/roveyayinevi.com.tr\/index.php\/wp-json\/wp\/v2\/product_tag?post=770893"}],"curies":[{"name":"wp","href":"https:\/\/api.w.org\/{rel}","templated":true}]}}