{"id":770890,"date":"2025-08-28T14:46:28","date_gmt":"2025-08-28T11:46:28","guid":{"rendered":"https:\/\/roveyayinevi.com.tr\/index.php\/urun\/sanatin-kisa-tarihi-ciltli-2\/"},"modified":"2026-04-15T03:37:14","modified_gmt":"2026-04-15T00:37:14","slug":"sanatin-kisa-tarihi-ciltli-2","status":"publish","type":"product","link":"https:\/\/roveyayinevi.com.tr\/index.php\/urun\/sanatin-kisa-tarihi-ciltli-2\/","title":{"rendered":"Sanat\u0131n K\u0131sa Tarihi (Ciltli)"},"content":{"rendered":"<p>Sanat, d\u00fcnyay\u0131 farkl\u0131 g\u00f6rmemize veya d\u00fcnyadaki yerimizi biraz daha net anlamam\u0131za yard\u0131mc\u0131 olabilir. Bazen nedenini a\u00e7\u0131klayamasak bile bizi duygusal olarak etkileyebilir. Japonya ve Hindistan&#8217;dan G\u00fcney Amerika ve Ortado\u011fu&#8217;ya uzanan Charlotte Mullins, g\u00f6z ard\u0131 edilmi\u015f bir dizi sanat\u00e7\u0131y\u0131 sergiliyor ve sanat\u0131n kolektif k\u00fclt\u00fcr\u00fcm\u00fczdeki \u00f6nemli yerini kutluyor. Bu k\u0131sa tarih bizi terrakotta ordusu gibi s\u0131rad\u0131\u015f\u0131 anonim yarat\u0131mlarla, Donatello ve Michelangelo gibi R\u00f6nesans ustalar\u0131yla ve Frida Kahlo, Barbara Hepworth ve Yayoi Kusama gibi modern \u00f6nc\u00fclerle tan\u0131\u015ft\u0131r\u0131yor.   \u201cBu canl\u0131 kitap, \u00f6\u011frenciler i\u00e7in oldu\u011fu kadar konuya daha fazla h\u00e2kim olmak isteyen her okur i\u00e7in de idealdir. Kitab\u0131 bitirdi\u011finizde i\u00e7inizde, sanat ve insan\u0131n hik\u00e2yesine dair kapsaml\u0131 bir takdir duygusu kal\u0131yor.\u201d   \u2013Meghan Cox Gurdon, Wall Street Journal \u201cBildi\u011fimiz haliyle sanat tarihine yepyeni bir bak\u0131\u015f a\u00e7\u0131s\u0131.\u201d \u2013Katy Hessel, The Great Women Artists Podcast \u201cEnerjik ve ayd\u0131nlat\u0131c\u0131, muhte\u015fem bir kitap.\u201d \u2013Edmund de Waal <\/p>\n","protected":false},"excerpt":{"rendered":"<p>Sanat, d\u00fcnyay\u0131 farkl\u0131 g\u00f6rmemize veya d\u00fcnyadaki yerimizi biraz daha net anlamam\u0131za yard\u0131mc\u0131 olabilir. Bazen nedenini a\u00e7\u0131klayamasak bile bizi duygusal olarak etkileyebilir. Japonya ve Hindistan&#8217;dan G\u00fcney Amerika<span class=\"excerpt-hellip\"> [\u2026]<\/span><\/p>\n","protected":false},"featured_media":0,"template":"","meta":{"_monsterinsights_skip_tracking":false,"_monsterinsights_sitenote_active":false,"_monsterinsights_sitenote_note":"","_monsterinsights_sitenote_category":0},"product_brand":[],"product_cat":[12408,14197],"product_tag":[],"class_list":{"0":"post-770890","1":"product","2":"type-product","3":"status-publish","5":"product_cat-sanat","6":"product_cat-sanat-tarihi","7":"pa_cilt-ciltli","8":"pa_tur-kitap","9":"pa_yayinevi-alfa-yayinlari","10":"pa_yazar-charlotte-mullins","12":"first","13":"instock","14":"sale","15":"shipping-taxable","16":"purchasable","17":"product-type-simple"},"_links":{"self":[{"href":"https:\/\/roveyayinevi.com.tr\/index.php\/wp-json\/wp\/v2\/product\/770890","targetHints":{"allow":["GET"]}}],"collection":[{"href":"https:\/\/roveyayinevi.com.tr\/index.php\/wp-json\/wp\/v2\/product"}],"about":[{"href":"https:\/\/roveyayinevi.com.tr\/index.php\/wp-json\/wp\/v2\/types\/product"}],"wp:attachment":[{"href":"https:\/\/roveyayinevi.com.tr\/index.php\/wp-json\/wp\/v2\/media?parent=770890"}],"wp:term":[{"taxonomy":"product_brand","embeddable":true,"href":"https:\/\/roveyayinevi.com.tr\/index.php\/wp-json\/wp\/v2\/product_brand?post=770890"},{"taxonomy":"product_cat","embeddable":true,"href":"https:\/\/roveyayinevi.com.tr\/index.php\/wp-json\/wp\/v2\/product_cat?post=770890"},{"taxonomy":"product_tag","embeddable":true,"href":"https:\/\/roveyayinevi.com.tr\/index.php\/wp-json\/wp\/v2\/product_tag?post=770890"}],"curies":[{"name":"wp","href":"https:\/\/api.w.org\/{rel}","templated":true}]}}