{"id":770888,"date":"2025-08-28T14:46:25","date_gmt":"2025-08-28T11:46:25","guid":{"rendered":"https:\/\/roveyayinevi.com.tr\/index.php\/urun\/kopenhag-denizkizi-vakasi\/"},"modified":"2026-04-15T03:37:14","modified_gmt":"2026-04-15T00:37:14","slug":"kopenhag-denizkizi-vakasi","status":"publish","type":"product","link":"https:\/\/roveyayinevi.com.tr\/index.php\/urun\/kopenhag-denizkizi-vakasi\/","title":{"rendered":"Kopenhag &#8211; Denizk\u0131z\u0131 Vakas\u0131"},"content":{"rendered":"<p>\u00d6l\u00fc bir denizk\u0131z\u0131 koca bir ulusu sessizli\u011fin u\u00e7urumuna s\u00fcr\u00fckleyebilir mi? Yazar Pandolfo ile \u00e7izer Risbjerg&#8217;in sofistike bir kara mizah ve \u015fiirsel bir derinlikle yo\u011furduklar\u0131 Kopenhag &#8211; Denizk\u0131z\u0131 Vakas\u0131, Danimarka halk\u0131n\u0131 yasa bo\u011fan deh\u015fet verici bir cinayetin gizemini ayd\u0131nlatan nefes kesici bir dedektiflik maceras\u0131. Bir \u00fclkenin k\u00fclt\u00fcrel de\u011ferleri \u00fcst\u00fcne d\u00fc\u015f\u00fcnd\u00fcr\u00fcrken efsanelerin ger\u00e7eklik pay\u0131n\u0131 da sorgulatan bu etkileyici grafik roman; Wes Anderson filmlerini aratmayan masals\u0131 atmosferi ve eksantrik tiplemeleriyle parmak \u0131s\u0131rt\u0131yor.  D\u00fc\u015flerimizi kurtarmak i\u00e7in elimizden ne gelirse yapmak zorunday\u0131z, denizk\u0131zlar\u0131n\u0131 ve gezegenimizi kurtarmak ad\u0131na&#8230; Nana Miller&#8217;\u0131n bir anl\u0131k kararla \u00e7\u0131kt\u0131\u011f\u0131 Kopenhag tatili, hen\u00fcz u\u00e7aktan iner inmez b\u00fcy\u00fck bir hayal k\u0131r\u0131kl\u0131\u011f\u0131na d\u00f6n\u00fc\u015f\u00fcr. Sahilde bulunan bir denizk\u0131z\u0131 cesedi y\u00fcz\u00fcnden \u015fehirdeki b\u00fct\u00fcn ya\u015fam durmu\u015f, \u00fclkeye giri\u015f \u00e7\u0131k\u0131\u015flar kapat\u0131lm\u0131\u015ft\u0131r. \u0130nsanlar\u0131 korku ve pani\u011fe sevk eden bu s\u0131rad\u0131\u015f\u0131 olay\u0131n etkisiyle halk evlerine \u00e7ekilmi\u015f ve sokaklar bo\u015falm\u0131\u015ft\u0131r. Sessizli\u011fin ve \u00e7aresizli\u011fin kollar\u0131na d\u00fc\u015fen Nana, belirsiz bir s\u00fcreli\u011fine Kopenhag&#8217;da s\u0131k\u0131\u015f\u0131p kalm\u0131\u015ft\u0131r. Neyse ki yaln\u0131z de\u011fildir. Kald\u0131\u011f\u0131 otelde Thyge ad\u0131nda sevimli bir adamla tan\u0131\u015f\u0131r. \u0130kili, Nana&#8217;n\u0131n evine d\u00f6nebilmesi i\u00e7in dedektifli\u011fe soyunurken bir grup k\u00f6pek gezdiricisi ile birlikte boylar\u0131n\u0131 a\u015fan bir operasyonun da i\u00e7ine s\u00fcr\u00fcklenir.   Masal kenti Kopenhag&#8217;\u0131 arka fona yerle\u015ftirerek d\u00fc\u015fle ger\u00e7e\u011fin i\u00e7 i\u00e7e ge\u00e7ti\u011fi bir kurguya imza atan Pandolfo ve Risbjerg, Danimarka ulusu i\u00e7in paha bi\u00e7ilemeyen bir de\u011ferin yitirili\u015fini t\u00fcm duygular\u0131m\u0131z\u0131 harekete ge\u00e7irecek bir \u00e7arp\u0131c\u0131l\u0131kla ele al\u0131yor.  Yaratt\u0131\u011f\u0131 ger\u00e7ek\u00fcst\u00fc evrenin \u0131\u015f\u0131lt\u0131s\u0131yla hayal g\u00fcc\u00fcne, an\u0131lara ve \u00e7ocuklu\u011fa \u00f6vg\u00fc yapan kitap ayr\u0131ca, ayn\u0131 topraklarda ya\u015fayan b\u00fcy\u00fck usta Hans Christian Andersen&#8217;e sayg\u0131 duru\u015funda bulunmay\u0131 da unutmuyor.<\/p>\n","protected":false},"excerpt":{"rendered":"<p>\u00d6l\u00fc bir denizk\u0131z\u0131 koca bir ulusu sessizli\u011fin u\u00e7urumuna s\u00fcr\u00fckleyebilir mi? Yazar Pandolfo ile \u00e7izer Risbjerg&#8217;in sofistike bir kara mizah ve \u015fiirsel bir derinlikle yo\u011furduklar\u0131 Kopenhag &#8211;<span class=\"excerpt-hellip\"> [\u2026]<\/span><\/p>\n","protected":false},"featured_media":0,"template":"","meta":{"_monsterinsights_skip_tracking":false,"_monsterinsights_sitenote_active":false,"_monsterinsights_sitenote_note":"","_monsterinsights_sitenote_category":0},"product_brand":[],"product_cat":[12416,12291],"product_tag":[],"class_list":{"0":"post-770888","1":"product","2":"type-product","3":"status-publish","5":"product_cat-cizgi-roman","6":"product_cat-edebiyat","7":"pa_cilt-ciltsiz","8":"pa_tur-kitap","9":"pa_yayinevi-desen-yayinlari","10":"pa_yazar-anne-caroline-pandolfo","12":"first","13":"instock","14":"sale","15":"shipping-taxable","16":"purchasable","17":"product-type-simple"},"_links":{"self":[{"href":"https:\/\/roveyayinevi.com.tr\/index.php\/wp-json\/wp\/v2\/product\/770888","targetHints":{"allow":["GET"]}}],"collection":[{"href":"https:\/\/roveyayinevi.com.tr\/index.php\/wp-json\/wp\/v2\/product"}],"about":[{"href":"https:\/\/roveyayinevi.com.tr\/index.php\/wp-json\/wp\/v2\/types\/product"}],"wp:attachment":[{"href":"https:\/\/roveyayinevi.com.tr\/index.php\/wp-json\/wp\/v2\/media?parent=770888"}],"wp:term":[{"taxonomy":"product_brand","embeddable":true,"href":"https:\/\/roveyayinevi.com.tr\/index.php\/wp-json\/wp\/v2\/product_brand?post=770888"},{"taxonomy":"product_cat","embeddable":true,"href":"https:\/\/roveyayinevi.com.tr\/index.php\/wp-json\/wp\/v2\/product_cat?post=770888"},{"taxonomy":"product_tag","embeddable":true,"href":"https:\/\/roveyayinevi.com.tr\/index.php\/wp-json\/wp\/v2\/product_tag?post=770888"}],"curies":[{"name":"wp","href":"https:\/\/api.w.org\/{rel}","templated":true}]}}