{"id":770885,"date":"2025-08-28T14:46:20","date_gmt":"2025-08-28T11:46:20","guid":{"rendered":"https:\/\/roveyayinevi.com.tr\/index.php\/urun\/ii-abdulhamid-efsanesi-yildiz-istihbarat-teskilati\/"},"modified":"2026-04-15T03:37:13","modified_gmt":"2026-04-15T00:37:13","slug":"ii-abdulhamid-efsanesi-yildiz-istihbarat-teskilati","status":"publish","type":"product","link":"https:\/\/roveyayinevi.com.tr\/index.php\/urun\/ii-abdulhamid-efsanesi-yildiz-istihbarat-teskilati\/","title":{"rendered":"II. Abd\u00fclhamid Efsanesi \/ Y\u0131ld\u0131z \u0130stihbarat Te\u015fkilat\u0131"},"content":{"rendered":"<p>Sultan II. Abd\u00fclhamid i\u00e7in tarih ne yalanlara sahne oldu.   \u201cK\u0131z\u0131l Sultan, kan emici, Y\u0131ld\u0131z canavar\u0131, vatan\u0131n\u0131 satan adam\u201d\u2026 Daha nice kuyruklu iftiralar!\u2026 Yalan tarihin g\u00fcr\u00fclt\u00fcs\u00fcnden b\u0131kt\u0131k.   Amcas\u0131 Abd\u00fclaziz\u2019in tahttan indirilmesi ve \u015f\u00fcpheli \u00f6l\u00fcm\u00fc, a\u011fabeyi V. Murad\u2019\u0131n tahtta ge\u00e7irildikten \u00fc\u00e7 ay sonra ruhsal \u00e7\u00f6k\u00fcnt\u00fc ge\u00e7irdi\u011fi iddias\u0131yla tahttan indirilerek \u00c7\u0131ra\u011fan Saray\u0131\u2019na hapsedilmesi neticesinde ba\u015flam\u0131\u015ft\u0131 h\u00fck\u00fcmranl\u0131\u011f\u0131. Bir yandan d\u0131\u015f bor\u00e7lar, bir yandan i\u00e7 isyanlar ve kanl\u0131 darbe f\u0131rt\u0131nalar\u0131\u2026   Zor g\u00fcnlerden ge\u00e7iyordu imparatorluk.   II. Abd\u00fclhamid\u2019in otuz \u00fc\u00e7 y\u0131ll\u0131k iktidar\u0131 boyunca olu\u015fturdu\u011fu eserlerinden izledi\u011fi politikalara ve Y\u0131ld\u0131z \u0130stihbarat Te\u015fkilat\u0131\u2019n\u0131n etti\u011fi amans\u0131z m\u00fccadeleden \u015fa\u015f\u0131rt\u0131c\u0131 jurnallere kadar uzanan bir ser\u00fcven\u2026   \u0130\u015fte size sa\u011fanak sa\u011fanak tarih\u2026 Bilinmeyen y\u00f6nleriyle Sultan II. Abd\u00fclhamid Han   Bir toz zerresinde bile tarihin do\u011frusunu arayan \u015e\u00fckr\u00fc Alt\u0131n\u2019\u0131n kaleminden her sat\u0131r\u0131 d\u00fc\u015f\u00fcnd\u00fcr\u00fcc\u00fc, her sat\u0131r\u0131 sars\u0131c\u0131 bir eser\u2026 II. ABD\u00dcLHAM\u0130D EFSANES\u0130. <\/p>\n","protected":false},"excerpt":{"rendered":"<p>Sultan II. Abd\u00fclhamid i\u00e7in tarih ne yalanlara sahne oldu. \u201cK\u0131z\u0131l Sultan, kan emici, Y\u0131ld\u0131z canavar\u0131, vatan\u0131n\u0131 satan adam\u201d\u2026 Daha nice kuyruklu iftiralar!\u2026 Yalan tarihin g\u00fcr\u00fclt\u00fcs\u00fcnden b\u0131kt\u0131k.<span class=\"excerpt-hellip\"> [\u2026]<\/span><\/p>\n","protected":false},"featured_media":0,"template":"","meta":{"_monsterinsights_skip_tracking":false,"_monsterinsights_sitenote_active":false,"_monsterinsights_sitenote_note":"","_monsterinsights_sitenote_category":0},"product_brand":[],"product_cat":[12370,12304],"product_tag":[],"class_list":{"0":"post-770885","1":"product","2":"type-product","3":"status-publish","5":"product_cat-arastirma-inceleme","6":"product_cat-tarih","7":"pa_cilt-ciltsiz","8":"pa_tur-kitap","9":"pa_yayinevi-altin-aba-yayinevi","10":"pa_yazar-sukru-altin","12":"first","13":"instock","14":"sale","15":"shipping-taxable","16":"purchasable","17":"product-type-simple"},"_links":{"self":[{"href":"https:\/\/roveyayinevi.com.tr\/index.php\/wp-json\/wp\/v2\/product\/770885","targetHints":{"allow":["GET"]}}],"collection":[{"href":"https:\/\/roveyayinevi.com.tr\/index.php\/wp-json\/wp\/v2\/product"}],"about":[{"href":"https:\/\/roveyayinevi.com.tr\/index.php\/wp-json\/wp\/v2\/types\/product"}],"wp:attachment":[{"href":"https:\/\/roveyayinevi.com.tr\/index.php\/wp-json\/wp\/v2\/media?parent=770885"}],"wp:term":[{"taxonomy":"product_brand","embeddable":true,"href":"https:\/\/roveyayinevi.com.tr\/index.php\/wp-json\/wp\/v2\/product_brand?post=770885"},{"taxonomy":"product_cat","embeddable":true,"href":"https:\/\/roveyayinevi.com.tr\/index.php\/wp-json\/wp\/v2\/product_cat?post=770885"},{"taxonomy":"product_tag","embeddable":true,"href":"https:\/\/roveyayinevi.com.tr\/index.php\/wp-json\/wp\/v2\/product_tag?post=770885"}],"curies":[{"name":"wp","href":"https:\/\/api.w.org\/{rel}","templated":true}]}}