{"id":770883,"date":"2025-08-28T14:46:17","date_gmt":"2025-08-28T11:46:17","guid":{"rendered":"https:\/\/roveyayinevi.com.tr\/index.php\/urun\/hilalin-iki-muhafizi-ii-abdulhamid-r-tayyip-erdogan\/"},"modified":"2026-04-15T03:37:13","modified_gmt":"2026-04-15T00:37:13","slug":"hilalin-iki-muhafizi-ii-abdulhamid-r-tayyip-erdogan","status":"publish","type":"product","link":"https:\/\/roveyayinevi.com.tr\/index.php\/urun\/hilalin-iki-muhafizi-ii-abdulhamid-r-tayyip-erdogan\/","title":{"rendered":"Hilal\u2019in \u0130ki Muhaf\u0131z\u0131 \/ II. Abd\u00fclhamid \u2013 R. Tayyip Erdo\u011fan"},"content":{"rendered":"<p>\u0130ki memleket sevdal\u0131s\u0131, iki \u0130slam m\u00fccahidi, iki g\u00fc\u00e7l\u00fc lider ve ya\u015fad\u0131klar\u0131\u2026   Ha\u00e7l\u0131lar\u0131n d\u00fcn sald\u0131rd\u0131klar\u0131 Sultan II. Abd\u00fclhamid ve bug\u00fcn sald\u0131r\u0131lar\u0131n\u0131 s\u00fcrd\u00fcrd\u00fckleri Cumhurba\u015fkan\u0131 Recep Tayyip Erdo\u011fan&#8230;   \u0130kisinin de ba\u015f\u0131na gelen ilgin\u00e7 ama bir o kadar benzer olaylar\u0131n bu kadar \u00e7ok olmas\u0131 olduk\u00e7a manidar.   Bu kitap tarihe \u00f6nemli bir not d\u00fc\u015fmek i\u00e7in, \u201cG\u00fcnl\u00fck politikan\u0131n oyunca\u011f\u0131 olmadan, ger\u00e7ek tarihimizin say\u0131s\u0131z kaynaklar\u0131n\u0131 inceleyip bir haf\u0131za tazelenmesi yapt\u0131\u011f\u0131m\u0131z i\u00e7in resm\u00ee tarih\u00e7iler bana dar\u0131lmas\u0131n!\u201d diyen tarih\u00e7i yazar \u015e\u00fckr\u00fc Alt\u0131n taraf\u0131ndan bir hesapla\u015fma amac\u0131yla kaleme al\u0131nd\u0131.   \u00d6nyarg\u0131lar\u0131 mahk\u00fbm edip s\u0131ra d\u0131\u015f\u0131 tarihimizin g\u00f6r\u00fcnmeyenlerini okuyarak bu topraklar\u0131n, bu Hilal\u2019in, bu milletin bekas\u0131 i\u00e7in ge\u00e7mi\u015ften bug\u00fcne kendilerini siper eden iki b\u00fcy\u00fck liderin; Sultan II. Abd\u00fclhamid\u2019in ve Cumhurba\u015fkan\u0131 Recep Tayyip Erdo\u011fan\u2019\u0131n hakk\u0131n\u0131 teslim etmenin art\u0131k zaman\u0131 geldi!   <\/p>\n","protected":false},"excerpt":{"rendered":"<p>\u0130ki memleket sevdal\u0131s\u0131, iki \u0130slam m\u00fccahidi, iki g\u00fc\u00e7l\u00fc lider ve ya\u015fad\u0131klar\u0131\u2026 Ha\u00e7l\u0131lar\u0131n d\u00fcn sald\u0131rd\u0131klar\u0131 Sultan II. Abd\u00fclhamid ve bug\u00fcn sald\u0131r\u0131lar\u0131n\u0131 s\u00fcrd\u00fcrd\u00fckleri Cumhurba\u015fkan\u0131 Recep Tayyip Erdo\u011fan&#8230; \u0130kisinin<span class=\"excerpt-hellip\"> [\u2026]<\/span><\/p>\n","protected":false},"featured_media":0,"template":"","meta":{"_monsterinsights_skip_tracking":false,"_monsterinsights_sitenote_active":false,"_monsterinsights_sitenote_note":"","_monsterinsights_sitenote_category":0},"product_brand":[],"product_cat":[12370,12304],"product_tag":[],"class_list":{"0":"post-770883","1":"product","2":"type-product","3":"status-publish","5":"product_cat-arastirma-inceleme","6":"product_cat-tarih","7":"pa_cilt-ciltsiz","8":"pa_tur-kitap","9":"pa_yayinevi-altin-aba-yayinevi","10":"pa_yazar-sukru-altin","12":"first","13":"instock","14":"sale","15":"shipping-taxable","16":"purchasable","17":"product-type-simple"},"_links":{"self":[{"href":"https:\/\/roveyayinevi.com.tr\/index.php\/wp-json\/wp\/v2\/product\/770883","targetHints":{"allow":["GET"]}}],"collection":[{"href":"https:\/\/roveyayinevi.com.tr\/index.php\/wp-json\/wp\/v2\/product"}],"about":[{"href":"https:\/\/roveyayinevi.com.tr\/index.php\/wp-json\/wp\/v2\/types\/product"}],"wp:attachment":[{"href":"https:\/\/roveyayinevi.com.tr\/index.php\/wp-json\/wp\/v2\/media?parent=770883"}],"wp:term":[{"taxonomy":"product_brand","embeddable":true,"href":"https:\/\/roveyayinevi.com.tr\/index.php\/wp-json\/wp\/v2\/product_brand?post=770883"},{"taxonomy":"product_cat","embeddable":true,"href":"https:\/\/roveyayinevi.com.tr\/index.php\/wp-json\/wp\/v2\/product_cat?post=770883"},{"taxonomy":"product_tag","embeddable":true,"href":"https:\/\/roveyayinevi.com.tr\/index.php\/wp-json\/wp\/v2\/product_tag?post=770883"}],"curies":[{"name":"wp","href":"https:\/\/api.w.org\/{rel}","templated":true}]}}