{"id":770882,"date":"2025-08-28T14:46:15","date_gmt":"2025-08-28T11:46:15","guid":{"rendered":"https:\/\/roveyayinevi.com.tr\/index.php\/urun\/medine-mudafaasi-fahreddin-pasa\/"},"modified":"2026-04-15T03:37:13","modified_gmt":"2026-04-15T00:37:13","slug":"medine-mudafaasi-fahreddin-pasa","status":"publish","type":"product","link":"https:\/\/roveyayinevi.com.tr\/index.php\/urun\/medine-mudafaasi-fahreddin-pasa\/","title":{"rendered":"Medine M\u00fcdafaas\u0131 \/ Fahreddin Pa\u015fa"},"content":{"rendered":"<p>Hicaz \u0130syan\u0131\u2026 Yak\u0131n tarihimizin ger\u00e7ekleri\u2026 Bir millet kendi eliyle, kendi kan\u0131yla, kendi g\u00fcc\u00fcyle kazand\u0131\u011f\u0131 \u015ferefi unutabilir mi? Hele bang\u0131r bang\u0131r hayk\u0131ran say\u0131s\u0131z tarihi zaferlere g\u00fcle g\u00fcle mi diyece\u011fiz. Asla\u2026 Medine savunmas\u0131 s\u00fcresince, Beytullah ile Ravza-\u0131 Mutahharay\u0131 katiyen b\u0131rakmam diyen Fahreddin Pa\u015fa nas\u0131l unutulur? Mekke\u2019siz bir Osmanl\u0131 Devleti olabilir miydi? Medine \u00fcst\u00fcnde bizim bayra\u011f\u0131m\u0131z dalgalan\u0131yordu. Hicaz bizimdir diyorduk. \u015eam evimiz kadar bizimdi. Bir destand\u0131 Hicaz! Bir destand\u0131 Hicaz savunmas\u0131!!!\u2026                                                                      ***   Mustafa Kemal Pa\u015fa, Fahreddin Pa\u015fa\u2019n\u0131n Ankara\u2019ya geldi\u011fini duyunca, &#8220;Sa\u011fl\u0131\u011f\u0131nda ad\u0131n\u0131 tarihe alt\u0131n harflerle yazd\u0131ran kahraman!&#8221; geldi diye kar\u015f\u0131lad\u0131. <\/p>\n","protected":false},"excerpt":{"rendered":"<p>Hicaz \u0130syan\u0131\u2026 Yak\u0131n tarihimizin ger\u00e7ekleri\u2026 Bir millet kendi eliyle, kendi kan\u0131yla, kendi g\u00fcc\u00fcyle kazand\u0131\u011f\u0131 \u015ferefi unutabilir mi? Hele bang\u0131r bang\u0131r hayk\u0131ran say\u0131s\u0131z tarihi zaferlere g\u00fcle g\u00fcle<span class=\"excerpt-hellip\"> [\u2026]<\/span><\/p>\n","protected":false},"featured_media":0,"template":"","meta":{"_monsterinsights_skip_tracking":false,"_monsterinsights_sitenote_active":false,"_monsterinsights_sitenote_note":"","_monsterinsights_sitenote_category":0},"product_brand":[],"product_cat":[12291,12745],"product_tag":[],"class_list":{"0":"post-770882","1":"product","2":"type-product","3":"status-publish","5":"product_cat-edebiyat","6":"product_cat-tarihi-roman","7":"pa_cilt-ciltsiz","8":"pa_tur-kitap","9":"pa_yayinevi-altin-aba-yayinevi","10":"pa_yazar-sukru-altin","12":"first","13":"instock","14":"sale","15":"shipping-taxable","16":"purchasable","17":"product-type-simple"},"_links":{"self":[{"href":"https:\/\/roveyayinevi.com.tr\/index.php\/wp-json\/wp\/v2\/product\/770882","targetHints":{"allow":["GET"]}}],"collection":[{"href":"https:\/\/roveyayinevi.com.tr\/index.php\/wp-json\/wp\/v2\/product"}],"about":[{"href":"https:\/\/roveyayinevi.com.tr\/index.php\/wp-json\/wp\/v2\/types\/product"}],"wp:attachment":[{"href":"https:\/\/roveyayinevi.com.tr\/index.php\/wp-json\/wp\/v2\/media?parent=770882"}],"wp:term":[{"taxonomy":"product_brand","embeddable":true,"href":"https:\/\/roveyayinevi.com.tr\/index.php\/wp-json\/wp\/v2\/product_brand?post=770882"},{"taxonomy":"product_cat","embeddable":true,"href":"https:\/\/roveyayinevi.com.tr\/index.php\/wp-json\/wp\/v2\/product_cat?post=770882"},{"taxonomy":"product_tag","embeddable":true,"href":"https:\/\/roveyayinevi.com.tr\/index.php\/wp-json\/wp\/v2\/product_tag?post=770882"}],"curies":[{"name":"wp","href":"https:\/\/api.w.org\/{rel}","templated":true}]}}