{"id":770881,"date":"2025-08-28T14:46:14","date_gmt":"2025-08-28T11:46:14","guid":{"rendered":"https:\/\/roveyayinevi.com.tr\/index.php\/urun\/1-dunya-savasi-uzerine\/"},"modified":"2026-04-15T03:37:13","modified_gmt":"2026-04-15T00:37:13","slug":"1-dunya-savasi-uzerine","status":"publish","type":"product","link":"https:\/\/roveyayinevi.com.tr\/index.php\/urun\/1-dunya-savasi-uzerine\/","title":{"rendered":"1. D\u00fcnya Sava\u015f\u0131 \u00dczerine"},"content":{"rendered":"<p>Elinizdeki eser 1914-1918 y\u0131llar\u0131nda olu\u015fan muazzam literat\u00fcr\u00fcn i\u00e7erisinden \u00f6zenle se\u00e7ilmi\u015f d\u00fc\u015f\u00fcn\u00fcrlerin bu sava\u015f\u0131 anlamland\u0131rmaya y\u00f6nelik yay\u0131nlar\u0131ndan olu\u015fmaktad\u0131r. \u0130\u00e7erisinde Henri Bergson ve hocas\u0131 Emile Boutroux&#8217;nun gelecek ku\u015faklara adeta \u00f6\u011f\u00fctler i\u00e7eren yaz\u0131lar\u0131n\u0131n yan\u0131 s\u0131ra, onlar\u0131n bak\u0131\u015f a\u00e7\u0131lar\u0131n\u0131n belki de antitezi gibi duran, Hristiyan din adam\u0131 James W. Johnson&#8217;\u0131n tradisyonalist yaz\u0131s\u0131 da bulunmaktad\u0131r. Ayr\u0131ca sava\u015f y\u0131llar\u0131nda b\u00f6ylesine \u00f6nemli yazarlar taraf\u0131ndan kaleme al\u0131nd\u0131\u011f\u0131 ve onlar\u0131n o d\u00f6nemki d\u00fc\u015f\u00fcncelerinin mahsul\u00fc olmas\u0131 bak\u0131m\u0131ndan, bu eser I. D\u00fcnya Sava\u015f\u0131 \u00fczerine birinci elden bir kaynak ve d\u00f6nemin ruh halinin bir aktar\u0131m\u0131 niteli\u011fi ta\u015f\u0131maktad\u0131r.<\/p>\n","protected":false},"excerpt":{"rendered":"<p>Elinizdeki eser 1914-1918 y\u0131llar\u0131nda olu\u015fan muazzam literat\u00fcr\u00fcn i\u00e7erisinden \u00f6zenle se\u00e7ilmi\u015f d\u00fc\u015f\u00fcn\u00fcrlerin bu sava\u015f\u0131 anlamland\u0131rmaya y\u00f6nelik yay\u0131nlar\u0131ndan olu\u015fmaktad\u0131r. \u0130\u00e7erisinde Henri Bergson ve hocas\u0131 Emile Boutroux&#8217;nun gelecek ku\u015faklara<span class=\"excerpt-hellip\"> [\u2026]<\/span><\/p>\n","protected":false},"featured_media":0,"template":"","meta":{"_monsterinsights_skip_tracking":false,"_monsterinsights_sitenote_active":false,"_monsterinsights_sitenote_note":"","_monsterinsights_sitenote_category":0},"product_brand":[],"product_cat":[12388],"product_tag":[],"class_list":{"0":"post-770881","1":"product","2":"type-product","3":"status-publish","5":"product_cat-felsefe","6":"pa_cilt-ciltsiz","7":"pa_tur-kitap","8":"pa_yayinevi-pinhan-yayincilik","9":"pa_yazar-henri-bergson-james-wager-johnson-emile-boutroux","11":"first","12":"instock","13":"sale","14":"shipping-taxable","15":"purchasable","16":"product-type-simple"},"_links":{"self":[{"href":"https:\/\/roveyayinevi.com.tr\/index.php\/wp-json\/wp\/v2\/product\/770881","targetHints":{"allow":["GET"]}}],"collection":[{"href":"https:\/\/roveyayinevi.com.tr\/index.php\/wp-json\/wp\/v2\/product"}],"about":[{"href":"https:\/\/roveyayinevi.com.tr\/index.php\/wp-json\/wp\/v2\/types\/product"}],"wp:attachment":[{"href":"https:\/\/roveyayinevi.com.tr\/index.php\/wp-json\/wp\/v2\/media?parent=770881"}],"wp:term":[{"taxonomy":"product_brand","embeddable":true,"href":"https:\/\/roveyayinevi.com.tr\/index.php\/wp-json\/wp\/v2\/product_brand?post=770881"},{"taxonomy":"product_cat","embeddable":true,"href":"https:\/\/roveyayinevi.com.tr\/index.php\/wp-json\/wp\/v2\/product_cat?post=770881"},{"taxonomy":"product_tag","embeddable":true,"href":"https:\/\/roveyayinevi.com.tr\/index.php\/wp-json\/wp\/v2\/product_tag?post=770881"}],"curies":[{"name":"wp","href":"https:\/\/api.w.org\/{rel}","templated":true}]}}