{"id":770879,"date":"2025-08-28T14:46:10","date_gmt":"2025-08-28T11:46:10","guid":{"rendered":"https:\/\/roveyayinevi.com.tr\/index.php\/urun\/eyvah-devler-yasiyor\/"},"modified":"2026-04-15T03:37:13","modified_gmt":"2026-04-15T00:37:13","slug":"eyvah-devler-yasiyor","status":"publish","type":"product","link":"https:\/\/roveyayinevi.com.tr\/index.php\/urun\/eyvah-devler-yasiyor\/","title":{"rendered":"Eyvah Devler Ya\u015f\u0131yor"},"content":{"rendered":"<p>\u201cGer\u00e7ek ke\u015fif, yeni diyarlar bulmak de\u011fil eski yerlere yeni g\u00f6zlerle bakmakt\u0131r.\u201d Hayal, tam olarak bunu ya\u015fayaca\u011f\u0131n\u0131 nereden bilebilirdi ki? Ara tatilde s\u0131radan s\u0131k\u0131c\u0131 bir okul kamp\u0131 ya\u015fayaca\u011f\u0131n\u0131 d\u00fc\u015f\u00fcn\u00fcrken, y\u00fczlerce y\u0131l \u00f6nce ya\u015fad\u0131\u011f\u0131 d\u00fc\u015f\u00fcn\u00fclen devler \u00e2lemine yolculuk yapaca\u011f\u0131n\u0131 s\u00f6yleseniz g\u00fcl\u00fcp ge\u00e7erdi. Ama oldu! \u0130ki d\u00fcnya aras\u0131nda nefes kesici bir macera\u2026 Bir dev ve bir insan \u00e7ocu\u011fun \u00f6z de\u011ferini ararken yard\u0131mla\u015ft\u0131\u011f\u0131, d\u00fc\u011f\u00fcmler \u00e7\u00f6zd\u00fc\u011f\u00fc sars\u0131c\u0131 bir yolculuk. Hadi sen de kat\u0131l onlara ve devler \u00e2lemine yolculuk ba\u015flas\u0131n. <\/p>\n","protected":false},"excerpt":{"rendered":"<p>\u201cGer\u00e7ek ke\u015fif, yeni diyarlar bulmak de\u011fil eski yerlere yeni g\u00f6zlerle bakmakt\u0131r.\u201d Hayal, tam olarak bunu ya\u015fayaca\u011f\u0131n\u0131 nereden bilebilirdi ki? Ara tatilde s\u0131radan s\u0131k\u0131c\u0131 bir okul kamp\u0131<span class=\"excerpt-hellip\"> [\u2026]<\/span><\/p>\n","protected":false},"featured_media":0,"template":"","meta":{"_monsterinsights_skip_tracking":false,"_monsterinsights_sitenote_active":false,"_monsterinsights_sitenote_note":"","_monsterinsights_sitenote_category":0},"product_brand":[],"product_cat":[12274,12284],"product_tag":[],"class_list":{"0":"post-770879","1":"product","2":"type-product","3":"status-publish","5":"product_cat-cocuk-ve-genclik-kitaplari","6":"product_cat-hikayeler","7":"pa_cilt-ciltsiz","8":"pa_tur-kitap","9":"pa_yayinevi-nesil-cocuk-yayinlari","10":"pa_yazar-suheda-uruk","12":"first","13":"instock","14":"sale","15":"shipping-taxable","16":"purchasable","17":"product-type-simple"},"_links":{"self":[{"href":"https:\/\/roveyayinevi.com.tr\/index.php\/wp-json\/wp\/v2\/product\/770879","targetHints":{"allow":["GET"]}}],"collection":[{"href":"https:\/\/roveyayinevi.com.tr\/index.php\/wp-json\/wp\/v2\/product"}],"about":[{"href":"https:\/\/roveyayinevi.com.tr\/index.php\/wp-json\/wp\/v2\/types\/product"}],"wp:attachment":[{"href":"https:\/\/roveyayinevi.com.tr\/index.php\/wp-json\/wp\/v2\/media?parent=770879"}],"wp:term":[{"taxonomy":"product_brand","embeddable":true,"href":"https:\/\/roveyayinevi.com.tr\/index.php\/wp-json\/wp\/v2\/product_brand?post=770879"},{"taxonomy":"product_cat","embeddable":true,"href":"https:\/\/roveyayinevi.com.tr\/index.php\/wp-json\/wp\/v2\/product_cat?post=770879"},{"taxonomy":"product_tag","embeddable":true,"href":"https:\/\/roveyayinevi.com.tr\/index.php\/wp-json\/wp\/v2\/product_tag?post=770879"}],"curies":[{"name":"wp","href":"https:\/\/api.w.org\/{rel}","templated":true}]}}