{"id":770878,"date":"2025-08-28T14:46:09","date_gmt":"2025-08-28T11:46:09","guid":{"rendered":"https:\/\/roveyayinevi.com.tr\/index.php\/urun\/beyindeki-ruh\/"},"modified":"2026-04-15T03:37:13","modified_gmt":"2026-04-15T00:37:13","slug":"beyindeki-ruh","status":"publish","type":"product","link":"https:\/\/roveyayinevi.com.tr\/index.php\/urun\/beyindeki-ruh\/","title":{"rendered":"Beyindeki Ruh"},"content":{"rendered":"<p>Michael R. Trimble, bu merak uyand\u0131r\u0131c\u0131 \u00e7al\u0131\u015fmas\u0131nda beyin i\u015flevleri, dil, sanat -\u00f6zellikle de m\u00fczik ve \u015fiir- ve din aras\u0131ndaki ili\u015fkiyi ele al\u0131yor. \u00c7e\u015fitli n\u00f6ropsikiyatrik rahats\u0131zl\u0131klardan kaynaklanan dil yetisindeki bozukluklar\u0131 inceleyip metafor, \u015fiir, m\u00fczik ve dini deneyimlerden sorumlu olan beyin devrelerini sapt\u0131yor. Trimble bu materyallerden elde etti\u011fi kan\u0131tlar\u0131 kullanarak, dini deneyim ve inan\u00e7lar\u0131n biyolojik olarak a\u00e7\u0131klanabilece\u011fini, beyin i\u015flevlerine ve bilhassa sa\u011f yar\u0131m k\u00fcreye ba\u011fl\u0131 olduklar\u0131n\u0131 \u00f6ne s\u00fcr\u00fcyor. Hastalar\u0131n\u0131n (ki bir\u00e7o\u011fu epilepsi, psikoz ya da affektik bozukluklara sahip ki\u015filerdir) yaz\u0131lar\u0131ndan ve d\u00fc\u015f\u00fcncelerinden ilham alan Trimble, kendi mant\u0131k ve yarg\u0131 yetilerine fazlas\u0131yla g\u00fcvenen insanl\u0131\u011f\u0131n nas\u0131l oldu da uygarl\u0131\u011f\u0131n ilk \u015fafa\u011f\u0131ndan beri g\u00fc\u00e7l\u00fc dini inan\u00e7lara sar\u0131ld\u0131\u011f\u0131n\u0131 ve sanat eserlerine kar\u015f\u0131 b\u00f6ylesine hu\u015fu duygular\u0131 besleyebildi\u011fini sorguluyor. Tipik n\u00f6ropsikiyatrik bozukluklar\u0131 olan insanlar \u00fczerine yap\u0131lan \u00e7al\u0131\u015fmalar\u0131n, k\u00fclt\u00fcr\u00fcm\u00fcz\u00fcn en \u00fcst deneyimlerinin beyindeki kaynaklar\u0131n\u0131 ortaya \u00e7\u0131karmada kilit rol\u00fc oynayabileceklerine dair, kendini adam\u0131\u015f bir doktorun hassasiyeti ve ba\u015far\u0131l\u0131 bir akademisyenin merak\u0131yla beraber derin bir analiz sunuyor.<\/p>\n","protected":false},"excerpt":{"rendered":"<p>Michael R. Trimble, bu merak uyand\u0131r\u0131c\u0131 \u00e7al\u0131\u015fmas\u0131nda beyin i\u015flevleri, dil, sanat -\u00f6zellikle de m\u00fczik ve \u015fiir- ve din aras\u0131ndaki ili\u015fkiyi ele al\u0131yor. \u00c7e\u015fitli n\u00f6ropsikiyatrik rahats\u0131zl\u0131klardan kaynaklanan<span class=\"excerpt-hellip\"> [\u2026]<\/span><\/p>\n","protected":false},"featured_media":0,"template":"","meta":{"_monsterinsights_skip_tracking":false,"_monsterinsights_sitenote_active":false,"_monsterinsights_sitenote_note":"","_monsterinsights_sitenote_category":0},"product_brand":[],"product_cat":[12357],"product_tag":[],"class_list":{"0":"post-770878","1":"product","2":"type-product","3":"status-publish","5":"product_cat-psikoloji","6":"pa_cilt-ciltsiz","7":"pa_tur-kitap","8":"pa_yayinevi-pinhan-yayincilik","9":"pa_yazar-michael-r-trimble","11":"first","12":"instock","13":"sale","14":"shipping-taxable","15":"purchasable","16":"product-type-simple"},"_links":{"self":[{"href":"https:\/\/roveyayinevi.com.tr\/index.php\/wp-json\/wp\/v2\/product\/770878","targetHints":{"allow":["GET"]}}],"collection":[{"href":"https:\/\/roveyayinevi.com.tr\/index.php\/wp-json\/wp\/v2\/product"}],"about":[{"href":"https:\/\/roveyayinevi.com.tr\/index.php\/wp-json\/wp\/v2\/types\/product"}],"wp:attachment":[{"href":"https:\/\/roveyayinevi.com.tr\/index.php\/wp-json\/wp\/v2\/media?parent=770878"}],"wp:term":[{"taxonomy":"product_brand","embeddable":true,"href":"https:\/\/roveyayinevi.com.tr\/index.php\/wp-json\/wp\/v2\/product_brand?post=770878"},{"taxonomy":"product_cat","embeddable":true,"href":"https:\/\/roveyayinevi.com.tr\/index.php\/wp-json\/wp\/v2\/product_cat?post=770878"},{"taxonomy":"product_tag","embeddable":true,"href":"https:\/\/roveyayinevi.com.tr\/index.php\/wp-json\/wp\/v2\/product_tag?post=770878"}],"curies":[{"name":"wp","href":"https:\/\/api.w.org\/{rel}","templated":true}]}}