{"id":770877,"date":"2025-08-28T14:46:08","date_gmt":"2025-08-28T11:46:08","guid":{"rendered":"https:\/\/roveyayinevi.com.tr\/index.php\/urun\/bolunmus-beyin-ve-anlam-arayisi\/"},"modified":"2026-04-15T03:37:13","modified_gmt":"2026-04-15T00:37:13","slug":"bolunmus-beyin-ve-anlam-arayisi","status":"publish","type":"product","link":"https:\/\/roveyayinevi.com.tr\/index.php\/urun\/bolunmus-beyin-ve-anlam-arayisi\/","title":{"rendered":"B\u00f6l\u00fcnm\u00fc\u015f Beyin Ve Anlam Aray\u0131\u015f\u0131"},"content":{"rendered":"<p>McGilchrist\u2019\u0131n b\u00fcy\u00fck eseri Beyin D\u00fcnyay\u0131 Nas\u0131l Olu\u015fturdu\u2019nun sav\u0131n\u0131 devam ettiren bu k\u0131sa deneme metninde, yazar, elde etti\u011fimiz t\u00fcm bu maddi refaha ra\u011fmen insanlar\u0131n bug\u00fcn neden ge\u00e7mi\u015fte oldu\u011fundan daha mutsuz oldu\u011funu sorguluyor ve beynin iki yar\u0131m k\u00fcreye b\u00f6l\u00fcnm\u00fc\u015f olmas\u0131n\u0131n etraf\u0131m\u0131zdaki d\u00fcnyay\u0131 g\u00f6rme ve anlama bi\u00e7imimizi can al\u0131c\u0131 bi\u00e7imde etkiledi\u011fini \u00f6ne s\u00fcr\u00fcyor. McGilchrist\u2019\u0131n en ba\u015fta gelen iddialar\u0131ndan biri, sol yar\u0131m k\u00fcrenin g\u00f6rd\u00fc\u011f\u00fc her \u015feyi mekanistik ayr\u0131nt\u0131lara ve ufak par\u00e7alara d\u00f6n\u00fc\u015ft\u00fcrme tak\u0131nt\u0131s\u0131n\u0131n modern toplumda derin insani de\u011ferleri anlama ve takdir etme kabiliyetimizin \u00f6n\u00fcne ge\u00e7ti\u011fidir. Okuyucu Beyin D\u00fcnyay\u0131 Nas\u0131l Olu\u015fturdu\u2019yu ister okumu\u015f ister okumam\u0131\u015f olsun, bu deneme, insan olman\u0131n ne anlama geldi\u011finin en derinlerine dalan b\u00fcy\u00fcleyici ve son derece merak uyand\u0131r\u0131c\u0131 bir metindir. \u201c[\u2026] Modern \u00e7a\u011f\u0131n belirleyici ruh hali hayal k\u0131r\u0131kl\u0131\u011f\u0131d\u0131r. [\u2026] Maddi refahtaki \u015fa\u015f\u0131rt\u0131c\u0131 geli\u015fmelere ra\u011fmen insanlar bug\u00fcn, elli y\u0131l \u00f6ncesine k\u0131yasla \u00f6l\u00e7\u00fclebilir \u00f6l\u00e7\u00fcde daha az mutlular. Elbette gurur duyulacak \u00e7ok \u015fey var, hastal\u0131klar\u0131n \u00fcstesinden gelme konusundaki ilerlemeler ve ya\u015fam ortalamas\u0131 bunun sadece bir \u00f6rne\u011fi. Ama akla gelen soru \u015fu: Ne i\u00e7in?\u201d <\/p>\n","protected":false},"excerpt":{"rendered":"<p>McGilchrist\u2019\u0131n b\u00fcy\u00fck eseri Beyin D\u00fcnyay\u0131 Nas\u0131l Olu\u015fturdu\u2019nun sav\u0131n\u0131 devam ettiren bu k\u0131sa deneme metninde, yazar, elde etti\u011fimiz t\u00fcm bu maddi refaha ra\u011fmen insanlar\u0131n bug\u00fcn neden ge\u00e7mi\u015fte<span class=\"excerpt-hellip\"> [\u2026]<\/span><\/p>\n","protected":false},"featured_media":0,"template":"","meta":{"_monsterinsights_skip_tracking":false,"_monsterinsights_sitenote_active":false,"_monsterinsights_sitenote_note":"","_monsterinsights_sitenote_category":0},"product_brand":[],"product_cat":[12357],"product_tag":[],"class_list":{"0":"post-770877","1":"product","2":"type-product","3":"status-publish","5":"product_cat-psikoloji","6":"pa_cilt-ciltsiz","7":"pa_tur-kitap","8":"pa_yayinevi-pinhan-yayincilik","9":"pa_yazar-iain-mcgilchrist","11":"first","12":"instock","13":"sale","14":"shipping-taxable","15":"purchasable","16":"product-type-simple"},"_links":{"self":[{"href":"https:\/\/roveyayinevi.com.tr\/index.php\/wp-json\/wp\/v2\/product\/770877","targetHints":{"allow":["GET"]}}],"collection":[{"href":"https:\/\/roveyayinevi.com.tr\/index.php\/wp-json\/wp\/v2\/product"}],"about":[{"href":"https:\/\/roveyayinevi.com.tr\/index.php\/wp-json\/wp\/v2\/types\/product"}],"wp:attachment":[{"href":"https:\/\/roveyayinevi.com.tr\/index.php\/wp-json\/wp\/v2\/media?parent=770877"}],"wp:term":[{"taxonomy":"product_brand","embeddable":true,"href":"https:\/\/roveyayinevi.com.tr\/index.php\/wp-json\/wp\/v2\/product_brand?post=770877"},{"taxonomy":"product_cat","embeddable":true,"href":"https:\/\/roveyayinevi.com.tr\/index.php\/wp-json\/wp\/v2\/product_cat?post=770877"},{"taxonomy":"product_tag","embeddable":true,"href":"https:\/\/roveyayinevi.com.tr\/index.php\/wp-json\/wp\/v2\/product_tag?post=770877"}],"curies":[{"name":"wp","href":"https:\/\/api.w.org\/{rel}","templated":true}]}}