{"id":770875,"date":"2025-08-28T14:46:05","date_gmt":"2025-08-28T11:46:05","guid":{"rendered":"https:\/\/roveyayinevi.com.tr\/index.php\/urun\/selimiye-gunleri-bir-askeri-ortaokulun-izleri\/"},"modified":"2026-04-15T03:37:13","modified_gmt":"2026-04-15T00:37:13","slug":"selimiye-gunleri-bir-askeri-ortaokulun-izleri","status":"publish","type":"product","link":"https:\/\/roveyayinevi.com.tr\/index.php\/urun\/selimiye-gunleri-bir-askeri-ortaokulun-izleri\/","title":{"rendered":"Selimiye G\u00fcnleri Bir Askeri Ortaokulun \u0130zleri"},"content":{"rendered":"<p>\u201c\u2026Bu kitapta tam iki bin be\u015f y\u00fcz k\u0131rk alt\u0131 (2546) hayat var. Selimiye Askeri Ortaokulunda okuyanlar\u0131n miktar\u0131d\u0131r bu. Altm\u0131\u015f be\u015f y\u0131l \u00f6nceki o k\u0131\u015flada ko\u015fu\u015fturan \u00fcniformal\u0131 \u00e7ocuklar\u0131n biraz\u0131 subay, biraz\u0131 m\u00fchendis, biraz\u0131 \u00f6\u011fretmen, biraz\u0131 edebiyat\u00e7\u0131, biraz\u0131 sanat\u00e7\u0131 yeti\u015ftiler. Geri kalanlar m\u0131? \u201cFazla hamaset yap\u0131yorsun!\u201d deseniz bile s\u00f6yleyece\u011fim: Geri kalanlar\u0131m\u0131z benden daha fazla \u201cvatansever\u201d oldular\u2026\u201d                                                                                                         Cumhur Utku     Bu kitapta Selimiye Askeri Ortaokulu\u2019nun izlerini bulacaks\u0131n\u0131z. Selimiye\u2019de okuyanlar anlat\u0131yor, an\u0131lar payla\u015f\u0131l\u0131yor, Selimiye Ortaokulu\u2019nun derin tarihi i\u00e7inde bir gezintiye \u00e7\u0131k\u0131l\u0131yor\u2026     \u0130yi okumalar diliyoruz\u2026     <\/p>\n","protected":false},"excerpt":{"rendered":"<p>\u201c\u2026Bu kitapta tam iki bin be\u015f y\u00fcz k\u0131rk alt\u0131 (2546) hayat var. Selimiye Askeri Ortaokulunda okuyanlar\u0131n miktar\u0131d\u0131r bu. Altm\u0131\u015f be\u015f y\u0131l \u00f6nceki o k\u0131\u015flada ko\u015fu\u015fturan \u00fcniformal\u0131<span class=\"excerpt-hellip\"> [\u2026]<\/span><\/p>\n","protected":false},"featured_media":0,"template":"","meta":{"_monsterinsights_skip_tracking":false,"_monsterinsights_sitenote_active":false,"_monsterinsights_sitenote_note":"","_monsterinsights_sitenote_category":0},"product_brand":[],"product_cat":[12291,12745],"product_tag":[],"class_list":{"0":"post-770875","1":"product","2":"type-product","3":"status-publish","5":"product_cat-edebiyat","6":"product_cat-tarihi-roman","7":"pa_cilt-ciltsiz","8":"pa_tur-kitap","9":"pa_yayinevi-galeati-yayincilik","10":"pa_yazar-cumhur-utku","12":"first","13":"instock","14":"sale","15":"shipping-taxable","16":"purchasable","17":"product-type-simple"},"_links":{"self":[{"href":"https:\/\/roveyayinevi.com.tr\/index.php\/wp-json\/wp\/v2\/product\/770875","targetHints":{"allow":["GET"]}}],"collection":[{"href":"https:\/\/roveyayinevi.com.tr\/index.php\/wp-json\/wp\/v2\/product"}],"about":[{"href":"https:\/\/roveyayinevi.com.tr\/index.php\/wp-json\/wp\/v2\/types\/product"}],"wp:attachment":[{"href":"https:\/\/roveyayinevi.com.tr\/index.php\/wp-json\/wp\/v2\/media?parent=770875"}],"wp:term":[{"taxonomy":"product_brand","embeddable":true,"href":"https:\/\/roveyayinevi.com.tr\/index.php\/wp-json\/wp\/v2\/product_brand?post=770875"},{"taxonomy":"product_cat","embeddable":true,"href":"https:\/\/roveyayinevi.com.tr\/index.php\/wp-json\/wp\/v2\/product_cat?post=770875"},{"taxonomy":"product_tag","embeddable":true,"href":"https:\/\/roveyayinevi.com.tr\/index.php\/wp-json\/wp\/v2\/product_tag?post=770875"}],"curies":[{"name":"wp","href":"https:\/\/api.w.org\/{rel}","templated":true}]}}