{"id":770874,"date":"2025-08-28T14:46:04","date_gmt":"2025-08-28T11:46:04","guid":{"rendered":"https:\/\/roveyayinevi.com.tr\/index.php\/urun\/yuregimdeki-bordo-bere\/"},"modified":"2026-04-15T03:37:13","modified_gmt":"2026-04-15T00:37:13","slug":"yuregimdeki-bordo-bere","status":"publish","type":"product","link":"https:\/\/roveyayinevi.com.tr\/index.php\/urun\/yuregimdeki-bordo-bere\/","title":{"rendered":"Y\u00fcre\u011fimdeki Bordo Bere"},"content":{"rendered":"<p>\u201c\u2026Malum \u00d6zel Kuvvetlerin simgesi bordo beredir. \u0130\u015fin s\u0131rr\u0131 da bu berede gizlidir.       \u00d6zel Kuvvetlerde iki tip insan vard\u0131r.       Birincisi bordo bereyi y\u00fcre\u011fine takanlard\u0131r ki bunlar \u201cBordo Y\u00fcrekliler\u201d olarak isimlendirilebilir. \u00d6zel Kuvvetlerin t\u00fcm y\u00fck\u00fc bu bordo y\u00fcreklilerin omuzlar\u0131ndad\u0131r. Her t\u00fcrl\u00fc s\u0131k\u0131nt\u0131l\u0131 g\u00f6revde hep bunlar \u00f6n plandad\u0131r. Do\u011fal olarak \u015fehit olurlar, yaralan\u0131rlar, i\u00e7imizdeki asimetrik tetik\u00e7ilerin hedefi olurlar. \u00c7\u00fcnk\u00fc bordo y\u00fcreklilerin d\u00fcsturu \u00fclkemizdir, vatand\u0131r, bayrakt\u0131r, Atat\u00fcrk\u2019t\u00fcr. Onun i\u00e7indir ki bunlar y\u00fcrekleri ile inand\u0131klar\u0131 de\u011ferlerle g\u00f6rev yaparlar\u2026       \u0130kinci grup ise bordo bereyi sadece ba\u015f\u0131na takanlard\u0131r. Bu gruba girenler \u00d6zel Kuvvetleri bir t\u00fcr rant kap\u0131s\u0131 olarak g\u00f6renlerdir. Bu rantiyeciler, kurgulad\u0131klar\u0131 senaryolar ile her g\u00f6revi sanki kendileri yapm\u0131\u015f gibi bir hava yarat\u0131rlar. Bunlar sadece yap\u0131lan g\u00f6revleri sahiplenmekle yetinmezler, bir de \u015fahsi \u00e7\u0131karlar\u0131 i\u00e7in kurgulad\u0131klar\u0131 g\u00f6revler vard\u0131r ki as\u0131l tehlike de budur\u2026\u201d                                                                                                                                    Z\u00fclf\u00fc BERHO\u011eLU <\/p>\n","protected":false},"excerpt":{"rendered":"<p>\u201c\u2026Malum \u00d6zel Kuvvetlerin simgesi bordo beredir. \u0130\u015fin s\u0131rr\u0131 da bu berede gizlidir. \u00d6zel Kuvvetlerde iki tip insan vard\u0131r. Birincisi bordo bereyi y\u00fcre\u011fine takanlard\u0131r ki bunlar \u201cBordo<span class=\"excerpt-hellip\"> [\u2026]<\/span><\/p>\n","protected":false},"featured_media":0,"template":"","meta":{"_monsterinsights_skip_tracking":false,"_monsterinsights_sitenote_active":false,"_monsterinsights_sitenote_note":"","_monsterinsights_sitenote_category":0},"product_brand":[],"product_cat":[12337,14543],"product_tag":[],"class_list":{"0":"post-770874","1":"product","2":"type-product","3":"status-publish","5":"product_cat-politika-siyaset","6":"product_cat-turkiye-siyaseti-ve-politikasi","7":"pa_cilt-ciltsiz","8":"pa_tur-kitap","9":"pa_yayinevi-galeati-yayincilik","10":"pa_yazar-zulfu-berhoglu","12":"first","13":"instock","14":"sale","15":"shipping-taxable","16":"purchasable","17":"product-type-simple"},"_links":{"self":[{"href":"https:\/\/roveyayinevi.com.tr\/index.php\/wp-json\/wp\/v2\/product\/770874","targetHints":{"allow":["GET"]}}],"collection":[{"href":"https:\/\/roveyayinevi.com.tr\/index.php\/wp-json\/wp\/v2\/product"}],"about":[{"href":"https:\/\/roveyayinevi.com.tr\/index.php\/wp-json\/wp\/v2\/types\/product"}],"wp:attachment":[{"href":"https:\/\/roveyayinevi.com.tr\/index.php\/wp-json\/wp\/v2\/media?parent=770874"}],"wp:term":[{"taxonomy":"product_brand","embeddable":true,"href":"https:\/\/roveyayinevi.com.tr\/index.php\/wp-json\/wp\/v2\/product_brand?post=770874"},{"taxonomy":"product_cat","embeddable":true,"href":"https:\/\/roveyayinevi.com.tr\/index.php\/wp-json\/wp\/v2\/product_cat?post=770874"},{"taxonomy":"product_tag","embeddable":true,"href":"https:\/\/roveyayinevi.com.tr\/index.php\/wp-json\/wp\/v2\/product_tag?post=770874"}],"curies":[{"name":"wp","href":"https:\/\/api.w.org\/{rel}","templated":true}]}}