{"id":770873,"date":"2025-08-28T14:46:02","date_gmt":"2025-08-28T11:46:02","guid":{"rendered":"https:\/\/roveyayinevi.com.tr\/index.php\/urun\/fincandan-lezzete-kahve\/"},"modified":"2026-04-15T03:37:13","modified_gmt":"2026-04-15T00:37:13","slug":"fincandan-lezzete-kahve","status":"publish","type":"product","link":"https:\/\/roveyayinevi.com.tr\/index.php\/urun\/fincandan-lezzete-kahve\/","title":{"rendered":"Fincandan Lezzete Kahve"},"content":{"rendered":"<p>Kahvenin tad\u0131 ve ge\u00e7irdi\u011fi i\u015flemlerin yan\u0131 s\u0131ra tarihteki d\u00f6n\u00fcm noktalar\u0131n\u0131, kahve \u00fcst\u00fcne anlat\u0131lm\u0131\u015f masals\u0131 hik\u00e2yeleri de bilmek isteyen kahve severler i\u00e7in, Cenk Girginol\u2019un \u201cgastronominin Oscar\u2019lar\u0131\u201d olarak g\u00f6r\u00fclen Gourmand Cookbook Awards\u2019da kahve dal\u0131nda D\u00fcnyan\u0131n En \u0130yi Kitab\u0131 \u00d6d\u00fcl\u00fc\u2019n\u00fc kazanm\u0131\u015f Fincandan Lezzete Kahve kitab\u0131\u2026T\u00fcrkiye\u2019nin en \u00fcnl\u00fc kahve uzmanlar\u0131ndan Cenk Girginol, kahvenin \u00e7i\u011f \u00e7ekirdek halinden ba\u015flayarak fincan\u0131m\u0131za kadar ge\u00e7irdi\u011fi a\u015famalar\u0131 Topraktan Fincana Kahve kitab\u0131nda anlatt\u0131ktan sonra, bu kez de Fincandan Lezzete Kahve\u2019yle kar\u015f\u0131m\u0131zda. Tarihte kahvenin yay\u0131ld\u0131\u011f\u0131 co\u011frafyalara bakarak, Osmanl\u0131\u2019dan Avrupa\u2019ya, Etiyopya\u2019dan Brezilya\u2019ya y\u00f6resel kahve t\u00fcrlerine de\u011finerek, geleneksel kahve tarifleri vererek da\u011farc\u0131\u011f\u0131m\u0131z\u0131 geni\u015fleten bu kitap, ayr\u0131ca kahve severlere nas\u0131l kahve tad\u0131m\u0131 yap\u0131laca\u011f\u0131n\u0131 da ad\u0131m ad\u0131m \u00f6\u011fretiyor.\u00d6nde gelen \u015fef ve gastronomi uzmanlar\u0131 Maria Ekmek\u00e7io\u011flu, Ayd\u0131n Demir, Rafet \u0130nce, Pelin Bilgi\u00e7, Diler Terzi ve Murat G\u00fcll\u00fc\u2019n\u00fcn bu kitaba \u00f6zel olarak yaratt\u0131klar\u0131 kahveli tarifleriyle zenginle\u015fen Fincandan Lezzete Kahve, her kahve severin en \u00f6zel kahve e\u015flik\u00e7isi olmaya aday!Dilerseniz bu yolculu\u011fu serinin di\u011fer kitab\u0131 Topraktan Fincana Kahve\u2019yle devam ettirebilirsiniz.<\/p>\n","protected":false},"excerpt":{"rendered":"<p>Kahvenin tad\u0131 ve ge\u00e7irdi\u011fi i\u015flemlerin yan\u0131 s\u0131ra tarihteki d\u00f6n\u00fcm noktalar\u0131n\u0131, kahve \u00fcst\u00fcne anlat\u0131lm\u0131\u015f masals\u0131 hik\u00e2yeleri de bilmek isteyen kahve severler i\u00e7in, Cenk Girginol\u2019un \u201cgastronominin Oscar\u2019lar\u0131\u201d olarak<span class=\"excerpt-hellip\"> [\u2026]<\/span><\/p>\n","protected":false},"featured_media":0,"template":"","meta":{"_monsterinsights_skip_tracking":false,"_monsterinsights_sitenote_active":false,"_monsterinsights_sitenote_note":"","_monsterinsights_sitenote_category":0},"product_brand":[],"product_cat":[22706,12457],"product_tag":[],"class_list":{"0":"post-770873","1":"product","2":"type-product","3":"status-publish","5":"product_cat-dunya-mutfagi","6":"product_cat-yemek-kitaplari","7":"pa_cilt-ciltsiz","8":"pa_tur-kitap","9":"pa_yayinevi-mundi","10":"pa_yazar-cenk-r-girginol","12":"first","13":"instock","14":"sale","15":"shipping-taxable","16":"purchasable","17":"product-type-simple"},"_links":{"self":[{"href":"https:\/\/roveyayinevi.com.tr\/index.php\/wp-json\/wp\/v2\/product\/770873","targetHints":{"allow":["GET"]}}],"collection":[{"href":"https:\/\/roveyayinevi.com.tr\/index.php\/wp-json\/wp\/v2\/product"}],"about":[{"href":"https:\/\/roveyayinevi.com.tr\/index.php\/wp-json\/wp\/v2\/types\/product"}],"wp:attachment":[{"href":"https:\/\/roveyayinevi.com.tr\/index.php\/wp-json\/wp\/v2\/media?parent=770873"}],"wp:term":[{"taxonomy":"product_brand","embeddable":true,"href":"https:\/\/roveyayinevi.com.tr\/index.php\/wp-json\/wp\/v2\/product_brand?post=770873"},{"taxonomy":"product_cat","embeddable":true,"href":"https:\/\/roveyayinevi.com.tr\/index.php\/wp-json\/wp\/v2\/product_cat?post=770873"},{"taxonomy":"product_tag","embeddable":true,"href":"https:\/\/roveyayinevi.com.tr\/index.php\/wp-json\/wp\/v2\/product_tag?post=770873"}],"curies":[{"name":"wp","href":"https:\/\/api.w.org\/{rel}","templated":true}]}}