{"id":770872,"date":"2025-08-28T14:46:01","date_gmt":"2025-08-28T11:46:01","guid":{"rendered":"https:\/\/roveyayinevi.com.tr\/index.php\/urun\/topraktan-fincana-kahve\/"},"modified":"2026-04-15T03:37:13","modified_gmt":"2026-04-15T00:37:13","slug":"topraktan-fincana-kahve","status":"publish","type":"product","link":"https:\/\/roveyayinevi.com.tr\/index.php\/urun\/topraktan-fincana-kahve\/","title":{"rendered":"Topraktan Fincana Kahve"},"content":{"rendered":"<p>Cenk Girginol\u2019un \u201cgastronominin Oscar\u2019lar\u0131\u201d olarak g\u00f6r\u00fclen Gourmand Cookbook Awards\u2019da Son 25 Y\u0131l\u0131n En \u0130yi Kahve Kitaplar\u0131 aras\u0131na girmi\u015f, \u0130ngilizce ve \u00c7inceye \u00e7evrilmi\u015f Topraktan Fincana Kahve kitab\u0131yla tan\u0131\u015f\u0131n\u2026Kahvenin \u00e7i\u011f halde toplanma tekniklerinden kavurma derecelerine, kahve t\u00fcrlerinden demleme y\u00f6ntemlerine, ideal kahve re\u00e7etelerinden kahveli tariflere, bir kahve severin bilmesi gereken t\u00fcm bilgiler, detaylar\u0131yla bu kitapta bir araya geldi.Uzun y\u0131llard\u0131r kahve \u00fczerine \u00e7al\u0131\u015fan ve e\u011fitimler veren Cenk Girginol, sohbet eder gibi anlat\u0131m\u0131yla okuru bir kahve yolculu\u011funa \u00e7\u0131kar\u0131yor. \u0130ster evde i\u00e7ti\u011finiz kahveden daha \u00e7ok keyif almay\u0131 ama\u00e7layan biri olun ister kahve sekt\u00f6r\u00fcnde yer alan bir barista ya da kavurma uzman\u0131, Topraktan Fincana Kahve\u2019den edinece\u011finiz bilgiler, kahveden alaca\u011f\u0131n\u0131z lezzeti art\u0131racak!Dilerseniz bu yolculu\u011fu serinin di\u011fer kitab\u0131 Fincandan Lezzete Kahve\u2019yle devam ettirebilirsiniz.<\/p>\n","protected":false},"excerpt":{"rendered":"<p>Cenk Girginol\u2019un \u201cgastronominin Oscar\u2019lar\u0131\u201d olarak g\u00f6r\u00fclen Gourmand Cookbook Awards\u2019da Son 25 Y\u0131l\u0131n En \u0130yi Kahve Kitaplar\u0131 aras\u0131na girmi\u015f, \u0130ngilizce ve \u00c7inceye \u00e7evrilmi\u015f Topraktan Fincana Kahve kitab\u0131yla<span class=\"excerpt-hellip\"> [\u2026]<\/span><\/p>\n","protected":false},"featured_media":0,"template":"","meta":{"_monsterinsights_skip_tracking":false,"_monsterinsights_sitenote_active":false,"_monsterinsights_sitenote_note":"","_monsterinsights_sitenote_category":0},"product_brand":[],"product_cat":[12457],"product_tag":[],"class_list":{"0":"post-770872","1":"product","2":"type-product","3":"status-publish","5":"product_cat-yemek-kitaplari","6":"pa_cilt-ciltsiz","7":"pa_tur-kitap","8":"pa_yayinevi-mundi","9":"pa_yazar-cenk-r-girginol","11":"first","12":"instock","13":"sale","14":"shipping-taxable","15":"purchasable","16":"product-type-simple"},"_links":{"self":[{"href":"https:\/\/roveyayinevi.com.tr\/index.php\/wp-json\/wp\/v2\/product\/770872","targetHints":{"allow":["GET"]}}],"collection":[{"href":"https:\/\/roveyayinevi.com.tr\/index.php\/wp-json\/wp\/v2\/product"}],"about":[{"href":"https:\/\/roveyayinevi.com.tr\/index.php\/wp-json\/wp\/v2\/types\/product"}],"wp:attachment":[{"href":"https:\/\/roveyayinevi.com.tr\/index.php\/wp-json\/wp\/v2\/media?parent=770872"}],"wp:term":[{"taxonomy":"product_brand","embeddable":true,"href":"https:\/\/roveyayinevi.com.tr\/index.php\/wp-json\/wp\/v2\/product_brand?post=770872"},{"taxonomy":"product_cat","embeddable":true,"href":"https:\/\/roveyayinevi.com.tr\/index.php\/wp-json\/wp\/v2\/product_cat?post=770872"},{"taxonomy":"product_tag","embeddable":true,"href":"https:\/\/roveyayinevi.com.tr\/index.php\/wp-json\/wp\/v2\/product_tag?post=770872"}],"curies":[{"name":"wp","href":"https:\/\/api.w.org\/{rel}","templated":true}]}}