{"id":770870,"date":"2025-08-28T14:45:57","date_gmt":"2025-08-28T11:45:57","guid":{"rendered":"https:\/\/roveyayinevi.com.tr\/index.php\/urun\/maniac\/"},"modified":"2026-04-15T03:37:13","modified_gmt":"2026-04-15T00:37:13","slug":"maniac","status":"publish","type":"product","link":"https:\/\/roveyayinevi.com.tr\/index.php\/urun\/maniac\/","title":{"rendered":"Maniac"},"content":{"rendered":"<p>John von Neumann bir bilim devi, dokundu\u011fu her alanda devrim yaratan bir Macar harikas\u0131yd\u0131. Gen\u00e7li\u011finde Almanya\u2019da matemati\u011fin temellerini arad\u0131ktan sonra So\u011fuk Sava\u015f&#8217;\u0131n g\u00fc\u00e7 oyunlar\u0131na kar\u0131\u015ft\u0131\u011f\u0131 ABD\u2019ye g\u00f6\u00e7 etti, oyun teorisini icat etti, yapay zek\u00e2 ve dijital hayata \u00f6nc\u00fcl\u00fck etti, d\u00fcnyan\u0131n ilk programlanabilir bilgisayar\u0131n\u0131 tasarlad\u0131 ve makineye \u015faka yollu MANIAC ad\u0131 verildi. Matematiksel g\u00fc\u00e7leri o kadar ola\u011fan\u00fcst\u00fcyd\u00fc ki, Nobel \u00d6d\u00fcll\u00fc fizik\u00e7i Hans Bethe onunki gibi bir beynin insan\u0131nkinden daha \u00fcst\u00fcn bir t\u00fcre i\u015faret edebilece\u011fini ifade etti.Ne var ki Von Neumann, Hiro\u015fima\u2019yla Nagasaki\u2019yi yok eden atom bombalar\u0131n\u0131n yarat\u0131lmas\u0131na da yard\u0131mc\u0131 oldu. 1957\u2019de muhtemelen Los Alamos\u2019ta maruz kald\u0131\u011f\u0131 radyasyon nedeniyle kanserden \u00f6ld\u00fc\u011f\u00fcnde, Amerikan h\u00fck\u00fcmetinin n\u00fckleer silahlar ve strateji konusunda en de\u011ferli dan\u0131\u015fmanlar\u0131ndan biriydi.Ger\u00e7e\u011fi kurguyla \u00f6ren Benjam\u00edn Labatut, MANIAC\u2019ta John von Neumann\u2019\u0131 modern d\u00fcnyam\u0131z\u0131n karanl\u0131k temelleri ve yapay zek\u00e2 hakk\u0131nda edeb\u00ee bir tripti\u011fin merkezine yerle\u015ftirerek bilim ve teknolojinin bizleri yok olu\u015fun e\u015fi\u011fine g\u00f6t\u00fcren korkutucu boyutlar\u0131na dikkat \u00e7ekiyor. \u0130nsan d\u00fc\u015f\u00fcncesinin \u00f6tesinde geli\u015fen \u201c\u00e7ok yetenekli\u201d yapay zek\u00e2lar\u0131n insan ve d\u00fcnya i\u00e7in nas\u0131l y\u0131k\u0131c\u0131 ve umutsuzluk kayna\u011f\u0131 olabilece\u011fini g\u00f6steriyor.\u201c[Labatut] Borges\u2019ten bu yana en \u00f6nemli G\u00fcney Amerikal\u0131 yazar olarak h\u0131zla y\u00fckseliyor. D\u00fcnyan\u0131n hi\u00e7bir yerinde onun gibi yazan yok.\u201dThe Telegraph<\/p>\n","protected":false},"excerpt":{"rendered":"<p>John von Neumann bir bilim devi, dokundu\u011fu her alanda devrim yaratan bir Macar harikas\u0131yd\u0131. Gen\u00e7li\u011finde Almanya\u2019da matemati\u011fin temellerini arad\u0131ktan sonra So\u011fuk Sava\u015f&#8217;\u0131n g\u00fc\u00e7 oyunlar\u0131na kar\u0131\u015ft\u0131\u011f\u0131 ABD\u2019ye<span class=\"excerpt-hellip\"> [\u2026]<\/span><\/p>\n","protected":false},"featured_media":0,"template":"","meta":{"_monsterinsights_skip_tracking":false,"_monsterinsights_sitenote_active":false,"_monsterinsights_sitenote_note":"","_monsterinsights_sitenote_category":0},"product_brand":[],"product_cat":[12291,12711],"product_tag":[],"class_list":{"0":"post-770870","1":"product","2":"type-product","3":"status-publish","5":"product_cat-edebiyat","6":"product_cat-roman-oyku","7":"pa_cilt-ciltsiz","8":"pa_tur-kitap","9":"pa_yayinevi-can-yayinlari","10":"pa_yazar-benjamin-labatut","12":"first","13":"instock","14":"sale","15":"shipping-taxable","16":"purchasable","17":"product-type-simple"},"_links":{"self":[{"href":"https:\/\/roveyayinevi.com.tr\/index.php\/wp-json\/wp\/v2\/product\/770870","targetHints":{"allow":["GET"]}}],"collection":[{"href":"https:\/\/roveyayinevi.com.tr\/index.php\/wp-json\/wp\/v2\/product"}],"about":[{"href":"https:\/\/roveyayinevi.com.tr\/index.php\/wp-json\/wp\/v2\/types\/product"}],"wp:attachment":[{"href":"https:\/\/roveyayinevi.com.tr\/index.php\/wp-json\/wp\/v2\/media?parent=770870"}],"wp:term":[{"taxonomy":"product_brand","embeddable":true,"href":"https:\/\/roveyayinevi.com.tr\/index.php\/wp-json\/wp\/v2\/product_brand?post=770870"},{"taxonomy":"product_cat","embeddable":true,"href":"https:\/\/roveyayinevi.com.tr\/index.php\/wp-json\/wp\/v2\/product_cat?post=770870"},{"taxonomy":"product_tag","embeddable":true,"href":"https:\/\/roveyayinevi.com.tr\/index.php\/wp-json\/wp\/v2\/product_tag?post=770870"}],"curies":[{"name":"wp","href":"https:\/\/api.w.org\/{rel}","templated":true}]}}