{"id":770866,"date":"2025-08-28T14:45:49","date_gmt":"2025-08-28T11:45:49","guid":{"rendered":"https:\/\/roveyayinevi.com.tr\/index.php\/urun\/kayip-ruzgar\/"},"modified":"2026-04-15T03:37:13","modified_gmt":"2026-04-15T00:37:13","slug":"kayip-ruzgar","status":"publish","type":"product","link":"https:\/\/roveyayinevi.com.tr\/index.php\/urun\/kayip-ruzgar\/","title":{"rendered":"Kay\u0131p R\u00fczgar"},"content":{"rendered":"<p>&#8220;Ben, kendimi ararken her harfi ayr\u0131 bir yara yapt\u0131m y\u00fcre\u011fime. Kader, her sat\u0131ra bir ayr\u0131l\u0131k, her kelimeye bir \u00f6zlem serpi\u015ftirdi. Yazd\u0131klar\u0131m\u0131n her hecesine h\u00fcz\u00fcnle dokundum sanki her nokta, bir vedan\u0131n sessiz \u00e7\u0131\u011fl\u0131\u011f\u0131yd\u0131. Sat\u0131rlar\u0131mda kayboldum, her c\u00fcmlede bir ad\u0131m daha uzakla\u015ft\u0131m kendimden. \u00d6zledik\u00e7e yazd\u0131m, yazd\u0131k\u00e7a daha \u00e7ok \u00f6zledim \u00e7\u00fcnk\u00fc her harf, asl\u0131nda kayboldu\u011fum yolda bana \u00e7izilen bir ayr\u0131l\u0131kt\u0131. Oysaki kendimi sessiz vedalara ne \u00e7ok al\u0131\u015ft\u0131rm\u0131\u015ft\u0131m. \u0130\u00e7imdeki f\u0131rt\u0131nalar koparken bile, dudaklar\u0131mda bir tek kelime dahi d\u00f6k\u00fclmemi\u015f. Her ayr\u0131l\u0131kta susmu\u015f, her hasrette bir par\u00e7am\u0131 daha yitirmi\u015fim.&#8221; <\/p>\n","protected":false},"excerpt":{"rendered":"<p>&#8220;Ben, kendimi ararken her harfi ayr\u0131 bir yara yapt\u0131m y\u00fcre\u011fime. Kader, her sat\u0131ra bir ayr\u0131l\u0131k, her kelimeye bir \u00f6zlem serpi\u015ftirdi. Yazd\u0131klar\u0131m\u0131n her hecesine h\u00fcz\u00fcnle dokundum sanki<span class=\"excerpt-hellip\"> [\u2026]<\/span><\/p>\n","protected":false},"featured_media":0,"template":"","meta":{"_monsterinsights_skip_tracking":false,"_monsterinsights_sitenote_active":false,"_monsterinsights_sitenote_note":"","_monsterinsights_sitenote_category":0},"product_brand":[],"product_cat":[12291,12711],"product_tag":[],"class_list":{"0":"post-770866","1":"product","2":"type-product","3":"status-publish","5":"product_cat-edebiyat","6":"product_cat-roman-oyku","7":"pa_cilt-ciltsiz","8":"pa_tur-kitap","9":"pa_yayinevi-ugi","10":"pa_yazar-sinan-coskun","12":"first","13":"instock","14":"sale","15":"shipping-taxable","16":"purchasable","17":"product-type-simple"},"_links":{"self":[{"href":"https:\/\/roveyayinevi.com.tr\/index.php\/wp-json\/wp\/v2\/product\/770866","targetHints":{"allow":["GET"]}}],"collection":[{"href":"https:\/\/roveyayinevi.com.tr\/index.php\/wp-json\/wp\/v2\/product"}],"about":[{"href":"https:\/\/roveyayinevi.com.tr\/index.php\/wp-json\/wp\/v2\/types\/product"}],"wp:attachment":[{"href":"https:\/\/roveyayinevi.com.tr\/index.php\/wp-json\/wp\/v2\/media?parent=770866"}],"wp:term":[{"taxonomy":"product_brand","embeddable":true,"href":"https:\/\/roveyayinevi.com.tr\/index.php\/wp-json\/wp\/v2\/product_brand?post=770866"},{"taxonomy":"product_cat","embeddable":true,"href":"https:\/\/roveyayinevi.com.tr\/index.php\/wp-json\/wp\/v2\/product_cat?post=770866"},{"taxonomy":"product_tag","embeddable":true,"href":"https:\/\/roveyayinevi.com.tr\/index.php\/wp-json\/wp\/v2\/product_tag?post=770866"}],"curies":[{"name":"wp","href":"https:\/\/api.w.org\/{rel}","templated":true}]}}