{"id":770865,"date":"2025-08-28T14:45:47","date_gmt":"2025-08-28T11:45:47","guid":{"rendered":"https:\/\/roveyayinevi.com.tr\/index.php\/urun\/akan-nehir-gibi\/"},"modified":"2026-04-15T03:37:13","modified_gmt":"2026-04-15T00:37:13","slug":"akan-nehir-gibi","status":"publish","type":"product","link":"https:\/\/roveyayinevi.com.tr\/index.php\/urun\/akan-nehir-gibi\/","title":{"rendered":"Akan Nehir Gibi"},"content":{"rendered":"<p>D\u00fcnyan\u0131n en sevilen ve en \u00e7ok okunan yazarlar\u0131ndan Paulo Coelho\u2019dan nefes kesici bir anlat\u0131 koleksiyonu.Paulo Coelho maneviyat, ya\u015fam ve etik \u00fczerine d\u00fc\u015f\u00fcncelerini payla\u015ft\u0131\u011f\u0131 bu s\u00fcr\u00fckleyici kitab\u0131nda, b\u00fcy\u00fck ya da k\u00fc\u00e7\u00fck fark etmeksizin hayat\u0131n \u00e7ok \u00f6zel dersler bar\u0131nd\u0131rd\u0131\u011f\u0131n\u0131 g\u00f6steriyor. Ok\u00e7uluktan fark\u0131ndal\u0131\u011fa, yolculuktan iyi ile k\u00f6t\u00fcn\u00fcn do\u011fas\u0131na kadar \u00e7ok \u00e7e\u015fitli konularda ki\u015fisel d\u00fc\u015f\u00fcncelerini sunan Coelho, bir kur\u015funkalemin mutlulu\u011fa giden yolu g\u00f6sterebilece\u011fini, bir da\u011fa t\u0131rmanma k\u0131lavuzu sayesinde hayallerin ger\u00e7e\u011fe d\u00f6n\u00fc\u015febilece\u011fini, Cengiz Han ve \u015fahininin hik\u00e2yesi \u00fczerinden \u00f6fkenin y\u0131k\u0131c\u0131l\u0131\u011f\u0131n\u0131, dostlu\u011fun k\u0131ymetini ve daha nicesini anlat\u0131yor.Akan Nehir Gibi, okurlar\u0131 heyecan verici bir felsefi yolculu\u011fa davet ediyor.<\/p>\n","protected":false},"excerpt":{"rendered":"<p>D\u00fcnyan\u0131n en sevilen ve en \u00e7ok okunan yazarlar\u0131ndan Paulo Coelho\u2019dan nefes kesici bir anlat\u0131 koleksiyonu.Paulo Coelho maneviyat, ya\u015fam ve etik \u00fczerine d\u00fc\u015f\u00fcncelerini payla\u015ft\u0131\u011f\u0131 bu s\u00fcr\u00fckleyici kitab\u0131nda,<span class=\"excerpt-hellip\"> [\u2026]<\/span><\/p>\n","protected":false},"featured_media":0,"template":"","meta":{"_monsterinsights_skip_tracking":false,"_monsterinsights_sitenote_active":false,"_monsterinsights_sitenote_note":"","_monsterinsights_sitenote_category":0},"product_brand":[],"product_cat":[18545,12291],"product_tag":[],"class_list":{"0":"post-770865","1":"product","2":"type-product","3":"status-publish","5":"product_cat-anlati","6":"product_cat-edebiyat","7":"pa_cilt-ciltsiz","8":"pa_tur-kitap","9":"pa_yayinevi-can-yayinlari","10":"pa_yazar-paulo-coelho","12":"first","13":"instock","14":"sale","15":"shipping-taxable","16":"purchasable","17":"product-type-simple"},"_links":{"self":[{"href":"https:\/\/roveyayinevi.com.tr\/index.php\/wp-json\/wp\/v2\/product\/770865","targetHints":{"allow":["GET"]}}],"collection":[{"href":"https:\/\/roveyayinevi.com.tr\/index.php\/wp-json\/wp\/v2\/product"}],"about":[{"href":"https:\/\/roveyayinevi.com.tr\/index.php\/wp-json\/wp\/v2\/types\/product"}],"wp:attachment":[{"href":"https:\/\/roveyayinevi.com.tr\/index.php\/wp-json\/wp\/v2\/media?parent=770865"}],"wp:term":[{"taxonomy":"product_brand","embeddable":true,"href":"https:\/\/roveyayinevi.com.tr\/index.php\/wp-json\/wp\/v2\/product_brand?post=770865"},{"taxonomy":"product_cat","embeddable":true,"href":"https:\/\/roveyayinevi.com.tr\/index.php\/wp-json\/wp\/v2\/product_cat?post=770865"},{"taxonomy":"product_tag","embeddable":true,"href":"https:\/\/roveyayinevi.com.tr\/index.php\/wp-json\/wp\/v2\/product_tag?post=770865"}],"curies":[{"name":"wp","href":"https:\/\/api.w.org\/{rel}","templated":true}]}}