{"id":770861,"date":"2025-08-28T14:45:40","date_gmt":"2025-08-28T11:45:40","guid":{"rendered":"https:\/\/roveyayinevi.com.tr\/index.php\/urun\/insan-vucudu-macerasi-1-sindirim-ve-solunum-sistemi\/"},"modified":"2026-01-28T04:00:13","modified_gmt":"2026-01-28T01:00:13","slug":"insan-vucudu-macerasi-1-sindirim-ve-solunum-sistemi","status":"publish","type":"product","link":"https:\/\/roveyayinevi.com.tr\/index.php\/urun\/insan-vucudu-macerasi-1-sindirim-ve-solunum-sistemi\/","title":{"rendered":"\u0130nsan V\u00fccudu Maceras\u0131-1 \/ Sindirim ve Solunum Sistemi"},"content":{"rendered":"<p>Selin, Eymen, Levent, Kimbuki ve di\u011ferleri\u2026 \u0130nsan v\u00fccudunun i\u00e7ine do\u011fru akan muhte\u015fem bir maceran\u0131n fitili \u00e7oktan ate\u015flendi! Dr. Davut, birden bay\u0131ld\u0131! Macera ekibi tela\u015fl\u0131! Dr. Davut\u2019un v\u00fccuduna girip onu hasta eden nedeni bulabilecekler mi? Yoksa \u00e7ok sevdikleri bilim adam\u0131 Dr. Davut\u2019u kurtarmalar\u0131 m\u00fcmk\u00fcn olmayacak m\u0131? Bakteriler, vir\u00fcsler ve kal\u0131n ba\u011f\u0131rsa\u011f\u0131n i\u00e7ine sinmi\u015f k\u00f6t\u00fc kokularla ekibin ba\u015f\u0131 dertte! Bu macerada onlar\u0131 yaln\u0131z b\u0131rakmay\u0131n! \u201c\u0130nsan V\u00fccudu Maceras\u0131\u201d serisi, bizleri insan v\u00fccudunu ke\u015ffe \u00e7\u0131kararak organlar\u0131n nas\u0131l \u00e7al\u0131\u015ft\u0131\u011f\u0131n\u0131 anlat\u0131rken m\u00fcthi\u015f maceras\u0131yla v\u00fccudumuzu nas\u0131l iyi durumda tutabilece\u011fimizi de \u00f6\u011fretiyor. Bakal\u0131m sindirim ve solunum sistemini neler tehdit ediyor! <\/p>\n","protected":false},"excerpt":{"rendered":"<p>Selin, Eymen, Levent, Kimbuki ve di\u011ferleri\u2026 \u0130nsan v\u00fccudunun i\u00e7ine do\u011fru akan muhte\u015fem bir maceran\u0131n fitili \u00e7oktan ate\u015flendi! Dr. Davut, birden bay\u0131ld\u0131! Macera ekibi tela\u015fl\u0131! Dr. Davut\u2019un<span class=\"excerpt-hellip\"> [\u2026]<\/span><\/p>\n","protected":false},"featured_media":0,"template":"","meta":{"_monsterinsights_skip_tracking":false,"_monsterinsights_sitenote_active":false,"_monsterinsights_sitenote_note":"","_monsterinsights_sitenote_category":0},"product_brand":[],"product_cat":[12416,12291],"product_tag":[],"class_list":{"0":"post-770861","1":"product","2":"type-product","3":"status-publish","5":"product_cat-cizgi-roman","6":"product_cat-edebiyat","7":"pa_cilt-ciltsiz","8":"pa_tur-kitap","9":"pa_yayinevi-aile-yayinlari","10":"pa_yazar-hot-blooded-souls","12":"first","13":"instock","14":"sale","15":"shipping-taxable","16":"purchasable","17":"product-type-simple"},"_links":{"self":[{"href":"https:\/\/roveyayinevi.com.tr\/index.php\/wp-json\/wp\/v2\/product\/770861","targetHints":{"allow":["GET"]}}],"collection":[{"href":"https:\/\/roveyayinevi.com.tr\/index.php\/wp-json\/wp\/v2\/product"}],"about":[{"href":"https:\/\/roveyayinevi.com.tr\/index.php\/wp-json\/wp\/v2\/types\/product"}],"wp:attachment":[{"href":"https:\/\/roveyayinevi.com.tr\/index.php\/wp-json\/wp\/v2\/media?parent=770861"}],"wp:term":[{"taxonomy":"product_brand","embeddable":true,"href":"https:\/\/roveyayinevi.com.tr\/index.php\/wp-json\/wp\/v2\/product_brand?post=770861"},{"taxonomy":"product_cat","embeddable":true,"href":"https:\/\/roveyayinevi.com.tr\/index.php\/wp-json\/wp\/v2\/product_cat?post=770861"},{"taxonomy":"product_tag","embeddable":true,"href":"https:\/\/roveyayinevi.com.tr\/index.php\/wp-json\/wp\/v2\/product_tag?post=770861"}],"curies":[{"name":"wp","href":"https:\/\/api.w.org\/{rel}","templated":true}]}}