{"id":770860,"date":"2025-08-28T14:45:38","date_gmt":"2025-08-28T11:45:38","guid":{"rendered":"https:\/\/roveyayinevi.com.tr\/index.php\/urun\/3-dakikada-bilim-1-bilimin-devleri\/"},"modified":"2026-01-28T04:00:13","modified_gmt":"2026-01-28T01:00:13","slug":"3-dakikada-bilim-1-bilimin-devleri","status":"publish","type":"product","link":"https:\/\/roveyayinevi.com.tr\/index.php\/urun\/3-dakikada-bilim-1-bilimin-devleri\/","title":{"rendered":"3 Dakikada Bilim-1 \/ Bilimin Devleri"},"content":{"rendered":"<p>Tavuklar\u0131 taklit edip yumurtlamaya \u00e7al\u0131\u015fan \u00e7\u0131lg\u0131n d\u00e2hi kim? \u00d6ld\u00fc\u011f\u00fcnde yas\u0131n\u0131n tutulmas\u0131 i\u00e7in \u00f6zg\u00fcrl\u00fck heykelinin me\u015falesinin \u0131\u015f\u0131\u011f\u0131 s\u00f6nd\u00fcr\u00fclen bilim insan\u0131n\u0131 tan\u0131yor musun? D\u00f6rt ya\u015f\u0131na kadar konu\u015famayan mucidin kim oldu\u011funu tahmin edebilir misin? D\u00fc\u011f\u00fcn\u00fcnde giydi\u011fi mavi elbiseyi deney yaparken \u00fcst\u00fcnden \u00e7\u0131karmayan bilim kad\u0131n\u0131 kim acaba?  Peki, t\u00fcm bu kafas\u0131 de\u011fi\u015fik insanlar\u0131n pek acayip hayatlar\u0131n\u0131 \u00fc\u00e7 dakikada \u00f6\u011frenmeye ne dersin? O zaman \u201c3 Dakikada Bilim\u201d serisine bay\u0131lacaks\u0131n! \u0130\u015fte \u00fc\u00e7 dakikada Bilimin Devleri\u2019nin devasa b\u00fcy\u00fckl\u00fckteki hayatlar\u0131! <\/p>\n","protected":false},"excerpt":{"rendered":"<p>Tavuklar\u0131 taklit edip yumurtlamaya \u00e7al\u0131\u015fan \u00e7\u0131lg\u0131n d\u00e2hi kim? \u00d6ld\u00fc\u011f\u00fcnde yas\u0131n\u0131n tutulmas\u0131 i\u00e7in \u00f6zg\u00fcrl\u00fck heykelinin me\u015falesinin \u0131\u015f\u0131\u011f\u0131 s\u00f6nd\u00fcr\u00fclen bilim insan\u0131n\u0131 tan\u0131yor musun? D\u00f6rt ya\u015f\u0131na kadar konu\u015famayan mucidin<span class=\"excerpt-hellip\"> [\u2026]<\/span><\/p>\n","protected":false},"featured_media":0,"template":"","meta":{"_monsterinsights_skip_tracking":false,"_monsterinsights_sitenote_active":false,"_monsterinsights_sitenote_note":"","_monsterinsights_sitenote_category":0},"product_brand":[],"product_cat":[12416,12291],"product_tag":[],"class_list":{"0":"post-770860","1":"product","2":"type-product","3":"status-publish","5":"product_cat-cizgi-roman","6":"product_cat-edebiyat","7":"pa_cilt-ciltsiz","8":"pa_tur-kitap","9":"pa_yayinevi-aile-yayinlari","10":"pa_yazar-kolektif","12":"first","13":"instock","14":"sale","15":"shipping-taxable","16":"purchasable","17":"product-type-simple"},"_links":{"self":[{"href":"https:\/\/roveyayinevi.com.tr\/index.php\/wp-json\/wp\/v2\/product\/770860","targetHints":{"allow":["GET"]}}],"collection":[{"href":"https:\/\/roveyayinevi.com.tr\/index.php\/wp-json\/wp\/v2\/product"}],"about":[{"href":"https:\/\/roveyayinevi.com.tr\/index.php\/wp-json\/wp\/v2\/types\/product"}],"wp:attachment":[{"href":"https:\/\/roveyayinevi.com.tr\/index.php\/wp-json\/wp\/v2\/media?parent=770860"}],"wp:term":[{"taxonomy":"product_brand","embeddable":true,"href":"https:\/\/roveyayinevi.com.tr\/index.php\/wp-json\/wp\/v2\/product_brand?post=770860"},{"taxonomy":"product_cat","embeddable":true,"href":"https:\/\/roveyayinevi.com.tr\/index.php\/wp-json\/wp\/v2\/product_cat?post=770860"},{"taxonomy":"product_tag","embeddable":true,"href":"https:\/\/roveyayinevi.com.tr\/index.php\/wp-json\/wp\/v2\/product_tag?post=770860"}],"curies":[{"name":"wp","href":"https:\/\/api.w.org\/{rel}","templated":true}]}}