{"id":770859,"date":"2025-08-28T14:45:36","date_gmt":"2025-08-28T11:45:36","guid":{"rendered":"https:\/\/roveyayinevi.com.tr\/index.php\/urun\/gurur-ve-utanc-citir-citir-felsefe\/"},"modified":"2026-04-15T03:37:13","modified_gmt":"2026-04-15T00:37:13","slug":"gurur-ve-utanc-citir-citir-felsefe","status":"publish","type":"product","link":"https:\/\/roveyayinevi.com.tr\/index.php\/urun\/gurur-ve-utanc-citir-citir-felsefe\/","title":{"rendered":"Gurur ve Utan\u00e7 &#8211; \u00c7\u0131t\u0131r \u00c7\u0131t\u0131r Felsefe"},"content":{"rendered":"<p>Gurur da utan\u00e7 da cesaret ister! K\u00fc\u00e7\u00fck b\u00fcy\u00fck herkesin hayat\u0131 sorgulama rehberi \u201c\u00c7\u0131t\u0131r \u00c7\u0131t\u0131r Felsefe\u201d dizisinin T\u00fcrk\u00e7e\u2019deki 35. kitab\u0131 \u201cgurur\u201d ve \u201cutan\u00e7\u201d kavramlar\u0131n\u0131 ele al\u0131yor. Dizinin yarat\u0131c\u0131s\u0131 Brigitte Labb\u00e9, hayat\u0131m\u0131z\u0131n merkezindeki iki \u00f6nemli duyguyu, g\u00fcnl\u00fck ya\u015famdan \u00f6rneklerle d\u00fc\u015f\u00fcnd\u00fcr\u00fcyor. Bazen ikili ili\u015fkilerde, bazen topluluk \u00f6n\u00fcnde, bazen de i\u00e7d\u00fcnyam\u0131zda duydu\u011fumuz gururun ve utanc\u0131n, nas\u0131l mutlu ya da huzursuz hissettirdi\u011fini \u00e7okboyutlu ele al\u0131yor. Jacques Azam\u2019\u0131n zengin mizah anlay\u0131\u015f\u0131n\u0131 yans\u0131tt\u0131\u011f\u0131 desenleriyle renklenen dizinin her kitab\u0131nda, farkl\u0131 bir felsefi kavram ya da temel bir konu ele al\u0131n\u0131yor. Kavramlar, minik \u00f6yk\u00fcler, k\u0131sa k\u0131sa \u00f6rnek durumlar, diyaloglar ya da sorular sayesinde, \u00e7ocuklar\u0131n kolayca anlayabilece\u011fi sadelikte aktar\u0131l\u0131yor. Dizi, \u00e7ocuklar ve felsefe \u00fczerine yap\u0131lan bir\u00e7ok \u00e7al\u0131\u015fmaya da ilham veriyor. Utand\u0131\u011f\u0131m\u0131zda kimimiz titrer, kimimizin g\u00f6zleri dolar ya da kalp at\u0131\u015flar\u0131 h\u0131zlan\u0131r. Gurur duydu\u011fumuzdaysa, g\u00fclmek, z\u0131plamak, \u00e7\u0131\u011fl\u0131k atmak isteriz. Utan\u00e7 ve gurur \u00e7ok g\u00fc\u00e7l\u00fc, \u00e7ok yo\u011fun duygulard\u0131r ve i\u00e7imizde ikisine ili\u015fkin de duyarl\u0131l\u0131k vard\u0131r. Bu duyarl\u0131l\u0131k bize neyin do\u011fru, neyin yanl\u0131\u015f oldu\u011funu bildirir; kendimizde ho\u015fland\u0131\u011f\u0131m\u0131z ya da ho\u015flanmad\u0131\u011f\u0131m\u0131z \u015feyleri hissettirir; kendimizi ke\u015ffetmemizi sa\u011flar&#8230;<\/p>\n","protected":false},"excerpt":{"rendered":"<p>Gurur da utan\u00e7 da cesaret ister! K\u00fc\u00e7\u00fck b\u00fcy\u00fck herkesin hayat\u0131 sorgulama rehberi \u201c\u00c7\u0131t\u0131r \u00c7\u0131t\u0131r Felsefe\u201d dizisinin T\u00fcrk\u00e7e\u2019deki 35. kitab\u0131 \u201cgurur\u201d ve \u201cutan\u00e7\u201d kavramlar\u0131n\u0131 ele al\u0131yor. Dizinin<span class=\"excerpt-hellip\"> [\u2026]<\/span><\/p>\n","protected":false},"featured_media":0,"template":"","meta":{"_monsterinsights_skip_tracking":false,"_monsterinsights_sitenote_active":false,"_monsterinsights_sitenote_note":"","_monsterinsights_sitenote_category":0},"product_brand":[],"product_cat":[12274],"product_tag":[],"class_list":{"0":"post-770859","1":"product","2":"type-product","3":"status-publish","5":"product_cat-cocuk-ve-genclik-kitaplari","6":"pa_cilt-ciltsiz","7":"pa_tur-kitap","8":"pa_yayinevi-gunisigi-kitapligi","9":"pa_yazar-brigitte-labbe","11":"first","12":"instock","13":"sale","14":"shipping-taxable","15":"purchasable","16":"product-type-simple"},"_links":{"self":[{"href":"https:\/\/roveyayinevi.com.tr\/index.php\/wp-json\/wp\/v2\/product\/770859","targetHints":{"allow":["GET"]}}],"collection":[{"href":"https:\/\/roveyayinevi.com.tr\/index.php\/wp-json\/wp\/v2\/product"}],"about":[{"href":"https:\/\/roveyayinevi.com.tr\/index.php\/wp-json\/wp\/v2\/types\/product"}],"wp:attachment":[{"href":"https:\/\/roveyayinevi.com.tr\/index.php\/wp-json\/wp\/v2\/media?parent=770859"}],"wp:term":[{"taxonomy":"product_brand","embeddable":true,"href":"https:\/\/roveyayinevi.com.tr\/index.php\/wp-json\/wp\/v2\/product_brand?post=770859"},{"taxonomy":"product_cat","embeddable":true,"href":"https:\/\/roveyayinevi.com.tr\/index.php\/wp-json\/wp\/v2\/product_cat?post=770859"},{"taxonomy":"product_tag","embeddable":true,"href":"https:\/\/roveyayinevi.com.tr\/index.php\/wp-json\/wp\/v2\/product_tag?post=770859"}],"curies":[{"name":"wp","href":"https:\/\/api.w.org\/{rel}","templated":true}]}}