{"id":770857,"date":"2025-08-28T14:45:33","date_gmt":"2025-08-28T11:45:33","guid":{"rendered":"https:\/\/roveyayinevi.com.tr\/index.php\/urun\/felsefeyi-anlamak\/"},"modified":"2026-04-15T03:37:13","modified_gmt":"2026-04-15T00:37:13","slug":"felsefeyi-anlamak","status":"publish","type":"product","link":"https:\/\/roveyayinevi.com.tr\/index.php\/urun\/felsefeyi-anlamak\/","title":{"rendered":"Felsefeyi Anlamak"},"content":{"rendered":"<p>\u00d6l\u00fcmden sonra hayat var m\u0131? \u00d6tanazi, intihar ya da k\u00f6k h\u00fccre ara\u015ft\u0131rmalar\u0131 etik mi? Sporda performans art\u0131r\u0131c\u0131 kullan\u0131m\u0131 hile yapmak say\u0131l\u0131r m\u0131? G\u00fcn\u00fcm\u00fcz insan\u0131, bu t\u00fcr felsefi sorularla kar\u015f\u0131 kar\u015f\u0131ya kal\u0131yor. Felsefe, art\u0131k bir i\u015fe yaramayan bir dizi doktrin de\u011fil; tam tersine, davran\u0131\u015flar\u0131n\u0131z\u0131 \u015fekillendirmek ve sorunlar\u0131n\u0131z\u0131 \u00e7\u00f6zmek i\u00e7in ba\u015fvurabilece\u011finiz, ya\u015fayan bir bilgi birikimi. S\u0131k\u0131c\u0131 olmayan ve kolayca takip edilir bir dille haz\u0131rlanan Felsefeyi Anlamak, sizi t\u00fcm zamanlar\u0131n en \u00f6nemli d\u00fc\u015f\u00fcn\u00fcrleri ve onlar\u0131n son 2.600 y\u0131l i\u00e7erisinde \u00fczerinde kafa yorduklar\u0131 sorunlarla tan\u0131\u015ft\u0131r\u0131yor. Dr. Kenneth Shouler, en bilinen d\u00fcnya g\u00f6r\u00fc\u015flerini a\u00e7\u0131kl\u0131yor ve g\u00fcnl\u00fck ya\u015famdan \u00f6rnekler sunarak bu kavramlar\u0131n iyice anla\u015f\u0131labilmesini sa\u011fl\u0131yor. Bu kitab\u0131n sayfalar\u0131nda gezinirken, \u00b7      *   Sokrates, Platon ve Aristoteles   *   Augustinus ve Aquinas   *   Spinoza ve Descartes \u00b7      *   Locke ve Hume   *  Mill, Russell ve Sartre gibi filozoflar\u0131n d\u00fc\u015f\u00fcnce yap\u0131lar\u0131 \u00fczerine fikir sahibi olacaks\u0131n\u0131z. Hayata bak\u0131\u015f\u0131n\u0131z\u0131 geni\u015fletmek niyetindeyseniz, bu kitap sizin i\u00e7in. <\/p>\n","protected":false},"excerpt":{"rendered":"<p>\u00d6l\u00fcmden sonra hayat var m\u0131? \u00d6tanazi, intihar ya da k\u00f6k h\u00fccre ara\u015ft\u0131rmalar\u0131 etik mi? Sporda performans art\u0131r\u0131c\u0131 kullan\u0131m\u0131 hile yapmak say\u0131l\u0131r m\u0131? G\u00fcn\u00fcm\u00fcz insan\u0131, bu t\u00fcr<span class=\"excerpt-hellip\"> [\u2026]<\/span><\/p>\n","protected":false},"featured_media":0,"template":"","meta":{"_monsterinsights_skip_tracking":false,"_monsterinsights_sitenote_active":false,"_monsterinsights_sitenote_note":"","_monsterinsights_sitenote_category":0},"product_brand":[],"product_cat":[12389,12388],"product_tag":[],"class_list":{"0":"post-770857","1":"product","2":"type-product","3":"status-publish","5":"product_cat-diger-felsefe","6":"product_cat-felsefe","7":"pa_cilt-ciltsiz","8":"pa_tur-kitap","9":"pa_yayinevi-akil-celen-kitaplar","10":"pa_yazar-kenneth-shouler","12":"first","13":"instock","14":"sale","15":"shipping-taxable","16":"purchasable","17":"product-type-simple"},"_links":{"self":[{"href":"https:\/\/roveyayinevi.com.tr\/index.php\/wp-json\/wp\/v2\/product\/770857","targetHints":{"allow":["GET"]}}],"collection":[{"href":"https:\/\/roveyayinevi.com.tr\/index.php\/wp-json\/wp\/v2\/product"}],"about":[{"href":"https:\/\/roveyayinevi.com.tr\/index.php\/wp-json\/wp\/v2\/types\/product"}],"wp:attachment":[{"href":"https:\/\/roveyayinevi.com.tr\/index.php\/wp-json\/wp\/v2\/media?parent=770857"}],"wp:term":[{"taxonomy":"product_brand","embeddable":true,"href":"https:\/\/roveyayinevi.com.tr\/index.php\/wp-json\/wp\/v2\/product_brand?post=770857"},{"taxonomy":"product_cat","embeddable":true,"href":"https:\/\/roveyayinevi.com.tr\/index.php\/wp-json\/wp\/v2\/product_cat?post=770857"},{"taxonomy":"product_tag","embeddable":true,"href":"https:\/\/roveyayinevi.com.tr\/index.php\/wp-json\/wp\/v2\/product_tag?post=770857"}],"curies":[{"name":"wp","href":"https:\/\/api.w.org\/{rel}","templated":true}]}}