{"id":770856,"date":"2025-08-28T14:45:31","date_gmt":"2025-08-28T11:45:31","guid":{"rendered":"https:\/\/roveyayinevi.com.tr\/index.php\/urun\/cocuklar-icin-uzay-bulmaca-ve-etkinliklerle\/"},"modified":"2026-04-15T03:37:13","modified_gmt":"2026-04-15T00:37:13","slug":"cocuklar-icin-uzay-bulmaca-ve-etkinliklerle","status":"publish","type":"product","link":"https:\/\/roveyayinevi.com.tr\/index.php\/urun\/cocuklar-icin-uzay-bulmaca-ve-etkinliklerle\/","title":{"rendered":"\u00c7ocuklar \u0130\u00e7in Uzay &#8211; Bulmaca ve Etkinliklerle"},"content":{"rendered":"<p>Bu kitab\u0131n kapa\u011f\u0131n\u0131 a\u00e7t\u0131\u011f\u0131n\u0131zda kendinizi bir uzay roketinin i\u00e7inde bulacak ve farkl\u0131 bir galaksie do\u011fru yola \u00e7\u0131kacaks\u0131n\u0131z. \u00c7ocuklar i\u00e7in Uzay, y\u0131ld\u0131z ve gezegenlerden kuyruklu y\u0131ld\u0131zlar, k\u00fc\u00e7\u00fck astronomlar\u0131n ke\u015ffetmek i\u00e7in can att\u0131\u011f\u0131 her \u015feyi keyifli anlat\u0131m\u0131yla ortaya koyuyor. Bu kitap sayesinde; \u00b7         Samanyolu Galaksisi gibi galaksilerin nas\u0131l olu\u015ftu\u011funu, \u00b7         D\u00fcnya\u2019n\u0131n neden d\u00f6nd\u00fc\u011f\u00fcn\u00fc ve yer \u00e7ekimin,n ne oldu\u011funu, \u00b7         Kuyruklu y\u0131ld\u0131z ve gezegenleri nas\u0131l etkilediklerini, \u00b7         Ay\u2019a ayak basan ilk insan hakk\u0131ndaki ger\u00e7e\u011fi, \u00b7         Mars\u2019\u0131n neden bu kadar s\u0131cak oldu\u011funu ve Sat\u00fcrn\u2019\u00fcn \u00e7evresinde neden halkalar bulun\u011funu, \u00b7         Bilim insalar\u0131n\u0131n D\u00fcnya d\u0131\u015f\u0131nda herhangi bir yerde hayat olup olmad\u0131\u011f\u0131yla ilgili g\u00f6r\u00fc\u015flerini \u00f6\u011freneceksiniz.   Kitap i\u00e7indeki etkinlik ve bulmacalar hem uzay hakk\u0131ndaki bilgilerinizi artacak hem de keyifli vakit ge\u00e7ireceksiniz, bir g\u00f6ky\u00fcz\u00fc g\u00f6zlem arac\u0131 yapabilir ya da odan\u0131z\u0131 k\u00fc\u00e7\u00fck bir evrene d\u00f6n\u00fc\u015ft\u00fcrebilirsiniz.   \u00c7ocuklar i\u00e7in Uzay, sizi bu d\u00fcnyan\u0131n d\u0131\u015f\u0131nda bir yolculu\u011fa davet ediyor! <\/p>\n","protected":false},"excerpt":{"rendered":"<p>Bu kitab\u0131n kapa\u011f\u0131n\u0131 a\u00e7t\u0131\u011f\u0131n\u0131zda kendinizi bir uzay roketinin i\u00e7inde bulacak ve farkl\u0131 bir galaksie do\u011fru yola \u00e7\u0131kacaks\u0131n\u0131z. \u00c7ocuklar i\u00e7in Uzay, y\u0131ld\u0131z ve gezegenlerden kuyruklu y\u0131ld\u0131zlar, k\u00fc\u00e7\u00fck<span class=\"excerpt-hellip\"> [\u2026]<\/span><\/p>\n","protected":false},"featured_media":0,"template":"","meta":{"_monsterinsights_skip_tracking":false,"_monsterinsights_sitenote_active":false,"_monsterinsights_sitenote_note":"","_monsterinsights_sitenote_category":0},"product_brand":[],"product_cat":[12274,12284],"product_tag":[],"class_list":{"0":"post-770856","1":"product","2":"type-product","3":"status-publish","5":"product_cat-cocuk-ve-genclik-kitaplari","6":"product_cat-hikayeler","7":"pa_cilt-ciltsiz","8":"pa_tur-kitap","9":"pa_yayinevi-1001-cicek-kitaplar","10":"pa_yazar-kathi-wagner-sheryl-racine","12":"first","13":"instock","14":"sale","15":"shipping-taxable","16":"purchasable","17":"product-type-simple"},"_links":{"self":[{"href":"https:\/\/roveyayinevi.com.tr\/index.php\/wp-json\/wp\/v2\/product\/770856","targetHints":{"allow":["GET"]}}],"collection":[{"href":"https:\/\/roveyayinevi.com.tr\/index.php\/wp-json\/wp\/v2\/product"}],"about":[{"href":"https:\/\/roveyayinevi.com.tr\/index.php\/wp-json\/wp\/v2\/types\/product"}],"wp:attachment":[{"href":"https:\/\/roveyayinevi.com.tr\/index.php\/wp-json\/wp\/v2\/media?parent=770856"}],"wp:term":[{"taxonomy":"product_brand","embeddable":true,"href":"https:\/\/roveyayinevi.com.tr\/index.php\/wp-json\/wp\/v2\/product_brand?post=770856"},{"taxonomy":"product_cat","embeddable":true,"href":"https:\/\/roveyayinevi.com.tr\/index.php\/wp-json\/wp\/v2\/product_cat?post=770856"},{"taxonomy":"product_tag","embeddable":true,"href":"https:\/\/roveyayinevi.com.tr\/index.php\/wp-json\/wp\/v2\/product_tag?post=770856"}],"curies":[{"name":"wp","href":"https:\/\/api.w.org\/{rel}","templated":true}]}}