{"id":770850,"date":"2025-08-28T14:45:19","date_gmt":"2025-08-28T11:45:19","guid":{"rendered":"https:\/\/roveyayinevi.com.tr\/index.php\/urun\/kacak-anin-buyusu\/"},"modified":"2026-04-15T03:37:13","modified_gmt":"2026-04-15T00:37:13","slug":"kacak-anin-buyusu","status":"publish","type":"product","link":"https:\/\/roveyayinevi.com.tr\/index.php\/urun\/kacak-anin-buyusu\/","title":{"rendered":"Ka\u00e7ak An\u0131n B\u00fcy\u00fcs\u00fc"},"content":{"rendered":"<p>Nitelikli \u00f6yk\u00fcleriyle romanlar\u0131na bir yenisini daha ekleyen Metin Turan, bu defa bizi, kahraman\u0131 Nafi Cande\u011fer\u2019le birlikte hem heyecanl\u0131 ve \u015fenlikli hem de bir o kadar h\u00fcz\u00fcnl\u00fc ve d\u00fc\u015f\u00fcnd\u00fcren bir yolculu\u011fa \u00e7\u0131kar\u0131yor.   Bu romanda ka\u00e7ak \u00e2n\u0131n b\u00fcy\u00fcs\u00fcne kap\u0131lacak, siz de muhtemelen ayn\u0131 ka\u00e7\u0131n\u0131lmaz soruyu soracaks\u0131n\u0131z:   Mademki bu hayat\u0131n bir tekrar\u0131 yok; o zaman bir \u00e2na, bir duruma, bir konuma; bir s\u0131fat, bir tasnif ya da bir kategoriye zoraki s\u0131\u011fd\u0131r\u0131l\u0131p s\u0131k\u0131\u015ft\u0131r\u0131lan bir \u00f6mr\u00fc, \u00e2deta sonu gelmez bir hamall\u0131\u011f\u0131n mahk\u00fbmu gibi ya\u015famak zorunda m\u0131y\u0131m? Yoksa \u201cyazg\u0131\u201d denilerek s\u00fcrgit ta\u015f\u0131may\u0131 gayet normal buldu\u011fum y\u00fck\u00fc s\u0131rt\u0131mdan indirip bir kez daha ba\u015fa, en ba\u015fa d\u00f6nmeksizin yoluma devam etme, de\u011fi\u015fip de\u011fi\u015ftirme iradem var m\u0131? Elinizde, sizi okudu\u011funu g\u00f6r\u00fcp \u015fa\u015f\u0131raca\u011f\u0131n\u0131z bir roman var.   Okudu\u011funuzda zihin ku\u015flar\u0131n\u0131z havalanacak.    \u00c7ekinmeyin. Rahat olun ve yap\u0131n bir m\u00fcnasebetsizlik! <\/p>\n","protected":false},"excerpt":{"rendered":"<p>Nitelikli \u00f6yk\u00fcleriyle romanlar\u0131na bir yenisini daha ekleyen Metin Turan, bu defa bizi, kahraman\u0131 Nafi Cande\u011fer\u2019le birlikte hem heyecanl\u0131 ve \u015fenlikli hem de bir o kadar h\u00fcz\u00fcnl\u00fc<span class=\"excerpt-hellip\"> [\u2026]<\/span><\/p>\n","protected":false},"featured_media":0,"template":"","meta":{"_monsterinsights_skip_tracking":false,"_monsterinsights_sitenote_active":false,"_monsterinsights_sitenote_note":"","_monsterinsights_sitenote_category":0},"product_brand":[],"product_cat":[12291,12711],"product_tag":[],"class_list":{"0":"post-770850","1":"product","2":"type-product","3":"status-publish","5":"product_cat-edebiyat","6":"product_cat-roman-oyku","7":"pa_cilt-ciltsiz","8":"pa_tur-kitap","9":"pa_yayinevi-favori-yayinlari","10":"pa_yazar-metin-turan","12":"first","13":"instock","14":"sale","15":"shipping-taxable","16":"purchasable","17":"product-type-simple"},"_links":{"self":[{"href":"https:\/\/roveyayinevi.com.tr\/index.php\/wp-json\/wp\/v2\/product\/770850","targetHints":{"allow":["GET"]}}],"collection":[{"href":"https:\/\/roveyayinevi.com.tr\/index.php\/wp-json\/wp\/v2\/product"}],"about":[{"href":"https:\/\/roveyayinevi.com.tr\/index.php\/wp-json\/wp\/v2\/types\/product"}],"wp:attachment":[{"href":"https:\/\/roveyayinevi.com.tr\/index.php\/wp-json\/wp\/v2\/media?parent=770850"}],"wp:term":[{"taxonomy":"product_brand","embeddable":true,"href":"https:\/\/roveyayinevi.com.tr\/index.php\/wp-json\/wp\/v2\/product_brand?post=770850"},{"taxonomy":"product_cat","embeddable":true,"href":"https:\/\/roveyayinevi.com.tr\/index.php\/wp-json\/wp\/v2\/product_cat?post=770850"},{"taxonomy":"product_tag","embeddable":true,"href":"https:\/\/roveyayinevi.com.tr\/index.php\/wp-json\/wp\/v2\/product_tag?post=770850"}],"curies":[{"name":"wp","href":"https:\/\/api.w.org\/{rel}","templated":true}]}}