{"id":770847,"date":"2025-08-28T14:45:13","date_gmt":"2025-08-28T11:45:13","guid":{"rendered":"https:\/\/roveyayinevi.com.tr\/index.php\/urun\/bana-guven\/"},"modified":"2026-04-15T03:37:13","modified_gmt":"2026-04-15T00:37:13","slug":"bana-guven","status":"publish","type":"product","link":"https:\/\/roveyayinevi.com.tr\/index.php\/urun\/bana-guven\/","title":{"rendered":"Bana G\u00fcven"},"content":{"rendered":"<p>Sara, d\u0131\u015far\u0131dan bak\u0131ld\u0131\u011f\u0131nda hayat\u0131 m\u00fckemmel g\u00f6r\u00fcnen; rahat bir evi, sevgi dolu bir e\u015fi ve iki \u00e7ocu\u011fu olan ba\u015far\u0131l\u0131 bir travma terapistidir. Ancak onun d\u0131\u015f\u0131nda hi\u00e7 kimse hayat\u0131n\u0131n bir yalan \u00fczerine kurulu oldu\u011funu bilmiyordur. Ta ki yeni bir hasta, Sara&#8217;n\u0131n \u00e7ok iyi bildi\u011fi, hatta y\u0131llar \u00f6nce bizzat kendisinin i\u015fledi\u011fi bir su\u00e7u itiraf edene kadar&#8230;  Bu ki\u015fi, Sara&#8217;n\u0131n ge\u00e7mi\u015fini nas\u0131l biliyor? Ne planl\u0131yor? Ve Sara, bu s\u0131rr\u0131n if\u015fa olmamas\u0131 i\u00e7in ne yapabilir? Kesin olan tek bir \u015fey vard\u0131r: Sara, s\u0131rr\u0131n\u0131 ve ailesini korumak i\u00e7in her \u015feyi g\u00f6ze alacakt\u0131r&#8230; *** &#8220;Bir psikolojik gerilim roman\u0131ndan isteyebilece\u011finiz her \u015fey bu kitapta.&#8221; John Marrs *** &#8220;\u0130lk sayfas\u0131ndan itibaren sizi i\u00e7ine \u00e7ekecek muazzam bir aile i\u00e7i gerilim.&#8221; Ed James<\/p>\n","protected":false},"excerpt":{"rendered":"<p>Sara, d\u0131\u015far\u0131dan bak\u0131ld\u0131\u011f\u0131nda hayat\u0131 m\u00fckemmel g\u00f6r\u00fcnen; rahat bir evi, sevgi dolu bir e\u015fi ve iki \u00e7ocu\u011fu olan ba\u015far\u0131l\u0131 bir travma terapistidir. Ancak onun d\u0131\u015f\u0131nda hi\u00e7 kimse<span class=\"excerpt-hellip\"> [\u2026]<\/span><\/p>\n","protected":false},"featured_media":0,"template":"","meta":{"_monsterinsights_skip_tracking":false,"_monsterinsights_sitenote_active":false,"_monsterinsights_sitenote_note":"","_monsterinsights_sitenote_category":0},"product_brand":[],"product_cat":[12291,12711],"product_tag":[],"class_list":{"0":"post-770847","1":"product","2":"type-product","3":"status-publish","5":"product_cat-edebiyat","6":"product_cat-roman-oyku","7":"pa_cilt-ciltsiz","8":"pa_tur-kitap","9":"pa_yayinevi-yediveren-yayinlari","10":"pa_yazar-luca-veste","12":"first","13":"instock","14":"sale","15":"shipping-taxable","16":"purchasable","17":"product-type-simple"},"_links":{"self":[{"href":"https:\/\/roveyayinevi.com.tr\/index.php\/wp-json\/wp\/v2\/product\/770847","targetHints":{"allow":["GET"]}}],"collection":[{"href":"https:\/\/roveyayinevi.com.tr\/index.php\/wp-json\/wp\/v2\/product"}],"about":[{"href":"https:\/\/roveyayinevi.com.tr\/index.php\/wp-json\/wp\/v2\/types\/product"}],"wp:attachment":[{"href":"https:\/\/roveyayinevi.com.tr\/index.php\/wp-json\/wp\/v2\/media?parent=770847"}],"wp:term":[{"taxonomy":"product_brand","embeddable":true,"href":"https:\/\/roveyayinevi.com.tr\/index.php\/wp-json\/wp\/v2\/product_brand?post=770847"},{"taxonomy":"product_cat","embeddable":true,"href":"https:\/\/roveyayinevi.com.tr\/index.php\/wp-json\/wp\/v2\/product_cat?post=770847"},{"taxonomy":"product_tag","embeddable":true,"href":"https:\/\/roveyayinevi.com.tr\/index.php\/wp-json\/wp\/v2\/product_tag?post=770847"}],"curies":[{"name":"wp","href":"https:\/\/api.w.org\/{rel}","templated":true}]}}