{"id":770846,"date":"2025-08-28T14:45:11","date_gmt":"2025-08-28T11:45:11","guid":{"rendered":"https:\/\/roveyayinevi.com.tr\/index.php\/urun\/39-basamak-2\/"},"modified":"2026-04-15T03:37:13","modified_gmt":"2026-04-15T00:37:13","slug":"39-basamak-2","status":"publish","type":"product","link":"https:\/\/roveyayinevi.com.tr\/index.php\/urun\/39-basamak-2\/","title":{"rendered":"39 Basamak"},"content":{"rendered":"<p>Ka\u00e7mak bir sanatsa, Richard Hannay ustas\u0131d\u0131r. S\u0131radan bir ak\u015fam, Londra\u2019daki dairesinde tan\u0131mad\u0131\u011f\u0131 bir adam\u0131n kap\u0131s\u0131n\u0131 \u00e7almas\u0131yla Richard Hannay\u2019in hayat\u0131 alt\u00fcst olur. Art\u0131k elinde sadece cinayetle su\u00e7lanan bir adam\u0131n anlatt\u0131klar\u0131, cebinde k\u0131r\u0131k ipu\u00e7lar\u0131 ve pe\u015finde g\u00f6lge gibi dola\u015fan \u00f6l\u00fcm vard\u0131r. \u0130ngiltere&#8217;nin k\u0131rsal yollar\u0131nda ba\u015flayan bu soluk kesici ka\u00e7\u0131\u015f, uluslararas\u0131 bir casusluk a\u011f\u0131n\u0131n ortaya \u00e7\u0131kmas\u0131yla bamba\u015fka bir boyuta ta\u015f\u0131n\u0131r. Zaman daralmakta, tehlike b\u00fcy\u00fcmekte ve bir adam\u0131n omuzlar\u0131ndaki y\u00fck, bir \u00fclkenin gelece\u011fini belirlemektedir. John Buchan\u2019\u0131n 1915\u2019te kaleme ald\u0131\u011f\u0131 39 Basamak, gerilim ve aksiyonun klasikle\u015fmi\u015f ilk \u00f6rneklerinden biri. S\u00fcr\u00fckleyici anlat\u0131m\u0131 ve keskin zek\u00e2s\u0131yla Hannay\u2019in bu maceras\u0131, hem polisiye tutkunlar\u0131n\u0131 hem de casus roman\u0131 severleri ilk sayfadan itibaren kendine ba\u011fl\u0131yor.  Bir ad\u0131m at\u0131n ama dikkat edin, otuz dokuzuncusunda d\u00fcnya de\u011fi\u015febilir.<\/p>\n","protected":false},"excerpt":{"rendered":"<p>Ka\u00e7mak bir sanatsa, Richard Hannay ustas\u0131d\u0131r. S\u0131radan bir ak\u015fam, Londra\u2019daki dairesinde tan\u0131mad\u0131\u011f\u0131 bir adam\u0131n kap\u0131s\u0131n\u0131 \u00e7almas\u0131yla Richard Hannay\u2019in hayat\u0131 alt\u00fcst olur. Art\u0131k elinde sadece cinayetle su\u00e7lanan<span class=\"excerpt-hellip\"> [\u2026]<\/span><\/p>\n","protected":false},"featured_media":0,"template":"","meta":{"_monsterinsights_skip_tracking":false,"_monsterinsights_sitenote_active":false,"_monsterinsights_sitenote_note":"","_monsterinsights_sitenote_category":0},"product_brand":[],"product_cat":[12291,12711],"product_tag":[],"class_list":{"0":"post-770846","1":"product","2":"type-product","3":"status-publish","5":"product_cat-edebiyat","6":"product_cat-roman-oyku","7":"pa_cilt-ciltsiz","8":"pa_tur-kitap","9":"pa_yayinevi-yediveren-yayinlari","10":"pa_yazar-john-buchan","12":"first","13":"instock","14":"sale","15":"shipping-taxable","16":"purchasable","17":"product-type-simple"},"_links":{"self":[{"href":"https:\/\/roveyayinevi.com.tr\/index.php\/wp-json\/wp\/v2\/product\/770846","targetHints":{"allow":["GET"]}}],"collection":[{"href":"https:\/\/roveyayinevi.com.tr\/index.php\/wp-json\/wp\/v2\/product"}],"about":[{"href":"https:\/\/roveyayinevi.com.tr\/index.php\/wp-json\/wp\/v2\/types\/product"}],"wp:attachment":[{"href":"https:\/\/roveyayinevi.com.tr\/index.php\/wp-json\/wp\/v2\/media?parent=770846"}],"wp:term":[{"taxonomy":"product_brand","embeddable":true,"href":"https:\/\/roveyayinevi.com.tr\/index.php\/wp-json\/wp\/v2\/product_brand?post=770846"},{"taxonomy":"product_cat","embeddable":true,"href":"https:\/\/roveyayinevi.com.tr\/index.php\/wp-json\/wp\/v2\/product_cat?post=770846"},{"taxonomy":"product_tag","embeddable":true,"href":"https:\/\/roveyayinevi.com.tr\/index.php\/wp-json\/wp\/v2\/product_tag?post=770846"}],"curies":[{"name":"wp","href":"https:\/\/api.w.org\/{rel}","templated":true}]}}