{"id":770845,"date":"2025-08-28T14:45:09","date_gmt":"2025-08-28T11:45:09","guid":{"rendered":"https:\/\/roveyayinevi.com.tr\/index.php\/urun\/planla-rahat-yasa\/"},"modified":"2026-04-15T03:37:13","modified_gmt":"2026-04-15T00:37:13","slug":"planla-rahat-yasa","status":"publish","type":"product","link":"https:\/\/roveyayinevi.com.tr\/index.php\/urun\/planla-rahat-yasa\/","title":{"rendered":"Planla Rahat Ya\u015fa"},"content":{"rendered":"<p>New York Times \u00e7oksatan\u0131 Tembel D\u00e2hinin El Kitab\u0131\u2019n\u0131n yazar\u0131, verimlilik kayg\u0131s\u0131ndan b\u0131kan fakat iyi bir hayat ya\u015famak isteyenler i\u00e7in pratik ve anlay\u0131\u015fl\u0131 bir zaman y\u00f6netimi kitab\u0131 sunuyor. \u00c7o\u011fu zaman y\u00f6netimi kitab\u0131, m\u00fckemmeliyet ve optimizasyon \u00fczerine odaklanarak sizi yetersiz hissettirebilir. Peki, her an verimlilik pe\u015finden ko\u015fmak yerine sadece hayat\u0131n\u0131z\u0131 ya\u015famak isterseniz? Zaman\u0131n\u0131z\u0131, ona teslim olmadan y\u00f6netmenin bir yolu var m\u0131? Kesinlikle var! Kendra Adachi, samimi ve e\u011flenceli tarz\u0131yla zaman\u0131n\u0131z\u0131 y\u00f6netmenin yepyeni bir yolunu g\u00f6steriyor.<\/p>\n","protected":false},"excerpt":{"rendered":"<p>New York Times \u00e7oksatan\u0131 Tembel D\u00e2hinin El Kitab\u0131\u2019n\u0131n yazar\u0131, verimlilik kayg\u0131s\u0131ndan b\u0131kan fakat iyi bir hayat ya\u015famak isteyenler i\u00e7in pratik ve anlay\u0131\u015fl\u0131 bir zaman y\u00f6netimi kitab\u0131<span class=\"excerpt-hellip\"> [\u2026]<\/span><\/p>\n","protected":false},"featured_media":0,"template":"","meta":{"_monsterinsights_skip_tracking":false,"_monsterinsights_sitenote_active":false,"_monsterinsights_sitenote_note":"","_monsterinsights_sitenote_category":0},"product_brand":[],"product_cat":[12364,12376],"product_tag":[],"class_list":{"0":"post-770845","1":"product","2":"type-product","3":"status-publish","5":"product_cat-genel-konular","6":"product_cat-kisisel-gelisim","7":"pa_cilt-ciltsiz","8":"pa_tur-kitap","9":"pa_yayinevi-yediveren-yayinlari","10":"pa_yazar-kendra-adachi","12":"first","13":"instock","14":"sale","15":"shipping-taxable","16":"purchasable","17":"product-type-simple"},"_links":{"self":[{"href":"https:\/\/roveyayinevi.com.tr\/index.php\/wp-json\/wp\/v2\/product\/770845","targetHints":{"allow":["GET"]}}],"collection":[{"href":"https:\/\/roveyayinevi.com.tr\/index.php\/wp-json\/wp\/v2\/product"}],"about":[{"href":"https:\/\/roveyayinevi.com.tr\/index.php\/wp-json\/wp\/v2\/types\/product"}],"wp:attachment":[{"href":"https:\/\/roveyayinevi.com.tr\/index.php\/wp-json\/wp\/v2\/media?parent=770845"}],"wp:term":[{"taxonomy":"product_brand","embeddable":true,"href":"https:\/\/roveyayinevi.com.tr\/index.php\/wp-json\/wp\/v2\/product_brand?post=770845"},{"taxonomy":"product_cat","embeddable":true,"href":"https:\/\/roveyayinevi.com.tr\/index.php\/wp-json\/wp\/v2\/product_cat?post=770845"},{"taxonomy":"product_tag","embeddable":true,"href":"https:\/\/roveyayinevi.com.tr\/index.php\/wp-json\/wp\/v2\/product_tag?post=770845"}],"curies":[{"name":"wp","href":"https:\/\/api.w.org\/{rel}","templated":true}]}}