{"id":770843,"date":"2025-08-28T14:45:05","date_gmt":"2025-08-28T11:45:05","guid":{"rendered":"https:\/\/roveyayinevi.com.tr\/index.php\/urun\/revizyon-otopsisizm\/"},"modified":"2026-04-15T03:37:13","modified_gmt":"2026-04-15T00:37:13","slug":"revizyon-otopsisizm","status":"publish","type":"product","link":"https:\/\/roveyayinevi.com.tr\/index.php\/urun\/revizyon-otopsisizm\/","title":{"rendered":"Revizyon Otopsi\u015fizm"},"content":{"rendered":"<p>Kendimize her zaman hat\u0131rlat\u0131yoruz: Bizler rafine zevkler ile do\u011fmad\u0131k. Orta direk toplumda e\u015f de\u011ferlerimiz gibi finansal problemlerle felsefeden daha fazla u\u011fra\u015fmak zorunda kalacak ki\u015fileriz. Dolay\u0131s\u0131yla t\u00fcm d\u00fc\u015f\u00fcn ve felsefe gayretlerine ra\u011fmen b\u00fcy\u00fck olas\u0131l\u0131kla basmakal\u0131p bir varolu\u015f yans\u0131t\u0131p gidece\u011fiz d\u00fcnyadan. Kayda de\u011fer bir praksis bile yaratamadan. Sefalet r\u00fc\u015ft\u00fcm\u00fcz\u00fc saklayarak\u2026 Tam da bu bizim d\u00fc\u015f k\u0131r\u0131kl\u0131\u011f\u0131m\u0131z olacakken Voltaire\u2019in s\u00f6z\u00fc daha y\u0131k\u0131c\u0131 bir h\u00e2lde kar\u015f\u0131m\u0131zdad\u0131r art\u0131k: \u201cThales\u2019ten tutun da \u00fcniversitedeki profes\u00f6rlere, en hayalperest ak\u0131l y\u00fcr\u00fct\u00fcc\u00fclere ve onlardan intihal yapanlara kadar hi\u00e7bir filozof oturdu\u011fu soka\u011f\u0131n terbiyesini dahi etkileyememi\u015ftir. Ni\u00e7in? \u00c7\u00fcnk\u00fc insanlar metafizi\u011fe g\u00f6re de\u011fil, \u00e2detlere g\u00f6re hareket eder.\u201d Yine de her \u015feye ra\u011fmen en az\u0131ndan ilk Otopsi\u015fizm\u2019den \u00f6teye ge\u00e7ebilmi\u015f olmak ara form hissiyat\u0131ndan feragat edebilmemizi ve ba\u015far\u0131s\u0131z, metafizik\u00e7i bir filozof olma gayretimizin kasvetinden s\u0131yr\u0131lmay\u0131 bir s\u00fcreli\u011fine sa\u011flayacakt\u0131r. Bu durum, Revizyon Otopsi\u015fizm\u2019i belki de praksis olma ihtimali bak\u0131m\u0131ndan daha anlaml\u0131 k\u0131lar. En az\u0131ndan sonumuz gelmeden \u00f6nce denemi\u015f olduk. \u00d6yle de\u011fil mi? <\/p>\n","protected":false},"excerpt":{"rendered":"<p>Kendimize her zaman hat\u0131rlat\u0131yoruz: Bizler rafine zevkler ile do\u011fmad\u0131k. Orta direk toplumda e\u015f de\u011ferlerimiz gibi finansal problemlerle felsefeden daha fazla u\u011fra\u015fmak zorunda kalacak ki\u015fileriz. Dolay\u0131s\u0131yla t\u00fcm<span class=\"excerpt-hellip\"> [\u2026]<\/span><\/p>\n","protected":false},"featured_media":0,"template":"","meta":{"_monsterinsights_skip_tracking":false,"_monsterinsights_sitenote_active":false,"_monsterinsights_sitenote_note":"","_monsterinsights_sitenote_category":0},"product_brand":[],"product_cat":[12777,12291],"product_tag":[],"class_list":{"0":"post-770843","1":"product","2":"type-product","3":"status-publish","5":"product_cat-deneme","6":"product_cat-edebiyat","7":"pa_cilt-ciltsiz","8":"pa_tur-kitap","9":"pa_yayinevi-doksan-dokuz-yayinlari","10":"pa_yazar-fatih-kiymaz","12":"first","13":"instock","14":"sale","15":"shipping-taxable","16":"purchasable","17":"product-type-simple"},"_links":{"self":[{"href":"https:\/\/roveyayinevi.com.tr\/index.php\/wp-json\/wp\/v2\/product\/770843","targetHints":{"allow":["GET"]}}],"collection":[{"href":"https:\/\/roveyayinevi.com.tr\/index.php\/wp-json\/wp\/v2\/product"}],"about":[{"href":"https:\/\/roveyayinevi.com.tr\/index.php\/wp-json\/wp\/v2\/types\/product"}],"wp:attachment":[{"href":"https:\/\/roveyayinevi.com.tr\/index.php\/wp-json\/wp\/v2\/media?parent=770843"}],"wp:term":[{"taxonomy":"product_brand","embeddable":true,"href":"https:\/\/roveyayinevi.com.tr\/index.php\/wp-json\/wp\/v2\/product_brand?post=770843"},{"taxonomy":"product_cat","embeddable":true,"href":"https:\/\/roveyayinevi.com.tr\/index.php\/wp-json\/wp\/v2\/product_cat?post=770843"},{"taxonomy":"product_tag","embeddable":true,"href":"https:\/\/roveyayinevi.com.tr\/index.php\/wp-json\/wp\/v2\/product_tag?post=770843"}],"curies":[{"name":"wp","href":"https:\/\/api.w.org\/{rel}","templated":true}]}}