{"id":770842,"date":"2025-08-28T14:45:04","date_gmt":"2025-08-28T11:45:04","guid":{"rendered":"https:\/\/roveyayinevi.com.tr\/index.php\/urun\/hapsedilmis-benligi-ozgurlestirmek\/"},"modified":"2026-04-15T03:37:13","modified_gmt":"2026-04-15T00:37:13","slug":"hapsedilmis-benligi-ozgurlestirmek","status":"publish","type":"product","link":"https:\/\/roveyayinevi.com.tr\/index.php\/urun\/hapsedilmis-benligi-ozgurlestirmek\/","title":{"rendered":"Hapsedilmi\u015f Benli\u011fi \u00d6zg\u00fcrle\u015ftirmek"},"content":{"rendered":"<p>Beden yaln\u0131zca etten ve kemikten ibaret de\u011fildir; onda suskun bir benlik de gizlidir. Anoreksiya, bulimiya, zorlay\u0131c\u0131 a\u00e7l\u0131k\u2026 T\u00fcm bu yeme bozukluklar\u0131, yaln\u0131zca bedene ait meseler mi, yoksa i\u00e7indeki suskun benli\u011fin sessiz bir \u00e7\u0131\u011fl\u0131\u011f\u0131 m\u0131? Jeanne Magagna, bu \u00e7al\u0131\u015fmas\u0131yla yeme bozukluklar\u0131n\u0131n derinlerine iniyor; psikoterap\u00f6tik bir bak\u0131\u015fla, bu hastal\u0131klar\u0131n bireyin i\u00e7 d\u00fcnyas\u0131nda nas\u0131l k\u00f6k sald\u0131\u011f\u0131n\u0131, neye kar\u015f\u0131 bir direni\u015f, neyin yoklu\u011funda bir \u00e7are olarak belirdi\u011fini inceliyor. Anorektik beden, yaln\u0131zca bir kayb\u0131n ya da kontrol arzusunun tezah\u00fcr\u00fc de\u011fil, bazen de i\u00e7sel bir sessizli\u011fe hapsolmu\u015f, duyul-mayan bir sesin yank\u0131s\u0131d\u0131r. Hapsedilmi\u015f Benli\u011fi \u00d6zg\u00fcrle\u015ftirmek, yeme bozukluklar\u0131n\u0131 bir semptom olarak de\u011fil, ki\u015finin ya\u015famla ve kendilikle kurdu\u011fu ili\u015fkinin bir yans\u0131mas\u0131 olarak ele al\u0131yor. Magagna, klinik vaka analizleriyle, ebeveyn-\u00e7ocuk ili\u015fkilerinin derinliklerini, i\u00e7sel \u00e7at\u0131\u015fmalar\u0131n beden \u00fczerinden nas\u0131l ifade buldu\u011funu ve psikoterapinin, benli\u011fi \u00f6zg\u00fcrle\u015ftirmedeki rol\u00fcn\u00fc titizlikle ortaya koyuyor. Bireysel psikoterapiden aile dinamiklerine, bilin\u00e7d\u0131\u015f\u0131 s\u00fcre\u00e7ler-den psikanalitik \u00e7\u00f6z\u00fcmlemelere uzanan bu eserde Magagna,  psikoloji literat\u00fcr\u00fcne sadece bireyi daha iyi anlamak isteyen psikoterapistlerin de\u011fil ailelerin de faydalanaca\u011f\u0131 kilit bir eser arma\u011fan ediyor. <\/p>\n","protected":false},"excerpt":{"rendered":"<p>Beden yaln\u0131zca etten ve kemikten ibaret de\u011fildir; onda suskun bir benlik de gizlidir. Anoreksiya, bulimiya, zorlay\u0131c\u0131 a\u00e7l\u0131k\u2026 T\u00fcm bu yeme bozukluklar\u0131, yaln\u0131zca bedene ait meseler mi,<span class=\"excerpt-hellip\"> [\u2026]<\/span><\/p>\n","protected":false},"featured_media":0,"template":"","meta":{"_monsterinsights_skip_tracking":false,"_monsterinsights_sitenote_active":false,"_monsterinsights_sitenote_note":"","_monsterinsights_sitenote_category":0},"product_brand":[],"product_cat":[12357],"product_tag":[],"class_list":{"0":"post-770842","1":"product","2":"type-product","3":"status-publish","5":"product_cat-psikoloji","6":"pa_cilt-ciltsiz","7":"pa_tur-kitap","8":"pa_yayinevi-ideal-kultur-yayincilik","9":"pa_yazar-jeanne-magagna","11":"first","12":"instock","13":"sale","14":"shipping-taxable","15":"purchasable","16":"product-type-simple"},"_links":{"self":[{"href":"https:\/\/roveyayinevi.com.tr\/index.php\/wp-json\/wp\/v2\/product\/770842","targetHints":{"allow":["GET"]}}],"collection":[{"href":"https:\/\/roveyayinevi.com.tr\/index.php\/wp-json\/wp\/v2\/product"}],"about":[{"href":"https:\/\/roveyayinevi.com.tr\/index.php\/wp-json\/wp\/v2\/types\/product"}],"wp:attachment":[{"href":"https:\/\/roveyayinevi.com.tr\/index.php\/wp-json\/wp\/v2\/media?parent=770842"}],"wp:term":[{"taxonomy":"product_brand","embeddable":true,"href":"https:\/\/roveyayinevi.com.tr\/index.php\/wp-json\/wp\/v2\/product_brand?post=770842"},{"taxonomy":"product_cat","embeddable":true,"href":"https:\/\/roveyayinevi.com.tr\/index.php\/wp-json\/wp\/v2\/product_cat?post=770842"},{"taxonomy":"product_tag","embeddable":true,"href":"https:\/\/roveyayinevi.com.tr\/index.php\/wp-json\/wp\/v2\/product_tag?post=770842"}],"curies":[{"name":"wp","href":"https:\/\/api.w.org\/{rel}","templated":true}]}}