{"id":770839,"date":"2025-08-28T14:44:59","date_gmt":"2025-08-28T11:44:59","guid":{"rendered":"https:\/\/roveyayinevi.com.tr\/index.php\/urun\/hicbir-sey-yapmadan-her-seyi-yapmak\/"},"modified":"2026-04-15T03:37:12","modified_gmt":"2026-04-15T00:37:12","slug":"hicbir-sey-yapmadan-her-seyi-yapmak","status":"publish","type":"product","link":"https:\/\/roveyayinevi.com.tr\/index.php\/urun\/hicbir-sey-yapmadan-her-seyi-yapmak\/","title":{"rendered":"Hi\u00e7bir \u015eey Yapmadan Her \u015eeyi Yapmak"},"content":{"rendered":"<p>\u00c7al\u0131\u015fman\u0131n erdem say\u0131ld\u0131\u011f\u0131, her an \u00fcretken olman\u0131n zorunluluk haline geldi\u011fi bug\u00fcn\u00fcn d\u00fcnyas\u0131nda, durup dinlenmenin, eylemsizli\u011fin ve tembelli\u011fin d\u00f6n\u00fc\u015ft\u00fcr\u00fcc\u00fc g\u00fcc\u00fcn\u00fc g\u00f6zden ka\u00e7\u0131r\u0131yor olabilir miyiz? Todd McElroy, modern \u00e7a\u011f\u0131n h\u0131z\u0131na meydan okuyan bu kitab\u0131nda, tembelli\u011fin ve bilin\u00e7li dinlenmenin yarat\u0131c\u0131 d\u00fc\u015f\u00fcnme, \u00fcretkenlik ve zihinsel sa\u011fl\u0131k \u00fczerindeki beklen-medik etkilerini inceliyor. Tembelli\u011fe y\u00fcklenen olumsuz anlamlar\u0131 sorgularken, onu yaln\u0131zca bir hareketsizlik hali olarak de\u011fil, yenilenme, i\u00e7sel derinle\u015fme ve yarat\u0131c\u0131 at\u0131l\u0131m-lar\u0131n kayna\u011f\u0131 olarak ele al\u0131yor. Evrimsel psikolojiden bili\u015fsel bilimlere, antropolojiden modern i\u015f k\u00fclt\u00fcr\u00fcne uzanan geni\u015f bir \u00e7er\u00e7evede, dinlenmenin insan zihni ve toplumsal ya\u015fam \u00fczerindeki kritik rol\u00fcn\u00fc inceliyor. G\u00fcn\u00fc-m\u00fcz \u00e7al\u0131\u015fma k\u00fclt\u00fcr\u00fcn\u00fcn bireyi nas\u0131l t\u00fcketti\u011fini g\u00f6zler \u00f6n\u00fcne sererken, \u00fcretkenli\u011fi art\u0131rman\u0131n yolunun s\u00fcrekli hareket etmek de\u011fil, bazen durmay\u0131 bilmekten ge\u00e7ti\u011fini g\u00f6steriyor. McElroy, Hi\u00e7bir \u015eey Yapmadan Her \u015eeyi Yapmak kitab\u0131yla okuyucular\u0131n\u0131 d\u00fc\u015f\u00fcnme bi\u00e7imini de\u011fi\u015ftirmeye, yarat\u0131c\u0131 zekas\u0131n\u0131 ortaya \u00e7\u0131karmaya ve daha az \u00e7al\u0131\u015fmayla, daha ak\u0131ll\u0131ca ya\u015famaya davet ediyor.  <\/p>\n","protected":false},"excerpt":{"rendered":"<p>\u00c7al\u0131\u015fman\u0131n erdem say\u0131ld\u0131\u011f\u0131, her an \u00fcretken olman\u0131n zorunluluk haline geldi\u011fi bug\u00fcn\u00fcn d\u00fcnyas\u0131nda, durup dinlenmenin, eylemsizli\u011fin ve tembelli\u011fin d\u00f6n\u00fc\u015ft\u00fcr\u00fcc\u00fc g\u00fcc\u00fcn\u00fc g\u00f6zden ka\u00e7\u0131r\u0131yor olabilir miyiz? Todd McElroy, modern<span class=\"excerpt-hellip\"> [\u2026]<\/span><\/p>\n","protected":false},"featured_media":0,"template":"","meta":{"_monsterinsights_skip_tracking":false,"_monsterinsights_sitenote_active":false,"_monsterinsights_sitenote_note":"","_monsterinsights_sitenote_category":0},"product_brand":[],"product_cat":[12388],"product_tag":[],"class_list":{"0":"post-770839","1":"product","2":"type-product","3":"status-publish","5":"product_cat-felsefe","6":"pa_cilt-ciltsiz","7":"pa_tur-kitap","8":"pa_yayinevi-ideal-kultur-yayincilik","9":"pa_yazar-todd-mcelroy","11":"first","12":"instock","13":"sale","14":"shipping-taxable","15":"purchasable","16":"product-type-simple"},"_links":{"self":[{"href":"https:\/\/roveyayinevi.com.tr\/index.php\/wp-json\/wp\/v2\/product\/770839","targetHints":{"allow":["GET"]}}],"collection":[{"href":"https:\/\/roveyayinevi.com.tr\/index.php\/wp-json\/wp\/v2\/product"}],"about":[{"href":"https:\/\/roveyayinevi.com.tr\/index.php\/wp-json\/wp\/v2\/types\/product"}],"wp:attachment":[{"href":"https:\/\/roveyayinevi.com.tr\/index.php\/wp-json\/wp\/v2\/media?parent=770839"}],"wp:term":[{"taxonomy":"product_brand","embeddable":true,"href":"https:\/\/roveyayinevi.com.tr\/index.php\/wp-json\/wp\/v2\/product_brand?post=770839"},{"taxonomy":"product_cat","embeddable":true,"href":"https:\/\/roveyayinevi.com.tr\/index.php\/wp-json\/wp\/v2\/product_cat?post=770839"},{"taxonomy":"product_tag","embeddable":true,"href":"https:\/\/roveyayinevi.com.tr\/index.php\/wp-json\/wp\/v2\/product_tag?post=770839"}],"curies":[{"name":"wp","href":"https:\/\/api.w.org\/{rel}","templated":true}]}}